{"id":23263,"date":"2026-03-18T08:32:30","date_gmt":"2026-03-18T07:32:30","guid":{"rendered":"https:\/\/hidroterm.dmcsrbija.com\/proizvod\/multi-action-tableta-diasa-plava-20gr-1kg\/"},"modified":"2026-03-18T08:32:32","modified_gmt":"2026-03-18T07:32:32","slug":"multi-action-tableta-diasa-plava-20gr-1kg","status":"publish","type":"product","link":"https:\/\/hidroterm.dmcsrbija.com\/ru\/proizvod\/multi-action-tableta-diasa-plava-20gr-1kg\/","title":{"rendered":"Multi action tableta Diasa plava 20gr 1kg"},"content":{"rendered":"<h3 class=\"\" data-start=\"118\" data-end=\"198\"><strong data-start=\"122\" data-end=\"198\">Plava multi tableta 5 u 1 (20 g) \u2013 Idealna za dezinfekciju manjih bazena<\/strong><\/h3>\n<p class=\"\" data-start=\"200\" data-end=\"468\"><strong data-start=\"200\" data-end=\"236\">Plava multi tableta 5 u 1 (20 g)<\/strong> je vi\u0161enamensko sredstvo namenjeno <strong data-start=\"272\" data-end=\"328\">dezinfekciji i preventivnom odr\u017eavanju manjih bazena<\/strong>, koje objedinjuje pet klju\u010dnih funkcija: <strong data-start=\"370\" data-end=\"467\">dezinfekciju, algicidno delovanje, flokulaciju, stabilizaciju hlora i antibakterijsku za\u0161titu<\/strong>.<\/p>\n<p class=\"\" data-start=\"470\" data-end=\"601\">Tableta se <strong data-start=\"481\" data-end=\"522\">postepeno otapa u plutaju\u0107em dozatoru<\/strong>, obezbe\u0111uju\u0107i <strong data-start=\"537\" data-end=\"575\">kontinuiranu za\u0161titu bazenske vode<\/strong> u periodu od 5 do 7 dana.<\/p>\n<h4 data-start=\"608\" data-end=\"638\"><\/h4>\n<h4 class=\"\" data-start=\"608\" data-end=\"638\"><strong data-start=\"613\" data-end=\"638\">Doziranje i upotreba:<\/strong><\/h4>\n<ul data-start=\"640\" data-end=\"1017\">\n<li class=\"\" data-start=\"640\" data-end=\"704\">\n<p class=\"\" data-start=\"642\" data-end=\"704\"><strong data-start=\"642\" data-end=\"683\">1 tableta od 20 g na svakih 2 m\u00b3 vode<\/strong>, svakih <strong data-start=\"692\" data-end=\"704\">5\u20137 dana<\/strong><\/p>\n<\/li>\n<li class=\"\" data-start=\"705\" data-end=\"788\">\n<p class=\"\" data-start=\"707\" data-end=\"788\">Pre upotrebe, nivo pH treba da bude <strong data-start=\"743\" data-end=\"761\">izme\u0111u 7,2\u20137,6<\/strong>, a nivo hlora <strong data-start=\"776\" data-end=\"788\">1\u20132 mg\/l<\/strong><\/p>\n<\/li>\n<li class=\"\" data-start=\"789\" data-end=\"868\">\n<p class=\"\" data-start=\"791\" data-end=\"868\">Koristi se <strong data-start=\"802\" data-end=\"868\">isklju\u010divo za odr\u017eavanje ve\u0107 tretirane vode bez prisustva algi<\/strong><\/p>\n<\/li>\n<li class=\"\" data-start=\"869\" data-end=\"955\">\n<p class=\"\" data-start=\"871\" data-end=\"955\"><strong data-start=\"871\" data-end=\"927\">Ne ubacivati direktno u bazene sa plasti\u010dnom oblogom<\/strong> \u2013 mo\u017ee do\u0107i do izble\u0111ivanja<\/p>\n<\/li>\n<li class=\"\" data-start=\"956\" data-end=\"1017\">\n<p class=\"\" data-start=\"958\" data-end=\"1017\">Doziranje vr\u0161iti u <strong data-start=\"977\" data-end=\"999\">ve\u010dernjim \u010dasovima<\/strong>, kada nema kupa\u010da<\/p>\n<\/li>\n<\/ul>\n<p class=\"\" data-start=\"1019\" data-end=\"1100\">Preporu\u010duje se redovna kontrola pH i hlora pomo\u0107u testera <strong data-start=\"1080\" data-end=\"1099\">dva puta dnevno<\/strong>.<\/p>\n<p class=\"\" data-start=\"1107\" data-end=\"1215\">\u00a0<strong data-start=\"1110\" data-end=\"1215\">Savr\u0161eno re\u0161enje za lako i efikasno odr\u017eavanje manjih bazena \u2013 naru\u010di plavu multi tabletu 5 u 1 sada!<\/strong><\/p>","protected":false},"excerpt":{"rendered":"<p>Plava multi tableta 5 u 1 od 20 g je idealno re\u0161enje za dezinfekciju i preventivno odr\u017eavanje manjih bazena, kombinuju\u0107i algicid, dezinfekciju, flokulant, stabilizator i antibakterijsku za\u0161titu u jednoj tableti.<\/p>","protected":false},"featured_media":23264,"template":"","meta":[],"product_brand":[],"product_cat":[4986,5000],"product_tag":[],"class_list":{"0":"post-23263","1":"product","2":"type-product","3":"status-publish","4":"has-post-thumbnail","6":"product_cat-hemija-za-bazene-bazeni","7":"product_cat-hemija-za-letnje-odrzavanje-bazena","9":"first","10":"instock","11":"sold-individually","12":"purchasable","13":"product-type-simple"},"_links":{"self":[{"href":"https:\/\/hidroterm.dmcsrbija.com\/ru\/wp-json\/wp\/v2\/product\/23263","targetHints":{"allow":["GET"]}}],"collection":[{"href":"https:\/\/hidroterm.dmcsrbija.com\/ru\/wp-json\/wp\/v2\/product"}],"about":[{"href":"https:\/\/hidroterm.dmcsrbija.com\/ru\/wp-json\/wp\/v2\/types\/product"}],"wp:featuredmedia":[{"embeddable":true,"href":"https:\/\/hidroterm.dmcsrbija.com\/ru\/wp-json\/wp\/v2\/media\/23264"}],"wp:attachment":[{"href":"https:\/\/hidroterm.dmcsrbija.com\/ru\/wp-json\/wp\/v2\/media?parent=23263"}],"wp:term":[{"taxonomy":"product_brand","embeddable":true,"href":"https:\/\/hidroterm.dmcsrbija.com\/ru\/wp-json\/wp\/v2\/product_brand?post=23263"},{"taxonomy":"product_cat","embeddable":true,"href":"https:\/\/hidroterm.dmcsrbija.com\/ru\/wp-json\/wp\/v2\/product_cat?post=23263"},{"taxonomy":"product_tag","embeddable":true,"href":"https:\/\/hidroterm.dmcsrbija.com\/ru\/wp-json\/wp\/v2\/product_tag?post=23263"}],"curies":[{"name":"wp","href":"https:\/\/api.w.org\/{rel}","templated":true}]}}