{"id":23261,"date":"2026-03-18T08:32:30","date_gmt":"2026-03-18T07:32:30","guid":{"rendered":"https:\/\/hidroterm.dmcsrbija.com\/proizvod\/hlor-tableta-200g-diasa-1kg\/"},"modified":"2026-03-18T08:32:32","modified_gmt":"2026-03-18T07:32:32","slug":"hlor-tableta-200g-diasa-1kg","status":"publish","type":"product","link":"https:\/\/hidroterm.dmcsrbija.com\/ru\/proizvod\/hlor-tableta-200g-diasa-1kg\/","title":{"rendered":"Hlor tableta 200g Diasa 1kg"},"content":{"rendered":"<h3 class=\"\" data-start=\"96\" data-end=\"156\"><strong data-start=\"100\" data-end=\"156\">Hlor tablete \u2013 Dugotrajna dezinfekcija bazenske vode<\/strong><\/h3>\n<p class=\"\" data-start=\"158\" data-end=\"439\"><strong data-start=\"158\" data-end=\"174\">Hlor tablete<\/strong> su prakti\u010dno i efikasno sredstvo za <strong data-start=\"211\" data-end=\"272\">odr\u017eavanje \u010disto\u0107e i higijenske ispravnosti bazenske vode<\/strong>, idealne za redovno odr\u017eavanje. Tablete se <strong data-start=\"316\" data-end=\"362\">postavljaju u plutaju\u0107i dozator ili skimer<\/strong>, gde se polako otapaju 5\u20137 dana, obezbe\u0111uju\u0107i <strong data-start=\"409\" data-end=\"438\">kontinuiranu dezinfekciju<\/strong>.<\/p>\n<p class=\"\" data-start=\"441\" data-end=\"542\"><strong data-start=\"444\" data-end=\"483\">Jedna tableta tretira do 20 m\u00b3 vode<\/strong>, a kupanje je dozvoljeno dok je tableta prisutna u bazenu.<\/p>\n<p class=\"\" data-start=\"544\" data-end=\"678\">Pre upotrebe podesiti pH vrednost vode na optimalan nivo izme\u0111u <strong data-start=\"610\" data-end=\"623\">7,2 i 7,6<\/strong>, a kontrolu izvr\u0161iti ru\u010dnim ili automatskim testerima.<\/p>\n<p class=\"\" data-start=\"680\" data-end=\"915\">Ne ubacivati direktno u bazene sa plasti\u010dnim oblogama \u2013 mo\u017ee do\u0107i do izble\u0111ivanja boje.<\/p>\n<p class=\"\" data-start=\"680\" data-end=\"915\">\u00a0Za \u0161ok tretman vode pri prvom punjenju, preporu\u010duje se prethodna upotreba <strong data-start=\"850\" data-end=\"866\">hlor granula<\/strong> (10 g\/m\u00b3), uz naknadno pode\u0161avanje pH vrednosti.<\/p>\n<p class=\"\" data-start=\"922\" data-end=\"1010\"><strong data-start=\"925\" data-end=\"1010\">Dodajte u korpu i osigurajte dugotrajnu za\u0161titu bazenske vode uz minimalan napor!<\/strong><\/p>\n<p>&nbsp;<\/p>","protected":false},"excerpt":{"rendered":"<p>Hlor tablete su sredstvo za dugotrajnu dezinfekciju bazenske vode koje se postavlja u dozator ili skimer i obezbe\u0111uje \u010disto\u0107u vode do 7 dana po tableti, uz jednostavno odr\u017eavanje.<\/p>","protected":false},"featured_media":23262,"template":"","meta":[],"product_brand":[],"product_cat":[4986,5000],"product_tag":[],"class_list":{"0":"post-23261","1":"product","2":"type-product","3":"status-publish","4":"has-post-thumbnail","6":"product_cat-hemija-za-bazene-bazeni","7":"product_cat-hemija-za-letnje-odrzavanje-bazena","9":"first","10":"instock","11":"sold-individually","12":"purchasable","13":"product-type-simple"},"_links":{"self":[{"href":"https:\/\/hidroterm.dmcsrbija.com\/ru\/wp-json\/wp\/v2\/product\/23261","targetHints":{"allow":["GET"]}}],"collection":[{"href":"https:\/\/hidroterm.dmcsrbija.com\/ru\/wp-json\/wp\/v2\/product"}],"about":[{"href":"https:\/\/hidroterm.dmcsrbija.com\/ru\/wp-json\/wp\/v2\/types\/product"}],"wp:featuredmedia":[{"embeddable":true,"href":"https:\/\/hidroterm.dmcsrbija.com\/ru\/wp-json\/wp\/v2\/media\/23262"}],"wp:attachment":[{"href":"https:\/\/hidroterm.dmcsrbija.com\/ru\/wp-json\/wp\/v2\/media?parent=23261"}],"wp:term":[{"taxonomy":"product_brand","embeddable":true,"href":"https:\/\/hidroterm.dmcsrbija.com\/ru\/wp-json\/wp\/v2\/product_brand?post=23261"},{"taxonomy":"product_cat","embeddable":true,"href":"https:\/\/hidroterm.dmcsrbija.com\/ru\/wp-json\/wp\/v2\/product_cat?post=23261"},{"taxonomy":"product_tag","embeddable":true,"href":"https:\/\/hidroterm.dmcsrbija.com\/ru\/wp-json\/wp\/v2\/product_tag?post=23261"}],"curies":[{"name":"wp","href":"https:\/\/api.w.org\/{rel}","templated":true}]}}