{"id":23255,"date":"2026-03-18T08:32:30","date_gmt":"2026-03-18T07:32:30","guid":{"rendered":"https:\/\/hidroterm.dmcsrbija.com\/proizvod\/ovalni-montazni-bazen-gre-ukopni-set-8x4x1-5\/"},"modified":"2026-03-18T08:32:31","modified_gmt":"2026-03-18T07:32:31","slug":"ovalni-montazni-bazen-gre-ukopni-set-8x4x1-5","status":"publish","type":"product","link":"https:\/\/hidroterm.dmcsrbija.com\/ru\/proizvod\/ovalni-montazni-bazen-gre-ukopni-set-8x4x1-5\/","title":{"rendered":"Ovalni monta\u017eni bazen GRE ukopni &#8211; set 8x4x1.5"},"content":{"rendered":"<h2><strong>Monta\u017eni bazeni GRE ukopni 8x4x1.5m<\/strong><\/h2>\n<p>Nudimo vam monta\u017ene bazene GRE, koji su proizvedeni u \u0160paniji i u potpunosti odgovaraju va\u017ee\u0107im evropskim standardima. Set za bazen uklju\u010duje svu potrebnu opremu za monta\u017eu, uklju\u010duju\u0107i pocinkovani lim, filc, skimer, filter za pesak, set za povezivanje i sigurnosne merdevine.<\/p>\n<p><strong>Va\u017eno:<\/strong>\u00a0Bazeni se isporu\u010duju u setu koji uklju\u010duje sve potrebne komponente.<\/p>\n<h3><strong>Sadr\u017eaj kompleta:<\/strong><\/h3>\n<ul>\n<li><strong>Plava PVC obloga<\/strong>\u00a0sa anti-UV tretmanom<\/li>\n<li><strong>Filter i pumpa<\/strong>\u00a0sa peskom<\/li>\n<li><strong>Pocinkovani lim<\/strong>\u00a0od ner\u0111aju\u0107eg \u010delika<\/li>\n<li><strong>Skimer<\/strong><\/li>\n<li><strong>Priklju\u010dna creva i spojnice<\/strong><\/li>\n<li><strong>Merdevine<\/strong><\/li>\n<\/ul>\n<h3><strong>Garancija:<\/strong><\/h3>\n<ul>\n<li><strong>Metalna konstrukcija:<\/strong>\u00a04 godine garancije<\/li>\n<li><strong>Ostale komponente:<\/strong>\u00a02 godine garancije<\/li>\n<\/ul>\n<h3><strong>Cena monta\u017ee bazena:<\/strong><\/h3>\n<ul>\n<li><strong>Za bazene dimenzija 5m i 6m:<\/strong><br \/>\nCena monta\u017ee: 600 EUR + putni tro\u0161kovi i sme\u0161taj za radnike<br \/>\nPlanirani rok monta\u017ee: 2 dana (potrebno obezbediti hidrantni priklju\u010dak vode)<br \/>\nSvaki naredni dan monta\u017ee: +100 EUR<\/li>\n<li><strong>Za bazene dimenzija 7m i 8m:<\/strong><br \/>\nCena monta\u017ee: 800 EUR + putni tro\u0161kovi i sme\u0161taj za radnike<br \/>\nPlanirani rok monta\u017ee: 2 dana (potrebno obezbediti hidrantni priklju\u010dak vode)<br \/>\nSvaki naredni dan monta\u017ee: +100 EUR<\/li>\n<\/ul>\n<p><strong>Prednosti:<\/strong>\u00a0Ovaj tip bazena omogu\u0107ava ugradnju dodatne opreme koja se mo\u017ee ugraditi i u betonske bazene. Tako\u0111e, debeljina lajnera i \u010deli\u010dne konstrukcije je standardizovana, sa debljinom od\u00a0<strong>0.8 mm<\/strong>.<\/p>\n<p><strong>*Na\u0161a firma ne izvodi gra\u0111evinske radove!<\/strong><\/p>\n<h3><strong>Podaci o gra\u0111evinskim radovima:<\/strong><\/h3>\n<ul>\n<li><strong>Iskop:<\/strong>\u00a0Potrebno je napraviti iskop temelja za bazen.<\/li>\n<li><strong>Tampon sloj:<\/strong>\u00a0Debljina 10 cm.<\/li>\n<li><strong>Armaturna mre\u017ea i betonska plo\u010da:<\/strong>\u00a0Debljina 15 cm.<\/li>\n<li><strong>Potporni betonski zidovi:<\/strong>\u00a0Dva armirana betonska zida.<\/li>\n<\/ul>\n<p>Nakon zavr\u0161ene monta\u017ee, preostale strane bazena potrebno je obzidati betonskim blokom i zatrpati.<\/p>\n<h3><strong>Ma\u0161inska soba:<\/strong><\/h3>\n<ul>\n<li><strong>Dimenzije:<\/strong>\u00a02\u00d72 m, sa visinom 0.2 m ni\u017eom od plo\u010de bazena.<\/li>\n<li>U ma\u0161inskoj sobi se nalazi filter i pumpa.<\/li>\n<li>Potrebno je napraviti malu prelivnu jamu dimenzija 0.5m x 0.5m.<\/li>\n<li>Priklju\u010dci: Za vodu, struju i odvod za vodu.<\/li>\n<\/ul>\n<p><strong>Obaveza investitora:<\/strong><\/p>\n<ul>\n<li>Obezbediti\u00a0<strong>hranu i sme\u0161taj<\/strong>\u00a0za radnike (1-2 no\u0107enja, zavisno od veli\u010dine bazena).<\/li>\n<\/ul>\n<p>Za sve dodatne informacije ili pomo\u0107 u odabiru odgovaraju\u0107eg bazena, slobodno nas kontaktirajte!<\/p>\n<p><iframe src=\"https:\/\/www.youtube.com\/embed\/yK8pb4OrM7Y?start=2&amp;feature=oembed\" width=\"800\" height=\"450\" frameborder=\"0\" allowfullscreen=\"allowfullscreen\"><\/iframe><\/p>","protected":false},"excerpt":{"rendered":"<p>Monta\u017eni bazeni GRE proizvedeni u \u0160paniji, uskla\u0111eni sa evropskim standardima, dolaze sa kompletnom opremom za monta\u017eu, uklju\u010duju\u0107i PVC oblogu, filter, pumpu, skimer, merdevine, te garancijom na metalnu konstrukciju 4 godine i 2 godine na ostale komponente.<\/p>","protected":false},"featured_media":23256,"template":"","meta":[],"product_brand":[],"product_cat":[5003,5063],"product_tag":[],"class_list":{"0":"post-23255","1":"product","2":"type-product","3":"status-publish","4":"has-post-thumbnail","6":"product_cat-montazni-bazeni-od-pocinkovanog-lima","7":"product_cat-montazni-bazeni-ukopni-1-5m","9":"first","10":"instock","11":"sold-individually","12":"purchasable","13":"product-type-simple"},"_links":{"self":[{"href":"https:\/\/hidroterm.dmcsrbija.com\/ru\/wp-json\/wp\/v2\/product\/23255","targetHints":{"allow":["GET"]}}],"collection":[{"href":"https:\/\/hidroterm.dmcsrbija.com\/ru\/wp-json\/wp\/v2\/product"}],"about":[{"href":"https:\/\/hidroterm.dmcsrbija.com\/ru\/wp-json\/wp\/v2\/types\/product"}],"wp:featuredmedia":[{"embeddable":true,"href":"https:\/\/hidroterm.dmcsrbija.com\/ru\/wp-json\/wp\/v2\/media\/23256"}],"wp:attachment":[{"href":"https:\/\/hidroterm.dmcsrbija.com\/ru\/wp-json\/wp\/v2\/media?parent=23255"}],"wp:term":[{"taxonomy":"product_brand","embeddable":true,"href":"https:\/\/hidroterm.dmcsrbija.com\/ru\/wp-json\/wp\/v2\/product_brand?post=23255"},{"taxonomy":"product_cat","embeddable":true,"href":"https:\/\/hidroterm.dmcsrbija.com\/ru\/wp-json\/wp\/v2\/product_cat?post=23255"},{"taxonomy":"product_tag","embeddable":true,"href":"https:\/\/hidroterm.dmcsrbija.com\/ru\/wp-json\/wp\/v2\/product_tag?post=23255"}],"curies":[{"name":"wp","href":"https:\/\/api.w.org\/{rel}","templated":true}]}}