{"id":23229,"date":"2026-03-18T08:32:23","date_gmt":"2026-03-18T07:32:23","guid":{"rendered":"https:\/\/hidroterm.dmcsrbija.com\/proizvod\/keramika-mozaik-nero-maldivi\/"},"modified":"2026-03-18T08:32:26","modified_gmt":"2026-03-18T07:32:26","slug":"keramika-mozaik-nero-maldivi","status":"publish","type":"product","link":"https:\/\/hidroterm.dmcsrbija.com\/ru\/proizvod\/keramika-mozaik-nero-maldivi\/","title":{"rendered":"Keramika mozaik Nero Maldivi"},"content":{"rendered":"<p>Stakleni mozaik Maldivi Mix u kombinaciji plave boje koje odaju utisak presijavanja kao da ste na moru.<\/p>\n<table id=\"tab_doIDc3LjXi\" class=\"tabtable-gr_alterora_elemental_2_grey_1s1\" data-ruleset=\"gr.alterora.elemental_2_grey.xml:gr.alterora.elemental_2_grey_1s1\">\n<tbody>\n<tr class=\"tabrow tdmin_1h\">\n<td class=\"tabcol\">Model<\/td>\n<td class=\"tabcol\">Veli\u010dina mozaika<\/td>\n<td class=\"tabcol\">Dimenzija plo\u010dice<\/td>\n<td class=\"tabcol\">m2 u pakovanju<\/td>\n<\/tr>\n<tr class=\"tabrow\">\n<td class=\"tabcol\">Maldivi<\/td>\n<td class=\"tabcol\">48*48<\/td>\n<td class=\"tabcol\">306*306 mre\u017eica<\/td>\n<td class=\"tabcol\">2,056<\/td>\n<\/tr>\n<\/tbody>\n<\/table>","protected":false},"excerpt":{"rendered":"<p>Stakleni mozaik Maldivi Mix u kombinaciji plave boje koje odaju utisak presijavanja kao da ste na moru. Model Veli\u010dina mozaika Dimenzija plo\u010dice m2 u pakovanju Maldivi 48*48 306*306 mre\u017eica 2,056<\/p>","protected":false},"featured_media":23230,"template":"","meta":[],"product_brand":[],"product_cat":[4995,4994,4997],"product_tag":[],"class_list":{"0":"post-23229","1":"product","2":"type-product","3":"status-publish","4":"has-post-thumbnail","6":"product_cat-mozaik-za-bazene","7":"product_cat-obloge-za-bazene","8":"product_cat-stakleni-mozaik-exclusive","10":"first","11":"instock","12":"sold-individually","13":"purchasable","14":"product-type-simple"},"_links":{"self":[{"href":"https:\/\/hidroterm.dmcsrbija.com\/ru\/wp-json\/wp\/v2\/product\/23229","targetHints":{"allow":["GET"]}}],"collection":[{"href":"https:\/\/hidroterm.dmcsrbija.com\/ru\/wp-json\/wp\/v2\/product"}],"about":[{"href":"https:\/\/hidroterm.dmcsrbija.com\/ru\/wp-json\/wp\/v2\/types\/product"}],"wp:featuredmedia":[{"embeddable":true,"href":"https:\/\/hidroterm.dmcsrbija.com\/ru\/wp-json\/wp\/v2\/media\/23230"}],"wp:attachment":[{"href":"https:\/\/hidroterm.dmcsrbija.com\/ru\/wp-json\/wp\/v2\/media?parent=23229"}],"wp:term":[{"taxonomy":"product_brand","embeddable":true,"href":"https:\/\/hidroterm.dmcsrbija.com\/ru\/wp-json\/wp\/v2\/product_brand?post=23229"},{"taxonomy":"product_cat","embeddable":true,"href":"https:\/\/hidroterm.dmcsrbija.com\/ru\/wp-json\/wp\/v2\/product_cat?post=23229"},{"taxonomy":"product_tag","embeddable":true,"href":"https:\/\/hidroterm.dmcsrbija.com\/ru\/wp-json\/wp\/v2\/product_tag?post=23229"}],"curies":[{"name":"wp","href":"https:\/\/api.w.org\/{rel}","templated":true}]}}