{"id":23223,"date":"2026-03-18T08:32:23","date_gmt":"2026-03-18T07:32:23","guid":{"rendered":"https:\/\/hidroterm.dmcsrbija.com\/proizvod\/stakleni-mozaik-nero-big-blue-a33a34a36\/"},"modified":"2026-03-18T08:32:24","modified_gmt":"2026-03-18T07:32:24","slug":"stakleni-mozaik-nero-big-blue-a33a34a36","status":"publish","type":"product","link":"https:\/\/hidroterm.dmcsrbija.com\/ru\/proizvod\/stakleni-mozaik-nero-big-blue-a33a34a36\/","title":{"rendered":"Stakleni mozaik Nero Big Blue A33+A34+A36"},"content":{"rendered":"<p>Stakleni mozaik Big Blue u kombinaciji razli\u010ditih nijansi plave boje. Dimenzija sastavnih delova plo\u010dica 50x50mm, dimenzija plo\u010dice 315x315mm.<\/p>\n<p>&nbsp;<\/p>\n<table id=\"tab_gJ47h3YQLP\" class=\"tabtable-gr_alterora_elemental_2_grey_1s1\" style=\"width: 100%\" data-ruleset=\"gr.alterora.elemental_2_grey.xml:gr.alterora.elemental_2_grey_1s1\">\n<tbody>\n<tr class=\"tabrow tdmin_1h\">\n<td class=\"tabcol\">Model<\/td>\n<td class=\"tabcol\">Veli\u010dina mozaika<\/td>\n<td class=\"tabcol\">Dimenzija plo\u010dice<\/td>\n<td class=\"tabcol\">m2 u pakovanju<\/td>\n<\/tr>\n<tr class=\"tabrow\">\n<td class=\"tabcol\">Big blue 50a33+50a34+50a36<\/td>\n<td class=\"tabcol\">50*50<\/td>\n<td class=\"tabcol\">315*315mre\u017eica<\/td>\n<td class=\"tabcol\">1,47<\/td>\n<\/tr>\n<\/tbody>\n<\/table>","protected":false},"excerpt":{"rendered":"<p>Stakleni mozaik Big Blue u kombinaciji razli\u010ditih nijansi plave boje. Dimenzija sastavnih delova plo\u010dica 50x50mm, dimenzija plo\u010dice 315x315mm. &nbsp; Model Veli\u010dina mozaika Dimenzija plo\u010dice m2 u pakovanju Big blue 50a33+50a34+50a36 50*50 315*315mre\u017eica 1,47<\/p>","protected":false},"featured_media":23224,"template":"","meta":[],"product_brand":[],"product_cat":[4995,4994,4997],"product_tag":[],"class_list":{"0":"post-23223","1":"product","2":"type-product","3":"status-publish","4":"has-post-thumbnail","6":"product_cat-mozaik-za-bazene","7":"product_cat-obloge-za-bazene","8":"product_cat-stakleni-mozaik-exclusive","10":"first","11":"instock","12":"sold-individually","13":"purchasable","14":"product-type-simple"},"_links":{"self":[{"href":"https:\/\/hidroterm.dmcsrbija.com\/ru\/wp-json\/wp\/v2\/product\/23223","targetHints":{"allow":["GET"]}}],"collection":[{"href":"https:\/\/hidroterm.dmcsrbija.com\/ru\/wp-json\/wp\/v2\/product"}],"about":[{"href":"https:\/\/hidroterm.dmcsrbija.com\/ru\/wp-json\/wp\/v2\/types\/product"}],"wp:featuredmedia":[{"embeddable":true,"href":"https:\/\/hidroterm.dmcsrbija.com\/ru\/wp-json\/wp\/v2\/media\/23224"}],"wp:attachment":[{"href":"https:\/\/hidroterm.dmcsrbija.com\/ru\/wp-json\/wp\/v2\/media?parent=23223"}],"wp:term":[{"taxonomy":"product_brand","embeddable":true,"href":"https:\/\/hidroterm.dmcsrbija.com\/ru\/wp-json\/wp\/v2\/product_brand?post=23223"},{"taxonomy":"product_cat","embeddable":true,"href":"https:\/\/hidroterm.dmcsrbija.com\/ru\/wp-json\/wp\/v2\/product_cat?post=23223"},{"taxonomy":"product_tag","embeddable":true,"href":"https:\/\/hidroterm.dmcsrbija.com\/ru\/wp-json\/wp\/v2\/product_tag?post=23223"}],"curies":[{"name":"wp","href":"https:\/\/api.w.org\/{rel}","templated":true}]}}