{"id":23209,"date":"2026-03-18T08:32:17","date_gmt":"2026-03-18T07:32:17","guid":{"rendered":"https:\/\/hidroterm.dmcsrbija.com\/proizvod\/stakleni-mozaik-nero-desert-a23a26g23\/"},"modified":"2026-03-18T08:32:22","modified_gmt":"2026-03-18T07:32:22","slug":"stakleni-mozaik-nero-desert-a23a26g23","status":"publish","type":"product","link":"https:\/\/hidroterm.dmcsrbija.com\/ru\/proizvod\/stakleni-mozaik-nero-desert-a23a26g23\/","title":{"rendered":"Stakleni mozaik Nero Desert A23+A26+G23"},"content":{"rendered":"<p>Dr\u017eite se modnih trendova i stvarajte alternativne i lepe povr\u0161ine, isprekidane sjajem, kao da valovi koji se polako preplic\u0301u sa svetlo\u0161c\u0301u zalaska sunca. Deser stakleni mozaik u\u00a0kombinaciji svetlijih pastelnih boja koje se presijavaju. Za bazene, kuhinje i kupatila.<\/p>\n<p>{tabulizer:include style[gr.alterora.elemental_2_grey.css] id[tab_VNfH301UaF]}<\/p>\n<table id=\"tab_VNfH301UaF\" class=\"tabtable-gr_alterora_elemental_2_grey_1s1\" style=\"width: 100%\" data-ruleset=\"gr.alterora.elemental_2_grey.xml:gr.alterora.elemental_2_grey_1s1\">\n<tbody>\n<tr class=\"tabrow tdmin_1h\">\n<td class=\"tabcol\">Model<\/td>\n<td class=\"tabcol\">Veli\u010dina mozaika<\/td>\n<td class=\"tabcol\">Dimenzija plo\u010dice<\/td>\n<td class=\"tabcol\">m2 u pakovanju<\/td>\n<\/tr>\n<tr class=\"tabrow \">\n<td class=\"tabcol\">Desert A23+A26+G23<\/td>\n<td class=\"tabcol\">20*20<\/td>\n<td class=\"tabcol\">327*327mre\u017eica<\/td>\n<td class=\"tabcol\">2,14<\/td>\n<\/tr>\n<\/tbody>\n<\/table>\n","protected":false},"excerpt":{"rendered":"<p>Dr\u017eite se modnih trendova i stvarajte alternativne i lepe povr\u0161ine, isprekidane sjajem, kao da valovi koji se polako preplic\u0301u sa svetlo\u0161c\u0301u zalaska sunca. Deser stakleni mozaik u\u00a0kombinaciji svetlijih pastelnih boja koje se presijavaju. Za bazene, kuhinje i kupatila. {tabulizer:include style[gr.alterora.elemental_2_grey.css] id[tab_VNfH301UaF]} Model Veli\u010dina mozaika Dimenzija plo\u010dice m2 u pakovanju Desert A23+A26+G23 20*20 327*327mre\u017eica 2,14<\/p>\n","protected":false},"featured_media":23210,"template":"","meta":[],"product_brand":[],"product_cat":[4995,4994,4997],"product_tag":[],"class_list":{"0":"post-23209","1":"product","2":"type-product","3":"status-publish","4":"has-post-thumbnail","6":"product_cat-mozaik-za-bazene","7":"product_cat-obloge-za-bazene","8":"product_cat-stakleni-mozaik-exclusive","10":"first","11":"instock","12":"sold-individually","13":"purchasable","14":"product-type-simple"},"_links":{"self":[{"href":"https:\/\/hidroterm.dmcsrbija.com\/ru\/wp-json\/wp\/v2\/product\/23209","targetHints":{"allow":["GET"]}}],"collection":[{"href":"https:\/\/hidroterm.dmcsrbija.com\/ru\/wp-json\/wp\/v2\/product"}],"about":[{"href":"https:\/\/hidroterm.dmcsrbija.com\/ru\/wp-json\/wp\/v2\/types\/product"}],"wp:featuredmedia":[{"embeddable":true,"href":"https:\/\/hidroterm.dmcsrbija.com\/ru\/wp-json\/wp\/v2\/media\/23210"}],"wp:attachment":[{"href":"https:\/\/hidroterm.dmcsrbija.com\/ru\/wp-json\/wp\/v2\/media?parent=23209"}],"wp:term":[{"taxonomy":"product_brand","embeddable":true,"href":"https:\/\/hidroterm.dmcsrbija.com\/ru\/wp-json\/wp\/v2\/product_brand?post=23209"},{"taxonomy":"product_cat","embeddable":true,"href":"https:\/\/hidroterm.dmcsrbija.com\/ru\/wp-json\/wp\/v2\/product_cat?post=23209"},{"taxonomy":"product_tag","embeddable":true,"href":"https:\/\/hidroterm.dmcsrbija.com\/ru\/wp-json\/wp\/v2\/product_tag?post=23209"}],"curies":[{"name":"wp","href":"https:\/\/api.w.org\/{rel}","templated":true}]}}