{"id":23201,"date":"2026-03-18T08:32:17","date_gmt":"2026-03-18T07:32:17","guid":{"rendered":"https:\/\/hidroterm.dmcsrbija.com\/proizvod\/camel-solarni-kolektor-za-grejanje-bazene\/"},"modified":"2026-03-18T08:32:21","modified_gmt":"2026-03-18T07:32:21","slug":"camel-solarni-kolektor-za-grejanje-bazene","status":"publish","type":"product","link":"https:\/\/hidroterm.dmcsrbija.com\/ru\/proizvod\/camel-solarni-kolektor-za-grejanje-bazene\/","title":{"rendered":"Camel solarni kolektor za grejanje bazene"},"content":{"rendered":"<p>NOVO &#8211; Kolektori za bazene &#8211; sa premazom sa unutra\u0161nje strane bakarnih cevi &#8211; novost na srpskom tr\u017ei\u0161tu<\/p>\n<p>\u2022 Kolektori za bazene &#8211; hlorisanu vodu mogu\u0107e pu\u0161tati direktno kroz kolektore &#8211; izmenjiva\u010d nije potreban!<br \/>\nPrevlaka trpi od 0.1 &#8211; 0.5 % hlora, i Ph od 5.5 do 8.<br \/>\n\u2022 Otvoreni bazen jedan kolektor od 2.0m2 &#8211; 7-8 m3 od Aprila do Septembra sa target temperaturom bazenske vode od 28 \u00b0C<br \/>\n\u2022 Zatvoreni bazen jedan kolektor od 2.0m2 &#8211; 5-6 m3 tokom cele godine sa target temperaturom bazenske vode od 28 \u00b0C<\/p>","protected":false},"excerpt":{"rendered":"<p>NOVO &#8211; Kolektori za bazene &#8211; sa premazom sa unutra\u0161nje strane bakarnih cevi &#8211; novost na srpskom tr\u017ei\u0161tu \u2022 Kolektori za bazene &#8211; hlorisanu vodu mogu\u0107e pu\u0161tati direktno kroz kolektore &#8211; izmenjiva\u010d nije potreban! Prevlaka trpi od 0.1 &#8211; 0.5 % hlora, i Ph od 5.5 do 8. \u2022 Otvoreni bazen jedan kolektor od 2.0m2 [&hellip;]<\/p>\n","protected":false},"featured_media":23202,"template":"","meta":[],"product_brand":[],"product_cat":[4961,5074],"product_tag":[],"class_list":{"0":"post-23201","1":"product","2":"type-product","3":"status-publish","4":"has-post-thumbnail","6":"product_cat-oprema-za-grejanje-vode","7":"product_cat-solarni-grejaci-za-bazene","9":"first","10":"instock","11":"sold-individually","12":"purchasable","13":"product-type-simple"},"_links":{"self":[{"href":"https:\/\/hidroterm.dmcsrbija.com\/ru\/wp-json\/wp\/v2\/product\/23201","targetHints":{"allow":["GET"]}}],"collection":[{"href":"https:\/\/hidroterm.dmcsrbija.com\/ru\/wp-json\/wp\/v2\/product"}],"about":[{"href":"https:\/\/hidroterm.dmcsrbija.com\/ru\/wp-json\/wp\/v2\/types\/product"}],"wp:featuredmedia":[{"embeddable":true,"href":"https:\/\/hidroterm.dmcsrbija.com\/ru\/wp-json\/wp\/v2\/media\/23202"}],"wp:attachment":[{"href":"https:\/\/hidroterm.dmcsrbija.com\/ru\/wp-json\/wp\/v2\/media?parent=23201"}],"wp:term":[{"taxonomy":"product_brand","embeddable":true,"href":"https:\/\/hidroterm.dmcsrbija.com\/ru\/wp-json\/wp\/v2\/product_brand?post=23201"},{"taxonomy":"product_cat","embeddable":true,"href":"https:\/\/hidroterm.dmcsrbija.com\/ru\/wp-json\/wp\/v2\/product_cat?post=23201"},{"taxonomy":"product_tag","embeddable":true,"href":"https:\/\/hidroterm.dmcsrbija.com\/ru\/wp-json\/wp\/v2\/product_tag?post=23201"}],"curies":[{"name":"wp","href":"https:\/\/api.w.org\/{rel}","templated":true}]}}