{"id":23198,"date":"2026-03-18T08:32:17","date_gmt":"2026-03-18T07:32:17","guid":{"rendered":"https:\/\/hidroterm.dmcsrbija.com\/proizvod\/ugradni-automatski-sigurni-prekrivac-8x4\/"},"modified":"2026-03-18T08:32:20","modified_gmt":"2026-03-18T07:32:20","slug":"ugradni-automatski-sigurni-prekrivac-8x4","status":"publish","type":"product","link":"https:\/\/hidroterm.dmcsrbija.com\/ru\/proizvod\/ugradni-automatski-sigurni-prekrivac-8x4\/","title":{"rendered":"Ugradni automatski sigurni prekriva\u010d 8&#215;4"},"content":{"rendered":"<p class=\"\" data-start=\"120\" data-end=\"223\"><strong data-start=\"120\" data-end=\"223\">Automatski prekriva\u010d bazena sa skrivenim valjkom 8x4m &#8211; Elegantan i efikasan sistem za\u0161tite za va\u0161 bazen<\/strong><\/p>\n<p class=\"\" data-start=\"225\" data-end=\"680\">Na\u0161 <strong data-start=\"229\" data-end=\"287\">automatski prekriva\u010d bazena sa skrivenim roler-valjkom<\/strong> predstavlja najnoviju tehnologiju za sigurno i estetski privla\u010dno pokrivanje va\u0161eg bazena. Sistem je dizajniran da prekriva\u010d automatski sakuplja sa ivice bazena, a nakon \u0161to se potpuno povu\u010de, valjak se potpuno sakriva. Ovaj napredni sistem omogu\u0107ava da prostor oko va\u0161eg bazena ostane \u010dist, uredan i potpuno otvoren, bez vidljivih instalacija, \u010dime va\u0161 bazen izgleda moderno i sofisticirano.<\/p>\n<p class=\"\" data-start=\"682\" data-end=\"726\"><strong data-start=\"682\" data-end=\"726\">Tehnolo\u0161ka platforma za skrivanje valjka<\/strong><\/p>\n<p class=\"\" data-start=\"728\" data-end=\"1197\">Kao dodatak va\u0161em automatskom prekriva\u010du, nudimo opciju postavljanja <strong data-start=\"797\" data-end=\"821\">tehnolo\u0161ke platforme<\/strong> koja potpuno sakriva valjak, pru\u017eaju\u0107i va\u0161em bazenu \u010dist i estetski ugodan izgled. Platforma se postavlja na specijalne grede koje omogu\u0107avaju da valjak i sve komponente sistema budu nevidljivi, dok istovremeno omogu\u0107avaju slobodan pristup i upotrebu prostora platforme. Ovaj sistem ne samo da omogu\u0107ava visoku funkcionalnost, ve\u0107 i doprinosi savremenom dizajnu va\u0161eg bazena.<\/p>\n<p class=\"\" data-start=\"1199\" data-end=\"1262\"><strong data-start=\"1199\" data-end=\"1262\">Prilago\u0111en prekriva\u010d za bazen dimenzija 8x4m<\/strong><\/p>\n<p class=\"\" data-start=\"1264\" data-end=\"1765\">Za bazene sa standardnim dimenzijama poput <strong data-start=\"1307\" data-end=\"1315\">8x4m<\/strong>, na\u0161 sistem automatskog prekriva\u010da pru\u017ea savr\u0161en fit, osiguravaju\u0107i da je bazen potpuno za\u0161ti\u0107en, a prekriva\u010d funkcionalan i jednostavan za upotrebu. Za bazene nepravilnog oblika ili specifi\u010dnih dimenzija, mo\u017eemo kombinovati vi\u0161e valjaka, omogu\u0107avaju\u0107i precizno i efikasno pokrivanje prostora bez kompromisa u funkcionalnosti ili estetskom izgledu. Dostupan je i za bazen dimenzija 10&#215;5 i 12x6m.<\/p>\n<p class=\"\" data-start=\"1767\" data-end=\"1785\"><strong data-start=\"1767\" data-end=\"1785\">Cena i monta\u017ea<\/strong><\/p>\n<p class=\"\" data-start=\"1787\" data-end=\"2018\">Monta\u017ea automatskog prekriva\u010da uklju\u010duje <strong data-start=\"1828\" data-end=\"1848\">cenu od 1500 EUR. <\/strong>Na\u0161 tim se pobrinut \u0107e da ceo sistem bude ispravno postavljen i spreman za upotrebu.<\/p>\n<div style=\"width: 503px;max-width: 100%;margin: 0\"><iframe src=\"https:\/\/www.youtube.com\/embed\/L_sTrSNrQNw\" width=\"503\" height=\"283\" frameborder=\"0\" allowfullscreen=\"allowfullscreen\"><br \/>\n<\/iframe><\/div>","protected":false},"excerpt":{"rendered":"<p>Automatski prekriva\u010d bazena sa skrivenim valjkom za bazen dimenzija 8x4m pru\u017ea elegantnu i efikasnu za\u0161titu uz tehnologiju skrivenog valjka i platforme.<\/p>","protected":false},"featured_media":23199,"template":"","meta":[],"product_brand":[],"product_cat":[4968,5073],"product_tag":[],"class_list":{"0":"post-23198","1":"product","2":"type-product","3":"status-publish","4":"has-post-thumbnail","6":"product_cat-prekrivke-za-bazene","7":"product_cat-sigurnosni-roletna-prekrivaci","9":"first","10":"instock","11":"sold-individually","12":"purchasable","13":"product-type-simple"},"_links":{"self":[{"href":"https:\/\/hidroterm.dmcsrbija.com\/ru\/wp-json\/wp\/v2\/product\/23198","targetHints":{"allow":["GET"]}}],"collection":[{"href":"https:\/\/hidroterm.dmcsrbija.com\/ru\/wp-json\/wp\/v2\/product"}],"about":[{"href":"https:\/\/hidroterm.dmcsrbija.com\/ru\/wp-json\/wp\/v2\/types\/product"}],"wp:featuredmedia":[{"embeddable":true,"href":"https:\/\/hidroterm.dmcsrbija.com\/ru\/wp-json\/wp\/v2\/media\/23199"}],"wp:attachment":[{"href":"https:\/\/hidroterm.dmcsrbija.com\/ru\/wp-json\/wp\/v2\/media?parent=23198"}],"wp:term":[{"taxonomy":"product_brand","embeddable":true,"href":"https:\/\/hidroterm.dmcsrbija.com\/ru\/wp-json\/wp\/v2\/product_brand?post=23198"},{"taxonomy":"product_cat","embeddable":true,"href":"https:\/\/hidroterm.dmcsrbija.com\/ru\/wp-json\/wp\/v2\/product_cat?post=23198"},{"taxonomy":"product_tag","embeddable":true,"href":"https:\/\/hidroterm.dmcsrbija.com\/ru\/wp-json\/wp\/v2\/product_tag?post=23198"}],"curies":[{"name":"wp","href":"https:\/\/api.w.org\/{rel}","templated":true}]}}