{"id":23194,"date":"2026-03-18T08:32:17","date_gmt":"2026-03-18T07:32:17","guid":{"rendered":"https:\/\/hidroterm.dmcsrbija.com\/proizvod\/izmenjivac-toplote-maxdapra-cevni-plastic-titanium-line-d-kwt-ti-45-46-kw\/"},"modified":"2026-03-18T08:32:20","modified_gmt":"2026-03-18T07:32:20","slug":"izmenjivac-toplote-maxdapra-cevni-plastic-titanium-line-d-kwt-ti-45-46-kw","status":"publish","type":"product","link":"https:\/\/hidroterm.dmcsrbija.com\/ru\/proizvod\/izmenjivac-toplote-maxdapra-cevni-plastic-titanium-line-d-kwt-ti-45-46-kw\/","title":{"rendered":"Izmenjiva\u010d toplote Maxdapra cevni plastic\/titanium line d-kwt-Ti 45-46 kW"},"content":{"rendered":"<p>Izmenjiva\u010d toplote sa zavojnom cevi u popre\u010dnom toku nudi visoko energetsku efikasnost. Plasti\u010dna \u0161koljka mo\u017ee izdr\u017eati visok pritisak i korozivno je otporan. Pojedina\u010dne komponente su zape\u010dac\u0301ene silikonskim zaptiva\u010dima i osiguravaju dugove\u010dnost celog izmenjiva\u010da toplote.<\/p>\n<p><strong>Izmenjiva\u010d toplote Maxdapra D-KWT<\/strong>\u00a0<strong>titanijum\u00a0<\/strong>je idealan za grejanje bazena, spa centara i drugih objekata koji zahtevaju pouzdano i energetski efikasno grejanje\u00a0<strong>u uslovima kada postoji elektroliza<\/strong>. Zahvaljuju\u0107i talasastim cevima i naprednom dizajnu, pru\u017ea maksimalnu efikasnost i dugotrajnost.<\/p>\n<h3>Klju\u010dne Karakteristike:<\/h3>\n<ul>\n<li><strong>Kapacitet Grejanja<\/strong>: Dostupan u rasponu od 25 kW do 126 kW, sa optimizacijom za rad pri 90\u00b0C u primarnom krugu.<\/li>\n<li><strong>Napredni Dizajn<\/strong>: Talasaste cevi sa spiralnim namotajem u protivstrujnom re\u017eimu rada omogu\u0107avaju ve\u0107u povr\u0161inu za razmenu toplote, pru\u017eaju\u0107i ve\u0107u energetsku efikasnost u pore\u0111enju sa glatkim cevima.<\/li>\n<li><strong>Visokokvalitetni Materijali<\/strong>:\n<ul>\n<li>Plasti\u010dno ku\u0107i\u0161te izra\u0111eno od PP sa 30% staklenih vlakana za \u010dvrsto\u0107u i otpornost.<\/li>\n<li>Talasaste cevi dostupne u ner\u0111aju\u0107em \u010deliku AISI 316 (otpornost na hlorisanu vodu) ili titanijumu (otpornost na slanu vodu).<\/li>\n<\/ul>\n<\/li>\n<li><strong>Otpornost na Razli\u010dite Uslove<\/strong>:\n<ul>\n<li>Pogodan za bazene tretirane hlorom sa cevima od ner\u0111aju\u0107eg \u010delika.<\/li>\n<li>Idealan za bazene sa slanom vodom sa cevima od titanijuma.<\/li>\n<\/ul>\n<\/li>\n<\/ul>\n<h3>Opcije Instalacije:<\/h3>\n<p>D-KWT izmenjiva\u010d toplote mo\u017ee se instalirati na slede\u0107e na\u010dine:<\/p>\n<ul>\n<li><strong>Direktna Integracija<\/strong>: Postavljanje unutar glavnog vodenog kruga bazena.<\/li>\n<li><strong>Bypass Sistem<\/strong>: Fleksibilna instalacija putem bypass sistema za jednostavnu monta\u017eu.<\/li>\n<\/ul>\n<h3>Prednosti D-KWT Izmenjiva\u010da Toplote:<\/h3>\n<ul>\n<li>Ve\u0107a energetska efikasnost zahvaljuju\u0107i inovativnim talasastim cevima.<\/li>\n<li>Mogu\u0107nost prilago\u0111avanja uslovima rada (hlorisana ili slana voda).<\/li>\n<li>Dugotrajne i pouzdane performanse u zahtevnim uslovima rada.<\/li>\n<\/ul>\n<p><strong><a href=\"https:\/\/www.maxdapra.com\/en\/calculator-pool-heat-exchanger\">OBRA\u010cUN POTREBNE SNAGE IZMENJIVA\u010cA<\/a><\/strong><\/p>\n<p><a href=\"https:\/\/izgradnjabazena.rs\/wp-content\/uploads\/2022\/06\/uputstvo_dkwt_054ee.png\"><img fetchpriority=\"high\" decoding=\"async\" class=\"aligncenter size-full wp-image-26395\" src=\"https:\/\/izgradnjabazena.rs\/wp-content\/uploads\/2022\/06\/uputstvo_dkwt_054ee.png\" alt=\"\" width=\"698\" height=\"301\" \/><\/a><\/p>","protected":false},"excerpt":{"rendered":"<p>Izmenjiva\u010d toplote Maxdapra D-KWT titanijum pru\u017ea visoku energetsku efikasnost i dugotrajnost za grejanje bazena i spa centara, sa prilagodljivim materijalima i opcijama instalacije za hlorisanu ili slanu vodu.<\/p>","protected":false},"featured_media":23195,"template":"","meta":[],"product_brand":[],"product_cat":[4962,5072,4961],"product_tag":[],"class_list":{"0":"post-23194","1":"product","2":"type-product","3":"status-publish","4":"has-post-thumbnail","6":"product_cat-izmenjivaci-toplote-za-bazene","7":"product_cat-maxdapra-plastic-titanium-line","8":"product_cat-oprema-za-grejanje-vode","10":"first","11":"instock","12":"sold-individually","13":"purchasable","14":"product-type-simple"},"_links":{"self":[{"href":"https:\/\/hidroterm.dmcsrbija.com\/ru\/wp-json\/wp\/v2\/product\/23194","targetHints":{"allow":["GET"]}}],"collection":[{"href":"https:\/\/hidroterm.dmcsrbija.com\/ru\/wp-json\/wp\/v2\/product"}],"about":[{"href":"https:\/\/hidroterm.dmcsrbija.com\/ru\/wp-json\/wp\/v2\/types\/product"}],"wp:featuredmedia":[{"embeddable":true,"href":"https:\/\/hidroterm.dmcsrbija.com\/ru\/wp-json\/wp\/v2\/media\/23195"}],"wp:attachment":[{"href":"https:\/\/hidroterm.dmcsrbija.com\/ru\/wp-json\/wp\/v2\/media?parent=23194"}],"wp:term":[{"taxonomy":"product_brand","embeddable":true,"href":"https:\/\/hidroterm.dmcsrbija.com\/ru\/wp-json\/wp\/v2\/product_brand?post=23194"},{"taxonomy":"product_cat","embeddable":true,"href":"https:\/\/hidroterm.dmcsrbija.com\/ru\/wp-json\/wp\/v2\/product_cat?post=23194"},{"taxonomy":"product_tag","embeddable":true,"href":"https:\/\/hidroterm.dmcsrbija.com\/ru\/wp-json\/wp\/v2\/product_tag?post=23194"}],"curies":[{"name":"wp","href":"https:\/\/api.w.org\/{rel}","templated":true}]}}