{"id":23192,"date":"2026-03-18T08:32:17","date_gmt":"2026-03-18T07:32:17","guid":{"rendered":"https:\/\/hidroterm.dmcsrbija.com\/proizvod\/prekrivka-za-toplotnu-pumpu-bpn-kod-61101\/"},"modified":"2026-03-18T08:32:20","modified_gmt":"2026-03-18T07:32:20","slug":"prekrivka-za-toplotnu-pumpu-bpn-kod-61101","status":"publish","type":"product","link":"https:\/\/hidroterm.dmcsrbija.com\/ru\/proizvod\/prekrivka-za-toplotnu-pumpu-bpn-kod-61101\/","title":{"rendered":"Prekrivka za toplotnu pumpu BPN (kod: 61101)"},"content":{"rendered":"<p>Prekrivka za toplotnu pumpu BPN je specijalno dizajnirana da \u0161titi sve modele toplotnih pumpi tokom zimskih meseci.<\/p>\n<p>Napravljena je od izdr\u017eljivog i vodootpornog materijala, koji spre\u010dava nakupljanje snega, leda i prljav\u0161tine na samoj pumpi. Ova prekrivka poma\u017ee u o\u010duvanju funkcionalnosti pumpe, spre\u010davaju\u0107i o\u0161te\u0107enja izazvana niskim temperaturama i vremenskim uslovima.<\/p>\n<p>Tako\u0111e, za\u0161tita od spolja\u0161njih faktora produ\u017eava vek trajanja pumpe, \u010dine\u0107i je otpornijom na koroziju i druge potencijalne probleme.<\/p>\n<p>Prekrivka je jednostavna za postavljanje i uklanjanje, a njen univerzalni dizajn omogu\u0107ava upotrebu na svim modelima toplotnih pumpi.<\/p>","protected":false},"excerpt":{"rendered":"<p>Prekrivka za toplotnu pumpu BPN &#8211; namenjena za sve modele. \u0160titi toplotnu pumpu tokom zimskog perioda.<\/p>","protected":false},"featured_media":23193,"template":"","meta":[],"product_brand":[],"product_cat":[4971,4968,4969],"product_tag":[],"class_list":{"0":"post-23192","1":"product","2":"type-product","3":"status-publish","4":"has-post-thumbnail","6":"product_cat-dodatna-oprema-za-zimske-prekrivace","7":"product_cat-prekrivke-za-bazene","8":"product_cat-zimske-prekrivke-za-bazene","10":"first","11":"instock","12":"sold-individually","13":"purchasable","14":"product-type-simple"},"_links":{"self":[{"href":"https:\/\/hidroterm.dmcsrbija.com\/ru\/wp-json\/wp\/v2\/product\/23192","targetHints":{"allow":["GET"]}}],"collection":[{"href":"https:\/\/hidroterm.dmcsrbija.com\/ru\/wp-json\/wp\/v2\/product"}],"about":[{"href":"https:\/\/hidroterm.dmcsrbija.com\/ru\/wp-json\/wp\/v2\/types\/product"}],"wp:featuredmedia":[{"embeddable":true,"href":"https:\/\/hidroterm.dmcsrbija.com\/ru\/wp-json\/wp\/v2\/media\/23193"}],"wp:attachment":[{"href":"https:\/\/hidroterm.dmcsrbija.com\/ru\/wp-json\/wp\/v2\/media?parent=23192"}],"wp:term":[{"taxonomy":"product_brand","embeddable":true,"href":"https:\/\/hidroterm.dmcsrbija.com\/ru\/wp-json\/wp\/v2\/product_brand?post=23192"},{"taxonomy":"product_cat","embeddable":true,"href":"https:\/\/hidroterm.dmcsrbija.com\/ru\/wp-json\/wp\/v2\/product_cat?post=23192"},{"taxonomy":"product_tag","embeddable":true,"href":"https:\/\/hidroterm.dmcsrbija.com\/ru\/wp-json\/wp\/v2\/product_tag?post=23192"}],"curies":[{"name":"wp","href":"https:\/\/api.w.org\/{rel}","templated":true}]}}