{"id":23190,"date":"2026-03-18T08:32:17","date_gmt":"2026-03-18T07:32:17","guid":{"rendered":"https:\/\/hidroterm.dmcsrbija.com\/proizvod\/zimski-vazdusni-prekrivac-7x3-5-komplet-sa-drzacima-i-pumpom\/"},"modified":"2026-03-18T08:32:19","modified_gmt":"2026-03-18T07:32:19","slug":"zimski-vazdusni-prekrivac-7x3-5-komplet-sa-drzacima-i-pumpom","status":"publish","type":"product","link":"https:\/\/hidroterm.dmcsrbija.com\/ru\/proizvod\/zimski-vazdusni-prekrivac-7x3-5-komplet-sa-drzacima-i-pumpom\/","title":{"rendered":"Zimski vazdu\u0161ni prekriva\u010d 7&#215;3.5 (komplet sa dr\u017ea\u010dima i pumpom)"},"content":{"rendered":"<p>Zimski vazdu\u0161ni prekriva\u010d dolazi u setu: ( prekriva\u010d, set za monta\u017eu, set za krpljenje, pumpa za vazduh )<\/p>\n<p>Dimenzija prekriva\u010da je 7,8&#215;4,3m \u0161to odgovara bazenu dimenzije 7&#215;3,5m<\/p>\n<p>Za zimsko zatvaranje bazena neophodno je postaviti zimski prekriva\u010d kako bi o\u010duvali kvalitet vode u bazenu, kao i sam bazen.<\/p>\n<p>Pre postavke zimskog prekriva\u010da, potrebno je isprazniti cevni razvod, spustiti nivo vode ispod skimera, postaviti \u010depove na mlaznice i za\u0161titu na skimere, postaviti plovke protiv leda, vazdu\u0161ne jastuke, tretirati bazen zimskom hemijom i postaviti hemiju koja \u0107e se cele zime rastapati u vodi bazena.<\/p>\n<p>Sigurnosni prekriva\u010d vazduh napravljen za zimsko odr\u017eavanje bazena od pvc. U potpunosti vodonepropusni prekriva\u010d. Postavlja se poput obi\u010dnog ali se potom u komori izmedju dva sloja pumpom ispunjava vazduhom koji je i najbolji izolator toplote. Po prekriva\u010du mogu da \u0161etaju deca i ku\u0107ni ljubimci. Montiraju se na ankere.<\/p>\n<p>Prekriva\u010d omogu\u0107ava da sneg klizi izvan bazena \u0161to onemogu\u0107ava prodor snega u bazen.<\/p>\n<p>Boja prekriva\u010da &#8211; plava.<\/p>\n<p>Za ovu dimenziju bazena potreban je 21 teg.<\/p>\n<div style=\"width: 503px;max-width: 100%;margin: 0\"><iframe src=\"https:\/\/www.youtube.com\/embed\/R2RPfmoYSVk\" width=\"503\" height=\"283\" frameborder=\"0\" allowfullscreen=\"allowfullscreen\"><br \/>\n<\/iframe><\/div>\n<div><\/div>\n<div><\/div>\n<div style=\"width: 503px;max-width: 100%;margin: 0\"><iframe src=\"https:\/\/www.youtube.com\/embed\/LmYo2Qx4TLo\" width=\"503\" height=\"283\" frameborder=\"0\" allowfullscreen=\"allowfullscreen\"><br \/>\n<\/iframe><\/div>","protected":false},"excerpt":{"rendered":"<p>Zimski vazdu\u0161ni prekriva\u010d dimenzija 7,8&#215;4,3m, sa setom za monta\u017eu i pumpom za vazduh, \u0161titi bazen od snega i prodora vode, omogu\u0107avaju\u0107i izolaciju i sigurnost tokom zime.<\/p>","protected":false},"featured_media":23191,"template":"","meta":[],"product_brand":[],"product_cat":[4968,4969,5071],"product_tag":[],"class_list":{"0":"post-23190","1":"product","2":"type-product","3":"status-publish","4":"has-post-thumbnail","6":"product_cat-prekrivke-za-bazene","7":"product_cat-zimske-prekrivke-za-bazene","8":"product_cat-zimski-prekrivac-za-bazen-vazdusni-nero","10":"first","11":"instock","12":"sold-individually","13":"purchasable","14":"product-type-simple"},"_links":{"self":[{"href":"https:\/\/hidroterm.dmcsrbija.com\/ru\/wp-json\/wp\/v2\/product\/23190","targetHints":{"allow":["GET"]}}],"collection":[{"href":"https:\/\/hidroterm.dmcsrbija.com\/ru\/wp-json\/wp\/v2\/product"}],"about":[{"href":"https:\/\/hidroterm.dmcsrbija.com\/ru\/wp-json\/wp\/v2\/types\/product"}],"wp:featuredmedia":[{"embeddable":true,"href":"https:\/\/hidroterm.dmcsrbija.com\/ru\/wp-json\/wp\/v2\/media\/23191"}],"wp:attachment":[{"href":"https:\/\/hidroterm.dmcsrbija.com\/ru\/wp-json\/wp\/v2\/media?parent=23190"}],"wp:term":[{"taxonomy":"product_brand","embeddable":true,"href":"https:\/\/hidroterm.dmcsrbija.com\/ru\/wp-json\/wp\/v2\/product_brand?post=23190"},{"taxonomy":"product_cat","embeddable":true,"href":"https:\/\/hidroterm.dmcsrbija.com\/ru\/wp-json\/wp\/v2\/product_cat?post=23190"},{"taxonomy":"product_tag","embeddable":true,"href":"https:\/\/hidroterm.dmcsrbija.com\/ru\/wp-json\/wp\/v2\/product_tag?post=23190"}],"curies":[{"name":"wp","href":"https:\/\/api.w.org\/{rel}","templated":true}]}}