{"id":23188,"date":"2026-03-18T08:32:17","date_gmt":"2026-03-18T07:32:17","guid":{"rendered":"https:\/\/hidroterm.dmcsrbija.com\/proizvod\/zimski-prekrivac-mreza-pp-komplet-sa-ankerima-d550\/"},"modified":"2026-03-18T08:32:19","modified_gmt":"2026-03-18T07:32:19","slug":"zimski-prekrivac-mreza-pp-komplet-sa-ankerima-d550","status":"publish","type":"product","link":"https:\/\/hidroterm.dmcsrbija.com\/ru\/proizvod\/zimski-prekrivac-mreza-pp-komplet-sa-ankerima-d550\/","title":{"rendered":"Zimski prekriva\u010d mre\u017ea PP (komplet sa ankerima) D550"},"content":{"rendered":"<p>Naziv proizvoda: Zimski prekriva\u010d mre\u017ea PP D550<\/p>\n<p>Dimenzija prekriva\u010da je D550<\/p>\n<p>Za zimsko zatvaranje bazena neophodno je postaviti zimski prekriva\u010d kako bi o\u010duvali kvalitet vode u bazenu, kao i sam bazen.<\/p>\n<p>Preporu\u010dujemo prekriva\u010d mre\u017ea, koji se ankerima pri\u010dvr\u0161\u0107uje za podlogu okolo bazena.<\/p>\n<p>Sigurnosna mre\u017ea (komplet sa ankerima) za zimsku za\u0161titu bazena, napravljena je od polipropilenske mre\u017ee, pru\u017ea sigurnost za decu i ku\u0107ne ljubimce. Spre\u010dava pojavu algi, otporna je na UV zrake i hlor. Vrlo je elasti\u010dna, \u0161to omogu\u0107ava brzi odvod vode.<\/p>\n<p>Pre postavke zimskog prekriva\u010da, potrebno je postaviti tegove protiv leda, tretirati bazen zimskom hemijom i postaviti hemiju koja \u0107e se cele zime rastapati u vodi bazena.<\/p>\n<p>Tegovi protiv leda se postavljaju u obliku krsta. Teg je dimenzije 20,5 x 50cm.<\/p>\n<p>Za ovu dimenziju bazena potrebno je 22 tega.<\/p>\n<p>Cena jednog tega je 1.100,00 din.<\/p>\n<p>Anker je neophodan ukoliko je pla\u017ea bazena drvena. Cena ankera je 415,00 din.<\/p>\n<div style=\"width: 503px; max-width: 100%; margin: 0;\"><iframe title=\"Video za proizvod\" src=\"https:\/\/www.youtube.com\/embed\/R2RPfmoYSVk\" width=\"503\" height=\"283\" frameborder=\"0\" allowfullscreen=\"allowfullscreen\"><br \/>\n<\/iframe><\/div>\n<div><\/div>\n<div><\/div>\n<div style=\"width: 503px; max-width: 100%; margin: 0;\"><iframe title=\"Video za proizvod\" src=\"https:\/\/www.youtube.com\/embed\/LmYo2Qx4TLo\" width=\"503\" height=\"283\" frameborder=\"0\" allowfullscreen=\"allowfullscreen\"><br \/>\n<\/iframe><\/div>","protected":false},"excerpt":{"rendered":"<p>Zimski prekriva\u010d mre\u017ea PP D550 je polipropilenska sigurnosna mre\u017ea koja se pri\u010dvr\u0161\u0107uje ankerima, \u0161titi bazen od algi, UV zraka i hlorova, pru\u017ea sigurnost za decu i ku\u0107ne ljubimce, a za optimalnu za\u0161titu potrebno je koristiti tegove protiv leda (dimenzija 20,5 x 50 cm) i zimsku hemiju.<\/p>","protected":false},"featured_media":23189,"template":"","meta":[],"product_brand":[],"product_cat":[4968,4969,5070],"product_tag":[],"class_list":{"0":"post-23188","1":"product","2":"type-product","3":"status-publish","4":"has-post-thumbnail","6":"product_cat-prekrivke-za-bazene","7":"product_cat-zimske-prekrivke-za-bazene","8":"product_cat-zimski-prekrivac-za-bazen-mreza-nero","10":"first","11":"instock","12":"sold-individually","13":"purchasable","14":"product-type-simple"},"_links":{"self":[{"href":"https:\/\/hidroterm.dmcsrbija.com\/ru\/wp-json\/wp\/v2\/product\/23188","targetHints":{"allow":["GET"]}}],"collection":[{"href":"https:\/\/hidroterm.dmcsrbija.com\/ru\/wp-json\/wp\/v2\/product"}],"about":[{"href":"https:\/\/hidroterm.dmcsrbija.com\/ru\/wp-json\/wp\/v2\/types\/product"}],"wp:featuredmedia":[{"embeddable":true,"href":"https:\/\/hidroterm.dmcsrbija.com\/ru\/wp-json\/wp\/v2\/media\/23189"}],"wp:attachment":[{"href":"https:\/\/hidroterm.dmcsrbija.com\/ru\/wp-json\/wp\/v2\/media?parent=23188"}],"wp:term":[{"taxonomy":"product_brand","embeddable":true,"href":"https:\/\/hidroterm.dmcsrbija.com\/ru\/wp-json\/wp\/v2\/product_brand?post=23188"},{"taxonomy":"product_cat","embeddable":true,"href":"https:\/\/hidroterm.dmcsrbija.com\/ru\/wp-json\/wp\/v2\/product_cat?post=23188"},{"taxonomy":"product_tag","embeddable":true,"href":"https:\/\/hidroterm.dmcsrbija.com\/ru\/wp-json\/wp\/v2\/product_tag?post=23188"}],"curies":[{"name":"wp","href":"https:\/\/api.w.org\/{rel}","templated":true}]}}