{"id":23184,"date":"2026-03-18T08:32:17","date_gmt":"2026-03-18T07:32:17","guid":{"rendered":"https:\/\/hidroterm.dmcsrbija.com\/proizvod\/halogenerator-viva-salt-lux-do-25-m3\/"},"modified":"2026-03-18T08:32:18","modified_gmt":"2026-03-18T07:32:18","slug":"halogenerator-viva-salt-lux-do-25-m3","status":"publish","type":"product","link":"https:\/\/hidroterm.dmcsrbija.com\/ru\/proizvod\/halogenerator-viva-salt-lux-do-25-m3\/","title":{"rendered":"Halogenerator Viva Salt Lux (do 25 m3)"},"content":{"rendered":"<h3 data-start=\"140\" data-end=\"222\">Viva Salt Lux \u2013 sna\u017ean i prenosiv halogenerator za male i srednje slane sobe<\/h3>\n<p data-start=\"224\" data-end=\"579\"><strong data-start=\"224\" data-end=\"241\">Viva Salt Lux<\/strong> je profesionalni <strong data-start=\"259\" data-end=\"353\">halogenerator za kontinuiranu inhalaciju suvim vazduhom sa visoko zasi\u0107enim \u010desticama soli<\/strong>, dizajniran za <strong data-start=\"369\" data-end=\"407\">male i srednje slane sobe do 25 m\u00b3<\/strong>. Proizvodi vi\u0161e od <strong data-start=\"427\" data-end=\"478\">99% aerosolnih \u010destica veli\u010dine ispod 5 mikrona<\/strong>, \u0161to omogu\u0107ava da sol prodre duboko u respiratorni sistem i postigne maksimalni terapijski efekat.<\/p>\n<h3 data-start=\"581\" data-end=\"615\">Multifunkcionalan i prenosiv<\/h3>\n<p data-start=\"616\" data-end=\"691\">Viva Salt Lux je <strong data-start=\"633\" data-end=\"663\">vi\u0161enamenski halogenerator<\/strong> koji se mo\u017ee koristiti u:<\/p>\n<ul data-start=\"692\" data-end=\"827\">\n<li data-start=\"692\" data-end=\"720\">\n<p data-start=\"694\" data-end=\"720\">kabinama za haloterapiju<\/p>\n<\/li>\n<li data-start=\"721\" data-end=\"764\">\n<p data-start=\"723\" data-end=\"764\">slanim sobama u wellness i SPA centrima<\/p>\n<\/li>\n<li data-start=\"765\" data-end=\"827\">\n<p data-start=\"767\" data-end=\"827\">ku\u0107nim prostorima, bez potrebe za kompleksnom instalacijom<\/p>\n<\/li>\n<\/ul>\n<p data-start=\"829\" data-end=\"963\">Dizajn ure\u0111aja je kompaktan i prakti\u010dan, a mogu\u0107e je i <strong data-start=\"884\" data-end=\"906\">zidno postavljanje<\/strong>, \u0161to dodatno olak\u0161ava ugradnju u razli\u010dite prostorije.<\/p>\n<h3 data-start=\"965\" data-end=\"1013\">Intuitivno upravljanje i precizna kontrola<\/h3>\n<p data-start=\"1014\" data-end=\"1091\">Ure\u0111aj je opremljen <strong data-start=\"1034\" data-end=\"1072\">ekranom osetljivim na dodir u boji<\/strong>, koji omogu\u0107ava:<\/p>\n<ul data-start=\"1092\" data-end=\"1268\">\n<li data-start=\"1092\" data-end=\"1132\">\n<p data-start=\"1094\" data-end=\"1132\">precizno pode\u0161avanje ja\u010dine aerosola<\/p>\n<\/li>\n<li data-start=\"1133\" data-end=\"1201\">\n<p data-start=\"1135\" data-end=\"1201\">izbor jednog od <strong data-start=\"1151\" data-end=\"1199\">10 unapred definisanih programa haloterapije<\/strong><\/p>\n<\/li>\n<li data-start=\"1202\" data-end=\"1268\">\n<p data-start=\"1204\" data-end=\"1268\">jednostavno i brzo prilago\u0111avanje terapije potrebama korisnika<\/p>\n<\/li>\n<\/ul>\n<h3 data-start=\"1270\" data-end=\"1299\">Prednosti Viva Salt Lux<\/h3>\n<ul data-start=\"1300\" data-end=\"1600\">\n<li data-start=\"1300\" data-end=\"1367\">\n<p data-start=\"1302\" data-end=\"1367\"><strong data-start=\"1302\" data-end=\"1327\">Kompaktan, ali sna\u017ean<\/strong> \u2013 pogodan za prostorije ve\u0107e od 10 m\u00b2<\/p>\n<\/li>\n<li data-start=\"1368\" data-end=\"1460\">\n<p data-start=\"1370\" data-end=\"1460\"><strong data-start=\"1370\" data-end=\"1396\">Prenosiv i fleksibilan<\/strong> \u2013 mo\u017ee se koristiti u kabini, slanoj sobi ili ku\u0107nom prostoru<\/p>\n<\/li>\n<li data-start=\"1461\" data-end=\"1527\">\n<p data-start=\"1463\" data-end=\"1527\"><strong data-start=\"1463\" data-end=\"1484\">Multifunkcionalan<\/strong> \u2013 10 programa i mogu\u0107nost zidne ugradnje<\/p>\n<\/li>\n<li data-start=\"1528\" data-end=\"1600\">\n<p data-start=\"1530\" data-end=\"1600\"><strong data-start=\"1530\" data-end=\"1555\">Efikasna haloterapija<\/strong> \u2013 vi\u0161e od 99% aerosola manjih od 5 mikrona<\/p>\n<\/li>\n<\/ul>\n<h3 data-start=\"1602\" data-end=\"1639\">Profesionalno i sigurno re\u0161enje<\/h3>\n<p data-start=\"1640\" data-end=\"1874\">Zahvaljuju\u0107i visokokvalitetnoj izradi i preciznoj kontroli, <strong data-start=\"1700\" data-end=\"1717\">Viva Salt Lux<\/strong> omogu\u0107ava sigurnu, efikasnu i dugotrajnu haloterapiju, pru\u017eaju\u0107i optimalne rezultate za respiratorno zdravlje, ko\u017eu i op\u0161te psihofizi\u010dko stanje korisnika.<\/p>\n<table width=\"600\">\n<tbody>\n<tr>\n<td width=\"349\">Radna vla\u017enost:<\/td>\n<td width=\"251\">&lt; 60%<\/td>\n<\/tr>\n<tr>\n<td width=\"349\">Te\u017eina:<\/td>\n<td width=\"251\">4 kg<\/td>\n<\/tr>\n<tr>\n<td width=\"349\">Potro\u0161nja:<\/td>\n<td width=\"251\">30 W<\/td>\n<\/tr>\n<tr>\n<td width=\"349\">Elektri\u010dni napon:<\/td>\n<td width=\"251\">100\u2013240 V<\/td>\n<\/tr>\n<tr>\n<td width=\"349\">Dimenzije:<\/td>\n<td width=\"251\">335 x 165 x 175 mm<\/td>\n<\/tr>\n<tr>\n<td width=\"349\">Garancija:<\/td>\n<td width=\"251\">24 meseci<\/td>\n<\/tr>\n<tr>\n<td width=\"349\">Za veli\u010dinu sobe:<\/td>\n<td width=\"251\">vise od 10m2<\/td>\n<\/tr>\n<\/tbody>\n<\/table>","protected":false},"excerpt":{"rendered":"<p>Viva Salt Lux je sna\u017ean i prenosiv halogenerator za slane sobe do 25 m\u00b3. Proizvodi vi\u0161e od 99% finih aerosola soli, ima 10 programa i intuitivan touch screen ekran za preciznu kontrolu ja\u010dine terapije.<\/p>","protected":false},"featured_media":23185,"template":"","meta":[],"product_brand":[],"product_cat":[5055,5054,5032],"product_tag":[],"class_list":{"0":"post-23184","1":"product","2":"type-product","3":"status-publish","4":"has-post-thumbnail","6":"product_cat-halogeneratori-za-slane-sobe","7":"product_cat-slane-sobe","8":"product_cat-spa-wellness","10":"first","11":"instock","12":"sold-individually","13":"purchasable","14":"product-type-simple"},"_links":{"self":[{"href":"https:\/\/hidroterm.dmcsrbija.com\/ru\/wp-json\/wp\/v2\/product\/23184","targetHints":{"allow":["GET"]}}],"collection":[{"href":"https:\/\/hidroterm.dmcsrbija.com\/ru\/wp-json\/wp\/v2\/product"}],"about":[{"href":"https:\/\/hidroterm.dmcsrbija.com\/ru\/wp-json\/wp\/v2\/types\/product"}],"wp:featuredmedia":[{"embeddable":true,"href":"https:\/\/hidroterm.dmcsrbija.com\/ru\/wp-json\/wp\/v2\/media\/23185"}],"wp:attachment":[{"href":"https:\/\/hidroterm.dmcsrbija.com\/ru\/wp-json\/wp\/v2\/media?parent=23184"}],"wp:term":[{"taxonomy":"product_brand","embeddable":true,"href":"https:\/\/hidroterm.dmcsrbija.com\/ru\/wp-json\/wp\/v2\/product_brand?post=23184"},{"taxonomy":"product_cat","embeddable":true,"href":"https:\/\/hidroterm.dmcsrbija.com\/ru\/wp-json\/wp\/v2\/product_cat?post=23184"},{"taxonomy":"product_tag","embeddable":true,"href":"https:\/\/hidroterm.dmcsrbija.com\/ru\/wp-json\/wp\/v2\/product_tag?post=23184"}],"curies":[{"name":"wp","href":"https:\/\/api.w.org\/{rel}","templated":true}]}}