{"id":23182,"date":"2026-03-18T08:32:17","date_gmt":"2026-03-18T07:32:17","guid":{"rendered":"https:\/\/hidroterm.dmcsrbija.com\/proizvod\/halogenerator-viva-salt-mediteran-do-15m2\/"},"modified":"2026-03-18T08:32:18","modified_gmt":"2026-03-18T07:32:18","slug":"halogenerator-viva-salt-mediteran-do-15m2","status":"publish","type":"product","link":"https:\/\/hidroterm.dmcsrbija.com\/ru\/proizvod\/halogenerator-viva-salt-mediteran-do-15m2\/","title":{"rendered":"Halogenerator Viva Salt Mediteran (do 15m2)"},"content":{"rendered":"<h3 data-start=\"251\" data-end=\"324\">VivaSalt Mediteran \u2013 profesionalni halogenerator za male slane sobe<\/h3>\n<p data-start=\"326\" data-end=\"695\"><strong data-start=\"326\" data-end=\"362\">Halogenerator VivaSalt Mediteran<\/strong> proizvodi najsitnije \u010destice soli, tzv. aerosole, i samo sa ovako finim \u010desticama mogu\u0107a je <strong data-start=\"455\" data-end=\"480\">efikasna haloterapija<\/strong>. Aerosoli se ravnomerno raspr\u0161uju u prostoru slane sobe i disanjem dospevaju duboko u respiratorni sistem, pru\u017eaju\u0107i optimalne terapijske efekte za respiratorni sistem, ko\u017eu i op\u0161te psihofizi\u010dko stanje korisnika.<\/p>\n<p data-start=\"697\" data-end=\"1001\">Ovaj model je dizajniran za <strong data-start=\"725\" data-end=\"753\">male slane sobe do 50 m\u00b3<\/strong>, \u0161to ga \u010dini idealnim re\u0161enjem za privatne sobe, wellness i SPA centre. <strong data-start=\"826\" data-end=\"852\">Rezervoar od 15 g soli<\/strong> dovoljan je za <strong data-start=\"868\" data-end=\"899\">2\u20133 sata kontinuiranog rada<\/strong>, a tehni\u010dkim re\u0161enjem omogu\u0107eno je jednostavno dodavanje soli bez potrebe za rastavljanjem ure\u0111aja.<\/p>\n<h3 data-start=\"1003\" data-end=\"1054\">Jednostavna upotreba i profesionalna kontrola<\/h3>\n<p data-start=\"1055\" data-end=\"1171\"><strong data-start=\"1055\" data-end=\"1077\">VivaSalt Mediteran<\/strong> pru\u017ea intuitivno korisni\u010dko iskustvo. <strong data-start=\"1116\" data-end=\"1158\">Osvijetljeni touch screen ekran u boji<\/strong> omogu\u0107ava:<\/p>\n<ul data-start=\"1172\" data-end=\"1402\">\n<li data-start=\"1172\" data-end=\"1214\">\n<p data-start=\"1174\" data-end=\"1214\">izbor razli\u010ditih programa haloterapije<\/p>\n<\/li>\n<li data-start=\"1215\" data-end=\"1255\">\n<p data-start=\"1217\" data-end=\"1255\">pode\u0161avanje du\u017eine trajanja terapije<\/p>\n<\/li>\n<li data-start=\"1256\" data-end=\"1291\">\n<p data-start=\"1258\" data-end=\"1291\">kontrolu koncentracije aerosola<\/p>\n<\/li>\n<li data-start=\"1292\" data-end=\"1338\">\n<p data-start=\"1294\" data-end=\"1338\">automatsko odbrojavanje preostalog vremena<\/p>\n<\/li>\n<li data-start=\"1339\" data-end=\"1402\">\n<p data-start=\"1341\" data-end=\"1402\">kori\u0161\u0107enje naprednih funkcija uz visoku snagu mlevenja soli<\/p>\n<\/li>\n<\/ul>\n<p data-start=\"1404\" data-end=\"1767\">Ure\u0111aj ne sadr\u017ei klasi\u010dni dozator soli, ali je dizajniran tako da dodavanje soli bude brzo i jednostavno, uz potpuno <strong data-start=\"1521\" data-end=\"1557\">otpornu konstrukciju na koroziju<\/strong>, \u0161to je \u010desta mana drugih halogeneratora koji rade u prisustvu soli. Profesionalni touch screen sistem omogu\u0107ava preciznu kontrolu koncentracije soli u vazduhu, \u0161to garantuje sigurnu i efikasnu haloterapiju.<\/p>\n<h3 data-start=\"1769\" data-end=\"1798\">Tehni\u010dke karakteristike<\/h3>\n<ul data-start=\"1799\" data-end=\"1926\">\n<li data-start=\"1799\" data-end=\"1815\">\n<p data-start=\"1801\" data-end=\"1815\">Te\u017eina: 8 kg<\/p>\n<\/li>\n<li data-start=\"1816\" data-end=\"1835\">\n<p data-start=\"1818\" data-end=\"1835\">Potro\u0161nja: 50 W<\/p>\n<\/li>\n<li data-start=\"1836\" data-end=\"1867\">\n<p data-start=\"1838\" data-end=\"1867\">Elektri\u010dni napon: 100\u2013240 V<\/p>\n<\/li>\n<li data-start=\"1868\" data-end=\"1901\">\n<p data-start=\"1870\" data-end=\"1901\">Dimenzije: 335 \u00d7 510 \u00d7 180 mm<\/p>\n<\/li>\n<li data-start=\"1902\" data-end=\"1926\">\n<p data-start=\"1904\" data-end=\"1926\">Garancija: 36 meseci<\/p>\n<\/li>\n<\/ul>\n<h3 data-start=\"1928\" data-end=\"1968\">Idealno re\u0161enje za male slane sobe<\/h3>\n<p data-start=\"1969\" data-end=\"2176\">Zahvaljuju\u0107i naprednoj tehnologiji i kvalitetnoj izradi, <strong data-start=\"2026\" data-end=\"2048\">VivaSalt Mediteran<\/strong> je pouzdano i dugotrajno re\u0161enje za sve koji \u017eele <strong data-start=\"2099\" data-end=\"2149\">sigurnu, profesionalnu i efikasnu haloterapiju<\/strong> u prostorijama do 15 m\u00b2.<\/p>","protected":false},"excerpt":{"rendered":"<p>VivaSalt Mediteran je profesionalni halogenerator za male slane sobe do 50 m\u00b3, koji proizvodi najfine aerosole soli za efikasnu haloterapiju. Jednostavan je za kori\u0161\u0107enje zahvaljuju\u0107i touch screen ekranu i preciznoj kontroli koncentracije soli u vazduhu.<\/p>","protected":false},"featured_media":23183,"template":"","meta":[],"product_brand":[],"product_cat":[5055,5054,5032],"product_tag":[],"class_list":{"0":"post-23182","1":"product","2":"type-product","3":"status-publish","4":"has-post-thumbnail","6":"product_cat-halogeneratori-za-slane-sobe","7":"product_cat-slane-sobe","8":"product_cat-spa-wellness","10":"first","11":"instock","12":"sold-individually","13":"purchasable","14":"product-type-simple"},"_links":{"self":[{"href":"https:\/\/hidroterm.dmcsrbija.com\/ru\/wp-json\/wp\/v2\/product\/23182","targetHints":{"allow":["GET"]}}],"collection":[{"href":"https:\/\/hidroterm.dmcsrbija.com\/ru\/wp-json\/wp\/v2\/product"}],"about":[{"href":"https:\/\/hidroterm.dmcsrbija.com\/ru\/wp-json\/wp\/v2\/types\/product"}],"wp:featuredmedia":[{"embeddable":true,"href":"https:\/\/hidroterm.dmcsrbija.com\/ru\/wp-json\/wp\/v2\/media\/23183"}],"wp:attachment":[{"href":"https:\/\/hidroterm.dmcsrbija.com\/ru\/wp-json\/wp\/v2\/media?parent=23182"}],"wp:term":[{"taxonomy":"product_brand","embeddable":true,"href":"https:\/\/hidroterm.dmcsrbija.com\/ru\/wp-json\/wp\/v2\/product_brand?post=23182"},{"taxonomy":"product_cat","embeddable":true,"href":"https:\/\/hidroterm.dmcsrbija.com\/ru\/wp-json\/wp\/v2\/product_cat?post=23182"},{"taxonomy":"product_tag","embeddable":true,"href":"https:\/\/hidroterm.dmcsrbija.com\/ru\/wp-json\/wp\/v2\/product_tag?post=23182"}],"curies":[{"name":"wp","href":"https:\/\/api.w.org\/{rel}","templated":true}]}}