{"id":23180,"date":"2026-03-18T08:32:17","date_gmt":"2026-03-18T07:32:17","guid":{"rendered":"https:\/\/hidroterm.dmcsrbija.com\/proizvod\/viva-salt-comfortable-do-60m2-ili-100m3-rezervoar-15g-dozirka-za-so-od-150g\/"},"modified":"2026-03-18T08:32:18","modified_gmt":"2026-03-18T07:32:18","slug":"viva-salt-comfortable-do-60m2-ili-100m3-rezervoar-15g-dozirka-za-so-od-150g","status":"publish","type":"product","link":"https:\/\/hidroterm.dmcsrbija.com\/ru\/proizvod\/viva-salt-comfortable-do-60m2-ili-100m3-rezervoar-15g-dozirka-za-so-od-150g\/","title":{"rendered":"Viva Salt Comfortable do 60m2 ili  100m3 rezervoar 15g +  dozirka za so od 150g"},"content":{"rendered":"<h3 data-start=\"154\" data-end=\"224\">VivaSalt Comfortable \u2013 profesionalni halogenerator za slane sobe<\/h3>\n<p data-start=\"226\" data-end=\"521\"><strong data-start=\"226\" data-end=\"250\">VivaSalt Comfortable<\/strong> proizvodi najsitnije \u010destice soli, tzv. aerosole, i samo pomo\u0107u ovako finih \u010destica mogu\u0107a je efektivna <strong data-start=\"355\" data-end=\"371\">haloterapija<\/strong>. Aerosoli se ravnomerno raspr\u0161uju u prostoru slane sobe i disanjem dospevaju duboko u respiratorni sistem, pru\u017eaju\u0107i maksimalne terapeutske efekte.<\/p>\n<p data-start=\"523\" data-end=\"853\">Ovaj halogenerator je namenjen za <strong data-start=\"557\" data-end=\"591\">slane sobe zapremine do 100 m\u00b3<\/strong>. Ugra\u0111eni delovi zadovoljavaju najvi\u0161e standarde kvaliteta, \u0161to omogu\u0107ava dugotrajnu i pouzdanu upotrebu. <strong data-start=\"698\" data-end=\"722\">VivaSalt Comfortable<\/strong> pru\u017ea jednostavan i prijatan korisni\u010dki do\u017eivljaj zahvaljuju\u0107i <strong data-start=\"786\" data-end=\"830\">osvijetljenom touch screen ekranu u boji<\/strong>, preko kojeg mo\u017eete:<\/p>\n<ul data-start=\"854\" data-end=\"1078\">\n<li data-start=\"854\" data-end=\"885\">\n<p data-start=\"856\" data-end=\"885\">odabrati razli\u010dite programe<\/p>\n<\/li>\n<li data-start=\"886\" data-end=\"914\">\n<p data-start=\"888\" data-end=\"914\">podesiti du\u017einu terapije<\/p>\n<\/li>\n<li data-start=\"915\" data-end=\"952\">\n<p data-start=\"917\" data-end=\"952\">regulisati koncentraciju aerosola<\/p>\n<\/li>\n<li data-start=\"953\" data-end=\"1007\">\n<p data-start=\"955\" data-end=\"1007\">pratiti automatsko odbrojavanje preostalog vremena<\/p>\n<\/li>\n<li data-start=\"1008\" data-end=\"1078\">\n<p data-start=\"1010\" data-end=\"1078\">koristiti brojne napredne funkcije uz izuzetnu snagu mlevenja soli<\/p>\n<\/li>\n<\/ul>\n<p data-start=\"1080\" data-end=\"1319\">Ure\u0111aj je potpuno otporan na koroziju, \u0161to je \u010desta mana ure\u0111aja koji rade u prisustvu soli. Profesionalni <strong data-start=\"1187\" data-end=\"1267\">touch screen sistem omogu\u0107ava preciznu kontrolu koncentracije soli u vazduhu<\/strong>, \u010dime se osigurava optimalna i bezbedna terapija.<\/p>\n<h3 data-start=\"1321\" data-end=\"1349\">Tehni\u010dke karakteristike:<\/h3>\n<ul data-start=\"1350\" data-end=\"1477\">\n<li data-start=\"1350\" data-end=\"1366\">\n<p data-start=\"1352\" data-end=\"1366\">Te\u017eina: 8 kg<\/p>\n<\/li>\n<li data-start=\"1367\" data-end=\"1386\">\n<p data-start=\"1369\" data-end=\"1386\">Potro\u0161nja: 60 W<\/p>\n<\/li>\n<li data-start=\"1387\" data-end=\"1418\">\n<p data-start=\"1389\" data-end=\"1418\">Elektri\u010dni napon: 100\u2013240 V<\/p>\n<\/li>\n<li data-start=\"1419\" data-end=\"1452\">\n<p data-start=\"1421\" data-end=\"1452\">Dimenzije: 335 \u00d7 510 \u00d7 180 mm<\/p>\n<\/li>\n<li data-start=\"1453\" data-end=\"1477\">\n<p data-start=\"1455\" data-end=\"1477\">Garancija: 36 meseci<\/p>\n<\/li>\n<\/ul>\n<h3 data-start=\"1479\" data-end=\"1502\">Dodatne pogodnosti:<\/h3>\n<ul data-start=\"1503\" data-end=\"1579\">\n<li data-start=\"1503\" data-end=\"1548\">\n<p data-start=\"1505\" data-end=\"1548\">Ugradnja i obuka osoblja uklju\u010dena u cenu<\/p>\n<\/li>\n<li data-start=\"1549\" data-end=\"1579\">\n<p data-start=\"1551\" data-end=\"1579\">So gratis za prvu kupovinu<\/p>\n<\/li>\n<\/ul>\n<p data-start=\"1581\" data-end=\"1751\"><strong data-start=\"1581\" data-end=\"1605\">VivaSalt Comfortable<\/strong> predstavlja pouzdano i profesionalno re\u0161enje za sve koji \u017eele <strong data-start=\"1668\" data-end=\"1715\">efikasnu, dugotrajnu i sigurnu haloterapiju<\/strong> u slanim sobama srednje veli\u010dine.<\/p>","protected":false},"excerpt":{"rendered":"<p>VivaSalt Comfortable \u2013 profesionalni halogenerator za slane sobe VivaSalt Comfortable proizvodi najsitnije \u010destice soli, tzv. aerosole, i samo pomo\u0107u ovako finih \u010destica mogu\u0107a je efektivna haloterapija. Aerosoli se ravnomerno raspr\u0161uju u prostoru slane sobe i disanjem dospevaju duboko u respiratorni sistem, pru\u017eaju\u0107i maksimalne terapeutske efekte. Ovaj halogenerator je namenjen za slane sobe zapremine do 100 [&hellip;]<\/p>\n","protected":false},"featured_media":23181,"template":"","meta":[],"product_brand":[],"product_cat":[5055,5054,5032],"product_tag":[],"class_list":{"0":"post-23180","1":"product","2":"type-product","3":"status-publish","4":"has-post-thumbnail","6":"product_cat-halogeneratori-za-slane-sobe","7":"product_cat-slane-sobe","8":"product_cat-spa-wellness","10":"first","11":"instock","12":"sold-individually","13":"purchasable","14":"product-type-simple"},"_links":{"self":[{"href":"https:\/\/hidroterm.dmcsrbija.com\/ru\/wp-json\/wp\/v2\/product\/23180","targetHints":{"allow":["GET"]}}],"collection":[{"href":"https:\/\/hidroterm.dmcsrbija.com\/ru\/wp-json\/wp\/v2\/product"}],"about":[{"href":"https:\/\/hidroterm.dmcsrbija.com\/ru\/wp-json\/wp\/v2\/types\/product"}],"wp:featuredmedia":[{"embeddable":true,"href":"https:\/\/hidroterm.dmcsrbija.com\/ru\/wp-json\/wp\/v2\/media\/23181"}],"wp:attachment":[{"href":"https:\/\/hidroterm.dmcsrbija.com\/ru\/wp-json\/wp\/v2\/media?parent=23180"}],"wp:term":[{"taxonomy":"product_brand","embeddable":true,"href":"https:\/\/hidroterm.dmcsrbija.com\/ru\/wp-json\/wp\/v2\/product_brand?post=23180"},{"taxonomy":"product_cat","embeddable":true,"href":"https:\/\/hidroterm.dmcsrbija.com\/ru\/wp-json\/wp\/v2\/product_cat?post=23180"},{"taxonomy":"product_tag","embeddable":true,"href":"https:\/\/hidroterm.dmcsrbija.com\/ru\/wp-json\/wp\/v2\/product_tag?post=23180"}],"curies":[{"name":"wp","href":"https:\/\/api.w.org\/{rel}","templated":true}]}}