{"id":23168,"date":"2026-03-18T08:32:08","date_gmt":"2026-03-18T07:32:08","guid":{"rendered":"https:\/\/hidroterm.dmcsrbija.com\/proizvod\/pescani-sat-za-saunu-svetla-bor-kd-318\/"},"modified":"2026-03-18T08:32:14","modified_gmt":"2026-03-18T07:32:14","slug":"pescani-sat-za-saunu-svetla-bor-kd-318","status":"publish","type":"product","link":"https:\/\/hidroterm.dmcsrbija.com\/ru\/proizvod\/pescani-sat-za-saunu-svetla-bor-kd-318\/","title":{"rendered":"Pescani sat za saunu svetla bor KD-318"},"content":{"rendered":"<h2 data-start=\"156\" data-end=\"430\"><strong data-start=\"156\" data-end=\"186\">Pe\u0161\u010dani sat za saunu KD318<\/strong><\/h2>\n<p data-start=\"156\" data-end=\"430\"><strong data-start=\"156\" data-end=\"186\">Pe\u0161\u010dani sat za saunu KD318<\/strong> je prakti\u010dan i pouzdan dodatak namenjen kontroli vremena provedenog u sauni, \u010dime doprinosi bezbednom i pravilnom sauniranju. Ovaj tip sata posebno je prilago\u0111en uslovima u sauni, gde su prisutne visoke temperature i pove\u0107ana vla\u017enost vazduha.<\/p>\n<p data-start=\"432\" data-end=\"763\">Sat funkcioni\u0161e na principu <strong data-start=\"460\" data-end=\"482\">pe\u0161\u010danog mehanizma<\/strong>, pri \u010demu sitne \u010destice peska ravnomerno prolaze kroz staklenu cev i jasno prikazuju protok vremena. Korisnik lako mo\u017ee pratiti trajanje sauniranja posmatraju\u0107i nivo peska u gornjem ili donjem delu staklene posude, bez potrebe za elektri\u010dnim napajanjem ili dodatnim pode\u0161avanjima.<\/p>\n<p data-start=\"765\" data-end=\"1057\">Pe\u0161\u010dani sat za saunu KD318 predvi\u0111en je za <strong data-start=\"808\" data-end=\"825\">zidnu monta\u017eu<\/strong> i postavlja se na vidljivo mesto unutar saune, kako bi bio lako dostupan i pregledan tokom kori\u0161\u0107enja. Njegov jednostavan i funkcionalan dizajn omogu\u0107ava lako uklapanje u razli\u010dite tipove sauna, kako privatne, tako i profesionalne.<\/p>\n<p data-start=\"1059\" data-end=\"1217\"><strong data-start=\"1059\" data-end=\"1089\">Pe\u0161\u010dani sat za saunu KD318<\/strong> predstavlja dugotrajno i efikasno re\u0161enje za merenje vremena u sauni, spajaju\u0107i prakti\u010dnost, pouzdanost i jednostavnu upotrebu.<\/p>","protected":false},"excerpt":{"rendered":"<p>Pe\u0161\u010dani sat za saunu KD318 omogu\u0107ava jednostavno i pouzdano pra\u0107enje vremena provedenog u sauni. Otporan je na uslove visoke temperature i vlage i namenjen je za zidnu monta\u017eu unutar saune.<\/p>","protected":false},"featured_media":23169,"template":"","meta":[],"product_brand":[],"product_cat":[5020,5068,5019],"product_tag":[],"class_list":{"0":"post-23168","1":"product","2":"type-product","3":"status-publish","4":"has-post-thumbnail","6":"product_cat-oprema-za-saune","7":"product_cat-pescani-satovi-za-saunu","8":"product_cat-saune","10":"first","11":"instock","12":"sold-individually","13":"purchasable","14":"product-type-simple"},"_links":{"self":[{"href":"https:\/\/hidroterm.dmcsrbija.com\/ru\/wp-json\/wp\/v2\/product\/23168","targetHints":{"allow":["GET"]}}],"collection":[{"href":"https:\/\/hidroterm.dmcsrbija.com\/ru\/wp-json\/wp\/v2\/product"}],"about":[{"href":"https:\/\/hidroterm.dmcsrbija.com\/ru\/wp-json\/wp\/v2\/types\/product"}],"wp:featuredmedia":[{"embeddable":true,"href":"https:\/\/hidroterm.dmcsrbija.com\/ru\/wp-json\/wp\/v2\/media\/23169"}],"wp:attachment":[{"href":"https:\/\/hidroterm.dmcsrbija.com\/ru\/wp-json\/wp\/v2\/media?parent=23168"}],"wp:term":[{"taxonomy":"product_brand","embeddable":true,"href":"https:\/\/hidroterm.dmcsrbija.com\/ru\/wp-json\/wp\/v2\/product_brand?post=23168"},{"taxonomy":"product_cat","embeddable":true,"href":"https:\/\/hidroterm.dmcsrbija.com\/ru\/wp-json\/wp\/v2\/product_cat?post=23168"},{"taxonomy":"product_tag","embeddable":true,"href":"https:\/\/hidroterm.dmcsrbija.com\/ru\/wp-json\/wp\/v2\/product_tag?post=23168"}],"curies":[{"name":"wp","href":"https:\/\/api.w.org\/{rel}","templated":true}]}}