{"id":23153,"date":"2026-03-18T08:32:08","date_gmt":"2026-03-18T07:32:08","guid":{"rendered":"https:\/\/hidroterm.dmcsrbija.com\/proizvod\/robot-dolphin-supreme-m500-pod-i-zid-za-baz-do-15m\/"},"modified":"2026-03-18T08:32:11","modified_gmt":"2026-03-18T07:32:11","slug":"robot-dolphin-supreme-m500-pod-i-zid-za-baz-do-15m","status":"publish","type":"product","link":"https:\/\/hidroterm.dmcsrbija.com\/ru\/proizvod\/robot-dolphin-supreme-m500-pod-i-zid-za-baz-do-15m\/","title":{"rendered":"Robot Dolphin Supreme M500 pod i zid za baz do 15m"},"content":{"rendered":"<p>Vrhunski asortiman je sledec\u0301a generacija u robotskim \u010dista\u010dima bazena, uzimajuc\u0301i sav naporan rad od \u010di\u0161c\u0301enja bazena, istovremeno obezbe\u0111ujuc\u0301i pouzdane rezultate \u010di\u0161c\u0301enja svaki put. Tu je model koji odgovara svakom bazenu.<\/p>\n<p data-start=\"39\" data-end=\"402\">Dolphin robot je savr\u0161en ure\u0111aj za automatsko \u010di\u0161\u0107enje bazena. Ovaj robot efikasno \u010disti podove, zidove i vodnu liniju va\u0161eg bazena, koriste\u0107i naprednu tehnologiju koja omogu\u0107ava optimalno skeniranje i pokrivanje bazena u kra\u0107em vremenu. Sa dodatnim sistemom za \u010di\u0161\u0107enje, dvostruko efikasnijim od standardnog, robot temeljno uklanja alge, bakterije i prljav\u0161tinu.<\/p>\n<p data-start=\"404\" data-end=\"439\"><strong data-start=\"404\" data-end=\"439\">Za\u0161to izabrati ba\u0161 ove robote?<\/strong><\/p>\n<ol data-start=\"441\" data-end=\"1628\">\n<li data-start=\"441\" data-end=\"595\"><strong data-start=\"444\" data-end=\"470\">Svestranost u \u010di\u0161\u0107enju<\/strong> \u2013 Dolphin robot \u010disti sve delove bazena, uklju\u010duju\u0107i dno, zidove i vodnu liniju, \u010dine\u0107i va\u0161e \u010di\u0161\u0107enje potpunim i temeljitim.<\/li>\n<li data-start=\"596\" data-end=\"737\"><strong data-start=\"599\" data-end=\"623\">Napredna tehnologija<\/strong> \u2013 Sa inovativnim sistemom za skeniranje i pokrivanje bazena, robot brzo i efikasno prekriva celu povr\u0161inu bazena.<\/li>\n<li data-start=\"738\" data-end=\"846\"><strong data-start=\"741\" data-end=\"765\">Dodatni sistem \u010detki<\/strong> \u2013 Dvostruko efikasniji, pru\u017ea temeljito \u010di\u0161\u0107enje i eliminaciju algi i bakterija.<\/li>\n<li data-start=\"847\" data-end=\"1055\"><strong data-start=\"850\" data-end=\"869\">Lako odr\u017eavanje<\/strong> \u2013 Filtracijski kompartmani sa gornjim otvaranjem omogu\u0107avaju jednostavno \u010di\u0161\u0107enje i odr\u017eavanje, dok dvonivo sistem filtracije uklanja sve vrste prljav\u0161tine, uklju\u010duju\u0107i i sitne \u010destice.<\/li>\n<li data-start=\"1056\" data-end=\"1185\"><strong data-start=\"1059\" data-end=\"1093\">Prevencija zapetljavanja kabla<\/strong> \u2013 Sa swivel sistemom na kablu, Dolphin robot se efikasno kre\u0107e po bazenu bez zapetljavanja.<\/li>\n<li data-start=\"1186\" data-end=\"1292\"><strong data-start=\"1189\" data-end=\"1218\">Automatska za\u0161tita motora<\/strong> \u2013 Sistem za\u0161tite motora garantuje dugotrajan rad bez brige o pregrevanju.<\/li>\n<li data-start=\"1293\" data-end=\"1399\"><strong data-start=\"1296\" data-end=\"1324\">Niska potro\u0161nja energije<\/strong> \u2013 Nizak napon i energetska efikasnost \u010dine robota ekolo\u0161kim i ekonomi\u010dnim.<\/li>\n<li data-start=\"1400\" data-end=\"1522\"><strong data-start=\"1403\" data-end=\"1429\">Jednostavno kori\u0161\u0107enje<\/strong> \u2013 Robot se automatski isklju\u010duje na kraju svakog ciklusa, a lako je odr\u017eavati i servisirati.<\/li>\n<li data-start=\"1523\" data-end=\"1628\"><strong data-start=\"1526\" data-end=\"1539\">Garancija<\/strong> \u2013 Sa 36 meseci garancije na sve delove, mo\u017eete biti sigurni u kvalitet i dugotrajan rad.<\/li>\n<\/ol>\n<p data-start=\"1630\" data-end=\"1652\"><strong data-start=\"1630\" data-end=\"1652\">Klju\u010dne prednosti:<\/strong><\/p>\n<ul data-start=\"1654\" data-end=\"1987\">\n<li data-start=\"1654\" data-end=\"1683\"><strong data-start=\"1656\" data-end=\"1673\">Vreme ciklusa<\/strong>: 2,5 sata<\/li>\n<li data-start=\"1684\" data-end=\"1708\"><strong data-start=\"1686\" data-end=\"1702\">Du\u017eina kabla<\/strong>: 18 m<\/li>\n<li data-start=\"1709\" data-end=\"1765\"><strong data-start=\"1711\" data-end=\"1732\">Sistem filtracije<\/strong>: Ultra-fina mikronska filtracija<\/li>\n<li data-start=\"1766\" data-end=\"1804\"><strong data-start=\"1768\" data-end=\"1789\">Brzina usisavanja<\/strong>: 17 m\u00b3 po satu<\/li>\n<li data-start=\"1805\" data-end=\"1857\"><strong data-start=\"1807\" data-end=\"1842\">Spre\u010davanje zapetljavanja kabla<\/strong>: Swivel sistem<\/li>\n<li data-start=\"1858\" data-end=\"1902\"><strong data-start=\"1860\" data-end=\"1888\">Niska potro\u0161nja energije<\/strong>: 24 VDC motor<\/li>\n<li data-start=\"1903\" data-end=\"1922\"><strong data-start=\"1905\" data-end=\"1915\">Te\u017eina<\/strong>: 10 kg<\/li>\n<li data-start=\"1923\" data-end=\"1987\"><strong data-start=\"1925\" data-end=\"1951\">Jednostavno odr\u017eavanje<\/strong>: DIY odr\u017eavanje i lako servisiranje<\/li>\n<\/ul>\n<p data-start=\"1989\" data-end=\"2170\" data-is-last-node=\"\" data-is-only-node=\"\">Dolphin robot je idealan za sve vrste bazena, pru\u017eaju\u0107i vrhunske performanse i efikasnost u \u010di\u0161\u0107enju. Nabavite ga ve\u0107 danas i u\u017eivajte u savr\u0161enom, bezbri\u017enom \u010di\u0161\u0107enju va\u0161eg bazena!<\/p>\n<p>&nbsp;<\/p>","protected":false},"excerpt":{"rendered":"<p><strong data-start=\"0\" data-end=\"34\" data-is-only-node=\"\">Dolphin Supreme M200 CB <\/strong>\u00a0je robot za bazene dizajniran za efikasno \u010di\u0161\u0107enje podova i zidova bazena do 15m du\u017eine. Sa naprednim navigacionim sistemom CleverClean\u2122, ovaj robot precizno skenira i \u010disti svaki deo bazena, uklju\u010duju\u0107i te\u0161ko dostupna mesta kao \u0161to su spojevi poda i zidova. Filtracija sa ultra-finom filter vre\u0107icom osigurava uklanjanje sitnih \u010destica, dok du\u017eina kabla od 18 m sa okretnim elementom spre\u010dava zapetljavanje. Savr\u0161en je za jednostavno i brzo odr\u017eavanje va\u0161eg bazena!<\/p>","protected":false},"featured_media":23154,"template":"","meta":[],"product_brand":[],"product_cat":[4992],"product_tag":[],"class_list":{"0":"post-23153","1":"product","2":"type-product","3":"status-publish","4":"has-post-thumbnail","6":"product_cat-roboti-za-bazene","8":"first","9":"instock","10":"sold-individually","11":"purchasable","12":"product-type-simple"},"_links":{"self":[{"href":"https:\/\/hidroterm.dmcsrbija.com\/ru\/wp-json\/wp\/v2\/product\/23153","targetHints":{"allow":["GET"]}}],"collection":[{"href":"https:\/\/hidroterm.dmcsrbija.com\/ru\/wp-json\/wp\/v2\/product"}],"about":[{"href":"https:\/\/hidroterm.dmcsrbija.com\/ru\/wp-json\/wp\/v2\/types\/product"}],"wp:featuredmedia":[{"embeddable":true,"href":"https:\/\/hidroterm.dmcsrbija.com\/ru\/wp-json\/wp\/v2\/media\/23154"}],"wp:attachment":[{"href":"https:\/\/hidroterm.dmcsrbija.com\/ru\/wp-json\/wp\/v2\/media?parent=23153"}],"wp:term":[{"taxonomy":"product_brand","embeddable":true,"href":"https:\/\/hidroterm.dmcsrbija.com\/ru\/wp-json\/wp\/v2\/product_brand?post=23153"},{"taxonomy":"product_cat","embeddable":true,"href":"https:\/\/hidroterm.dmcsrbija.com\/ru\/wp-json\/wp\/v2\/product_cat?post=23153"},{"taxonomy":"product_tag","embeddable":true,"href":"https:\/\/hidroterm.dmcsrbija.com\/ru\/wp-json\/wp\/v2\/product_tag?post=23153"}],"curies":[{"name":"wp","href":"https:\/\/api.w.org\/{rel}","templated":true}]}}