{"id":23151,"date":"2026-03-18T08:32:08","date_gmt":"2026-03-18T07:32:08","guid":{"rendered":"https:\/\/hidroterm.dmcsrbija.com\/proizvod\/robot-zodiac-rt3200\/"},"modified":"2026-03-18T08:32:11","modified_gmt":"2026-03-18T07:32:11","slug":"robot-zodiac-rt3200","status":"publish","type":"product","link":"https:\/\/hidroterm.dmcsrbija.com\/ru\/proizvod\/robot-zodiac-rt3200\/","title":{"rendered":"Robot Zodiac RT3200"},"content":{"rendered":"<h3 data-start=\"0\" data-end=\"315\">Robot Zodiac RT3200- vrhunsko efikasni robot za \u0107i\u0161\u0107enje bazena<\/h3>\n<p data-start=\"0\" data-end=\"315\">Zodiac RT 3200 je vrhunski robot za \u010di\u0161\u0107enje bazena koji omogu\u0107ava brzo i efikasno \u010di\u0161\u0107enje svih delova bazena \u2013 od dna, preko zidova, do linije vode. Ovaj robot je idealan izbor za vlasnike bazena srednje veli\u010dine (do 10 x 5 m) koji \u017eele kristalno \u010distu vodu bez napora. Pogodan je za sve bazene \u010dvrstih zidova bez obzira na materijal od kog su izgra\u0111eni-ne o\u0161te\u0107uje lajner, poliester ,PVC,plo\u010dice, pogodan i za bazene sa farbanim betonom.<\/p>\n<p data-start=\"0\" data-end=\"315\"><strong> Klju\u010dne prednosti Zodiac RT 3200 uklju\u010duju:<\/strong><\/p>\n<ul data-start=\"317\" data-end=\"965\">\n<li data-start=\"317\" data-end=\"489\"><strong data-start=\"319\" data-end=\"342\">Pametna navigacija:<\/strong> Zahvaljuju\u0107i naprednom navigacionom sistemu, robot se efikasno kre\u0107e po celom bazenu, izbegava prepreke i optimizuje putanju za temeljno \u010di\u0161\u0107enje.<\/li>\n<li data-start=\"490\" data-end=\"602\"><strong data-start=\"492\" data-end=\"518\">Vi\u0161enamensko \u010di\u0161\u0107enje:<\/strong> \u010cisti dno, zidove i liniju vode, \u0161to omogu\u0107ava potpunu higijenu svih delova bazena.<\/li>\n<li data-start=\"603\" data-end=\"737\"><strong data-start=\"605\" data-end=\"634\">Sna\u017ean sistem usisavanja:<\/strong> Sistem \u010detkica \u010disti sve povr\u0161ine pre nego \u0161to ih fini filter pokupi i pro\u010disti, robot uspe\u0161no uklanja li\u0161\u0107e, pesak, prljav\u0161tinu i druge ne\u010disto\u0107e. Poseduje filter od 100<\/li>\n<li data-start=\"738\" data-end=\"831\"><strong data-start=\"740\" data-end=\"767\">Jednostavno odr\u017eavanje:<\/strong> Filter se lako \u010disti, smanjuju\u0107i potrebu za \u010destim odr\u017eavanjem. Filteru se lako pristupa sa gornje strane robota, nemorate da dolazite u kontakt sa prljav\u0161tinom ve\u0107 samo isperete filter.<\/li>\n<li data-start=\"832\" data-end=\"965\"><strong data-start=\"834\" data-end=\"856\">Ergonomski dizajn:<\/strong> Kompaktan i lagan dizajn \u010dini robot koji te\u017ei svega 5,5kg lako prenosivim.A duga\u010dak kabl od 15metara omogu\u0107ava slobodno kretanje po bazenu.<\/li>\n<li data-start=\"832\" data-end=\"965\"><strong>Sigurnosni sistem:<\/strong> Robot je opremljen funkcijom automatskog zaustavljanja rada van vode, \u010dime se obezbe\u0111uje sigurnost i spre\u010dava bilo kakva o\u0161te\u0107enja.<\/li>\n<\/ul>\n<p>&nbsp;<\/p>\n<p data-start=\"967\" data-end=\"1203\">Zodiac RT 3200 se odlikuje i izuzetnom energetskom efikasno\u0161\u0107u, uz minimalnu potro\u0161nju energije, dok dvogodi\u0161nja garancija pru\u017ea sigurnost u kvalitet. Ako \u017eelite besprekorno \u010dist bazen bez puno truda, ovaj robot je pravo re\u0161enje za vas.<\/p>\n<p data-start=\"1924\" data-end=\"2232\" data-is-last-node=\"\" data-is-only-node=\"\">","protected":false},"excerpt":{"rendered":"<p>Zodiac RT 3200 je efikasan robot za \u010di\u0161\u0107enje bazena, sa pametnom navigacijom, sna\u017enim usisavanjem i jednostavnim odr\u017eavanjem za besprekornu \u010disto\u0107u.<\/p>","protected":false},"featured_media":23152,"template":"","meta":[],"product_brand":[],"product_cat":[4992],"product_tag":[],"class_list":{"0":"post-23151","1":"product","2":"type-product","3":"status-publish","4":"has-post-thumbnail","6":"product_cat-roboti-za-bazene","8":"first","9":"instock","10":"sold-individually","11":"purchasable","12":"product-type-simple"},"_links":{"self":[{"href":"https:\/\/hidroterm.dmcsrbija.com\/ru\/wp-json\/wp\/v2\/product\/23151","targetHints":{"allow":["GET"]}}],"collection":[{"href":"https:\/\/hidroterm.dmcsrbija.com\/ru\/wp-json\/wp\/v2\/product"}],"about":[{"href":"https:\/\/hidroterm.dmcsrbija.com\/ru\/wp-json\/wp\/v2\/types\/product"}],"wp:featuredmedia":[{"embeddable":true,"href":"https:\/\/hidroterm.dmcsrbija.com\/ru\/wp-json\/wp\/v2\/media\/23152"}],"wp:attachment":[{"href":"https:\/\/hidroterm.dmcsrbija.com\/ru\/wp-json\/wp\/v2\/media?parent=23151"}],"wp:term":[{"taxonomy":"product_brand","embeddable":true,"href":"https:\/\/hidroterm.dmcsrbija.com\/ru\/wp-json\/wp\/v2\/product_brand?post=23151"},{"taxonomy":"product_cat","embeddable":true,"href":"https:\/\/hidroterm.dmcsrbija.com\/ru\/wp-json\/wp\/v2\/product_cat?post=23151"},{"taxonomy":"product_tag","embeddable":true,"href":"https:\/\/hidroterm.dmcsrbija.com\/ru\/wp-json\/wp\/v2\/product_tag?post=23151"}],"curies":[{"name":"wp","href":"https:\/\/api.w.org\/{rel}","templated":true}]}}