{"id":23149,"date":"2026-03-18T08:32:08","date_gmt":"2026-03-18T07:32:08","guid":{"rendered":"https:\/\/hidroterm.dmcsrbija.com\/proizvod\/poliesterski-bazen-5-x-25-x-15m\/"},"modified":"2026-03-18T08:32:11","modified_gmt":"2026-03-18T07:32:11","slug":"poliesterski-bazen-5-x-25-x-15m","status":"publish","type":"product","link":"https:\/\/hidroterm.dmcsrbija.com\/ru\/proizvod\/poliesterski-bazen-5-x-25-x-15m\/","title":{"rendered":"Poliesterski bazen 5 x 2,5 x 1,5m"},"content":{"rendered":"<h2 data-start=\"140\" data-end=\"201\"><strong>Poliesterski bazeni \u2013 brzo, pouzdano i dugotrajno re\u0161enje<\/strong><\/h2>\n<p data-start=\"203\" data-end=\"559\">Poliesterski bazeni predstavljaju jedno od najprakti\u010dnijih i najtra\u017eenijih re\u0161enja za privatne i komercijalne bazene. U zavisnosti od dimenzija, bazeni se isporu\u010duju iz jednog komada ili kao modularni sistemi koji se sastavljaju na licu mesta.<\/p>\n<p data-start=\"561\" data-end=\"730\">Zahvaljuju\u0107i savremenoj tehnologiji izrade, vek trajanja poliesterskih bazena je du\u017ei od 20 godina, uz minimalno odr\u017eavanje i visoku otpornost na spolja\u0161nje uticaje.<\/p>\n<p><strong>*Cene su iskazane bez PDV-a<\/strong><\/p>\n<h3 data-start=\"737\" data-end=\"771\"><strong>Prednosti poliesterskih bazena<\/strong><\/h3>\n<ul>\n<li data-start=\"774\" data-end=\"802\">Brza i jednostavna monta\u017ea<\/li>\n<li data-start=\"805\" data-end=\"850\">Nema potrebe za klasi\u010dnim betonskim bazenom<\/li>\n<li data-start=\"853\" data-end=\"889\">Dug vek trajanja (preko 20 godina)<\/li>\n<li data-start=\"892\" data-end=\"941\">Glatka, neporozna povr\u0161ina \u2013 laka za odr\u017eavanje<\/li>\n<li data-start=\"944\" data-end=\"985\">Mogu\u0107nost kompletne isporuke sa opremom<\/li>\n<\/ul>\n<h3 data-start=\"992\" data-end=\"1011\"><strong>Proces ugradnje<\/strong><\/h3>\n<p data-start=\"1012\" data-end=\"1146\">Poliesterski bazeni su monta\u017eni bazeni i njihova velika prednost je \u0161to se ugra\u0111uju bez klasi\u010dne betonske izrade bazenske \u0161koljke.<\/p>\n<p data-start=\"1148\" data-end=\"1166\">Postupak ugradnje:<\/p>\n<ol data-start=\"1167\" data-end=\"1354\">\n<li data-start=\"1167\" data-end=\"1207\">\n<p data-start=\"1170\" data-end=\"1207\">Iskop jame prema dimenzijama bazena<\/p>\n<\/li>\n<li data-start=\"1208\" data-end=\"1277\">\n<p data-start=\"1211\" data-end=\"1277\">Priprema prostora za ma\u0161insku sobu (filtracija i dodatna oprema)<\/p>\n<\/li>\n<li data-start=\"1278\" data-end=\"1312\">\n<p data-start=\"1281\" data-end=\"1312\">Postavljanje bazenske \u0161koljke<\/p>\n<\/li>\n<li data-start=\"1313\" data-end=\"1354\">\n<p data-start=\"1316\" data-end=\"1354\">Monta\u017ea opreme i povezivanje sistema<\/p>\n<\/li>\n<\/ol>\n<p data-start=\"1356\" data-end=\"1473\">Kompletna monta\u017ea mo\u017ee biti zavr\u0161ena u roku od 3 do 4 dana, a sve stru\u010dne radove izvode na\u0161i obu\u010deni monteri. Obaveza investitora je da obezbedi sme\u0161taj monterima.<\/p>\n<h3 data-start=\"1480\" data-end=\"1528\"><strong>\u0160ta je uklju\u010deno u cenu poliesterskog bazena<\/strong><\/h3>\n<p data-start=\"1529\" data-end=\"1575\">Prikazana cena poliesterskih bazena uklju\u010duje:<\/p>\n<ul>\n<li data-start=\"1578\" data-end=\"1619\">Bazensku \u0161koljku izra\u0111enu od poliestera<\/li>\n<li data-start=\"1622\" data-end=\"1655\">Emaux filter sa peskom i pumpom<\/li>\n<li data-start=\"1658\" data-end=\"1667\">Slivnik<\/li>\n<li data-start=\"1670\" data-end=\"1678\">Skimer<\/li>\n<li data-start=\"1681\" data-end=\"1708\">Povratne mlaznice \u2013 2 kom<\/li>\n<li data-start=\"1711\" data-end=\"1754\">LED reflektor sa transformatorom<\/li>\n<li data-start=\"1757\" data-end=\"1785\">Set za usisavanje i tester<\/li>\n<li data-start=\"1788\" data-end=\"1804\">Cevi i fitinge<\/li>\n<li data-start=\"1807\" data-end=\"1833\">Monta\u017eu kompletne opreme<\/li>\n<li data-start=\"1836\" data-end=\"1928\">Betoniranje bazena i izradu serkla\u017ea<br data-start=\"1871\" data-end=\"1874\" \/><em data-start=\"1876\" data-end=\"1926\">(materijal za betoniranje obezbe\u0111uje investitor)<\/em><\/li>\n<\/ul>\n<p><em>* Cene su iskazane bez PDV-a<br \/>\n**Prevoz bazena nije ura\u010dunat u cenu i napla\u0107uje se po km do mesta monta\u017ee.<\/em><\/p>\n<h3 data-start=\"1935\" data-end=\"1978\"><strong>Uputstvo za gra\u0111evinske radove<\/strong><\/h3>\n<p data-start=\"1979\" data-end=\"2048\">Gra\u0111evinske radove obezbe\u0111uje investitor i orijentaciona cena gra\u0111evinskih radova iznosi 5.500 \u20ac i obuhvata:<\/p>\n<ul>\n<li data-start=\"2051\" data-end=\"2123\">Iskop jame (10 cm ve\u0107e dimenzije po du\u017eini i \u0161irini u odnosu na bazen)<\/li>\n<li data-start=\"2126\" data-end=\"2156\">Tamponiranje podloge \u2013 10 cm<\/li>\n<li data-start=\"2159\" data-end=\"2219\">Betoniranje armirane plo\u010de (armatura fi 8, debljina 15 cm)<\/li>\n<li data-start=\"2222\" data-end=\"2278\">Zidanje ma\u0161inske sobe minimalnih dimenzija 2 \u00d7 2 \u00d7 2 m<\/li>\n<li data-start=\"2281\" data-end=\"2312\">Materijal za zalivanje bazena<\/li>\n<\/ul>","protected":false},"excerpt":{"rendered":"<p>Poliesterski bazeni su moderno i pouzdano re\u0161enje koje omogu\u0107ava brzo postavljanje i dug vek trajanja. Izra\u0111eni od visokokvalitetnog poliestera, odlikuju se glatkom povr\u0161inom, lakim odr\u017eavanjem i visokom otporno\u0161\u0107u na spolja\u0161nje uticaje. Dostupni su u razli\u010ditim dimenzijama i modelima, a zahvaljuju\u0107i brzoj monta\u017ei i kompletnoj opremi, idealni su za privatna dvori\u0161ta i vikendice.<\/p>","protected":false},"featured_media":23150,"template":"","meta":[],"product_brand":[],"product_cat":[5064],"product_tag":[],"class_list":{"0":"post-23149","1":"product","2":"type-product","3":"status-publish","4":"has-post-thumbnail","6":"product_cat-poliesterski-bazeni","8":"first","9":"instock","10":"sold-individually","11":"purchasable","12":"product-type-simple"},"_links":{"self":[{"href":"https:\/\/hidroterm.dmcsrbija.com\/ru\/wp-json\/wp\/v2\/product\/23149","targetHints":{"allow":["GET"]}}],"collection":[{"href":"https:\/\/hidroterm.dmcsrbija.com\/ru\/wp-json\/wp\/v2\/product"}],"about":[{"href":"https:\/\/hidroterm.dmcsrbija.com\/ru\/wp-json\/wp\/v2\/types\/product"}],"wp:featuredmedia":[{"embeddable":true,"href":"https:\/\/hidroterm.dmcsrbija.com\/ru\/wp-json\/wp\/v2\/media\/23150"}],"wp:attachment":[{"href":"https:\/\/hidroterm.dmcsrbija.com\/ru\/wp-json\/wp\/v2\/media?parent=23149"}],"wp:term":[{"taxonomy":"product_brand","embeddable":true,"href":"https:\/\/hidroterm.dmcsrbija.com\/ru\/wp-json\/wp\/v2\/product_brand?post=23149"},{"taxonomy":"product_cat","embeddable":true,"href":"https:\/\/hidroterm.dmcsrbija.com\/ru\/wp-json\/wp\/v2\/product_cat?post=23149"},{"taxonomy":"product_tag","embeddable":true,"href":"https:\/\/hidroterm.dmcsrbija.com\/ru\/wp-json\/wp\/v2\/product_tag?post=23149"}],"curies":[{"name":"wp","href":"https:\/\/api.w.org\/{rel}","templated":true}]}}