{"id":23143,"date":"2026-03-18T08:32:08","date_gmt":"2026-03-18T07:32:08","guid":{"rendered":"https:\/\/hidroterm.dmcsrbija.com\/proizvod\/zodiac-robot-rv5300-sa-vortex-tehnologijom-za-bazene-do-72m%c2%b2\/"},"modified":"2026-03-18T08:32:09","modified_gmt":"2026-03-18T07:32:09","slug":"zodiac-robot-rv5300-sa-vortex-tehnologijom-za-bazene-do-72m%c2%b2","status":"publish","type":"product","link":"https:\/\/hidroterm.dmcsrbija.com\/ru\/proizvod\/zodiac-robot-rv5300-sa-vortex-tehnologijom-za-bazene-do-72m%c2%b2\/","title":{"rendered":"Zodiac robot RV5300 sa VORTEX\u2122 tehnologijom za bazene do 72m\u00b2"},"content":{"rendered":"<h3 data-start=\"0\" data-end=\"49\"><strong data-start=\"0\" data-end=\"49\">Zodiac robot RV5300 sa VORTEX\u2122 tehnologijom za bazene do 72m\u00b2<\/strong><\/h3>\n<p data-start=\"51\" data-end=\"492\">Ovaj patentirani robot koristi VORTEX\u2122 tehnologiju, koja omogu\u0107ava sna\u017eno i konstantno ciklonsko usisavanje tokom celog procesa \u010di\u0161\u0107enja. Efekat Vortex-a stvara sna\u017ean vrtlog unutar filtera, \u0161to omogu\u0107ava da ne\u010disto\u0107e ostanu u suspendovanom stanju, \u010dime se spre\u010dava za\u010depljenje filtera. Pored toga, robot koristi automatski korektor putanje ActivMotion Sensor\u2122, \u010dime se smanjuje zapetljavanje kabla, \u0161to omogu\u0107ava br\u017ee i efikasnije \u010di\u0161\u0107enje.<\/p>\n<p data-start=\"494\" data-end=\"521\"><strong data-start=\"494\" data-end=\"521\">Klju\u010dne karakteristike:<\/strong><\/p>\n<ul data-start=\"523\" data-end=\"1206\">\n<li data-start=\"523\" data-end=\"614\"><strong data-start=\"525\" data-end=\"556\">Opcionalni ciklusi \u010di\u0161\u0107enja<\/strong>: Samo dno (1h30m), ili dno, zidovi i linija vode (2h30m).<\/li>\n<li data-start=\"615\" data-end=\"687\"><strong data-start=\"617\" data-end=\"645\">Extra \u0161iroka usisna usta<\/strong>: Sposobna da usisava sve vrste ne\u010disto\u0107a.<\/li>\n<li data-start=\"688\" data-end=\"759\"><strong data-start=\"690\" data-end=\"715\">Sistem zadnjeg pogona<\/strong>: Omogu\u0107ava \u010di\u0161\u0107enje te\u0161ko dostupnih uglova.<\/li>\n<li data-start=\"760\" data-end=\"902\"><strong data-start=\"762\" data-end=\"790\">Veliki kapacitet filtera<\/strong>: Filteri su sme\u0161teni na vrhu robota, a \u010di\u0161\u0107enje se vr\u0161i jednim klikom bez potrebe za kontaktom sa prljav\u0161tinom.<\/li>\n<li data-start=\"903\" data-end=\"1016\"><strong data-start=\"905\" data-end=\"930\">Olak\u0161ana ispusna voda<\/strong>: Dr\u017ea\u010d na prednjoj strani i izlazna cev sa zadnje strane omogu\u0107avaju lako pra\u017enjenje.<\/li>\n<li data-start=\"1017\" data-end=\"1206\"><strong data-start=\"1019\" data-end=\"1040\">Svi tipovi bazena<\/strong>: Pogodan za podzemne i nadzemne bazene sa \u010dvrstim zidovima do 15m x 7m. \u010cisti sve vrste dna i premazane materijale poput obloge, poliestera, PVC-a i farbanog betona.<\/li>\n<\/ul>\n<p data-start=\"1208\" data-end=\"1243\"><strong data-start=\"1208\" data-end=\"1243\">Za\u0161to izabrati ba\u0161 ovog robota?<\/strong><\/p>\n<p data-start=\"1245\" data-end=\"1737\" data-is-last-node=\"\" data-is-only-node=\"\">Zodiac robot sa VORTEX\u2122 tehnologijom pru\u017ea izuzetno efikasno \u010di\u0161\u0107enje bazena, zahvaljuju\u0107i sna\u017enom ciklonskom usisavanju i velikoj snazi. Njegov pametan sistem za korekciju putanje smanjuje zapetljavanje kabla, dok \u0161iroka usisna usta omogu\u0107avaju brzo uklanjanje svih vrsta prljav\u0161tine. Svi njegovi delovi su dizajnirani da omogu\u0107e lako odr\u017eavanje, sa pristupom filteru sa vrha, \u010dime se spre\u010dava kontakt sa prljav\u0161tinom. Idealno je re\u0161enje za vlasnike bazena svih oblika i tipova dno i obloge.<\/p>\n<p>&nbsp;<\/p>","protected":false},"excerpt":{"rendered":"<p>Zodiac RV5300 robot za bazene s naprednim sistemom \u010di\u0161\u0107enja, efikasno usisava dno, zidove i vodenu liniju, idealan za bazene do 15&#215;7 m.<\/p>","protected":false},"featured_media":23144,"template":"","meta":[],"product_brand":[],"product_cat":[4992],"product_tag":[],"class_list":{"0":"post-23143","1":"product","2":"type-product","3":"status-publish","4":"has-post-thumbnail","6":"product_cat-roboti-za-bazene","8":"first","9":"instock","10":"sold-individually","11":"purchasable","12":"product-type-simple"},"_links":{"self":[{"href":"https:\/\/hidroterm.dmcsrbija.com\/ru\/wp-json\/wp\/v2\/product\/23143","targetHints":{"allow":["GET"]}}],"collection":[{"href":"https:\/\/hidroterm.dmcsrbija.com\/ru\/wp-json\/wp\/v2\/product"}],"about":[{"href":"https:\/\/hidroterm.dmcsrbija.com\/ru\/wp-json\/wp\/v2\/types\/product"}],"wp:featuredmedia":[{"embeddable":true,"href":"https:\/\/hidroterm.dmcsrbija.com\/ru\/wp-json\/wp\/v2\/media\/23144"}],"wp:attachment":[{"href":"https:\/\/hidroterm.dmcsrbija.com\/ru\/wp-json\/wp\/v2\/media?parent=23143"}],"wp:term":[{"taxonomy":"product_brand","embeddable":true,"href":"https:\/\/hidroterm.dmcsrbija.com\/ru\/wp-json\/wp\/v2\/product_brand?post=23143"},{"taxonomy":"product_cat","embeddable":true,"href":"https:\/\/hidroterm.dmcsrbija.com\/ru\/wp-json\/wp\/v2\/product_cat?post=23143"},{"taxonomy":"product_tag","embeddable":true,"href":"https:\/\/hidroterm.dmcsrbija.com\/ru\/wp-json\/wp\/v2\/product_tag?post=23143"}],"curies":[{"name":"wp","href":"https:\/\/api.w.org\/{rel}","templated":true}]}}