{"id":23141,"date":"2026-03-18T08:32:08","date_gmt":"2026-03-18T07:32:08","guid":{"rendered":"https:\/\/hidroterm.dmcsrbija.com\/proizvod\/robot-zodiac-rc4402\/"},"modified":"2026-03-18T08:32:09","modified_gmt":"2026-03-18T07:32:09","slug":"robot-zodiac-rc4402","status":"publish","type":"product","link":"https:\/\/hidroterm.dmcsrbija.com\/ru\/proizvod\/robot-zodiac-rc4402\/","title":{"rendered":"Robot Zodiac RC4402"},"content":{"rendered":"<h2 data-start=\"0\" data-end=\"43\"><strong data-start=\"0\" data-end=\"43\">ZODIAC RC 4402 CyclonX\u00a0<\/strong><\/h2>\n<p data-start=\"45\" data-end=\"441\">Zodiac pro\u0161iruje svoju ponudu elektri\u010dnih usisiva\u010da za bazene sa novom linijom CyclonX\u2122. Zahvaljuju\u0107i ciklonskom usisavanju, stvara vrtlog unutar filtera koji odr\u017eava prljav\u0161tinu u vazduhu, spre\u010davaju\u0107i njen prijanjanje na zidove filtera, bez gubitka usisne mo\u0107i. Pored toga, svi usisiva\u010di iz CyclonX\u2122 linije opremljeni su inovativnom Push\u2019n\u2019Go\u2122 tehnologijom koja omogu\u0107ava lako \u010di\u0161\u0107enje filtera.Zodiac robot namenjen za \u010di\u0161\u0107enje poda, zida i vodenih linija bazena.\u00a0 Model Zodiac RC440 \u010disti dno i zidove bazena uz 6 ciklusa \u010di\u0161\u0107enja uklju\u010duju\u0107i i 3 specijalna programa za \u010di\u0161\u0107enje pod bazena. Posebno, funkcija povr\u0161inskog kontrolnog sistema omogu\u0107ava rad robota. Idealan za sve tipove bazena, bez obzira na oblik.Mo\u017ee se upotrebljavati na slede\u0107im podlogama: premaz, poliesterska oplata, oja\u010dani PVC, obojeni beton, plo\u010dice (optimizirajuc\u0301a sa \u010detkom za plo\u010dice). Specijalno je namenjen za\u00a0 bazene dimenzija do\u00a0 12&#215;6 m.<\/p>\n<p data-start=\"443\" data-end=\"470\"><strong data-start=\"443\" data-end=\"470\">Klju\u010dne karakteristike:<\/strong><\/p>\n<ul data-start=\"471\" data-end=\"1346\">\n<li data-start=\"471\" data-end=\"675\"><strong data-start=\"473\" data-end=\"511\">Patentiovana CyclonX\u2122 tehnologija:<\/strong> Stvara sna\u017ean vrtlog unutar filtera, \u010dime odr\u017eava prljav\u0161tinu suspendovanom i spre\u010dava njeno nakupljanje na zidovima filtera, \u0161to obezbe\u0111uje neprekidno usisavanje.<\/li>\n<li data-start=\"676\" data-end=\"824\"><strong data-start=\"678\" data-end=\"705\">Push\u2019n\u2019Go\u2122 tehnologija:<\/strong> Jednostavno pritiskanje dugmeta na vrhu ure\u0111aja omogu\u0107ava lako otpu\u0161tanje filtera za \u010di\u0161\u0107enje, bez potrebe za naporom.<\/li>\n<li data-start=\"825\" data-end=\"964\"><strong data-start=\"827\" data-end=\"849\">6 opcija \u010di\u0161\u0107enja:<\/strong> Birajte izme\u0111u tri vremena \u010di\u0161\u0107enja za samo dno (1, 1.5, 2 sata) ili dno, zidove i vodenu liniju (2, 2.5, 3 sata).<\/li>\n<li data-start=\"965\" data-end=\"1051\"><strong data-start=\"967\" data-end=\"995\">Pokaziva\u010d punog filtera:<\/strong> Ure\u0111aj vas obave\u0161tava kada je filter potrebno o\u010distiti.<\/li>\n<li data-start=\"1052\" data-end=\"1213\"><strong data-start=\"1054\" data-end=\"1082\">Pogodan za razne bazene:<\/strong> Zodiac RC 4402 je pogodan za \u010di\u0161\u0107enje dna, zidova i vodene linije, kako za ukopane, tako i za nadzemne bazene sa \u010dvrstim zidovima.<\/li>\n<li data-start=\"1214\" data-end=\"1346\"><strong data-start=\"1216\" data-end=\"1233\">Du\u017eina kabla:<\/strong> 18 metara, sa dva sna\u017ena motora, omogu\u0107avaju\u0107i \u010di\u0161\u0107enje do 72 m\u00b2 povr\u0161ine (na primer, bazen dimenzija 12 x 6 m).<\/li>\n<\/ul>\n<p data-start=\"1348\" data-end=\"1758\" data-is-only-node=\"\" data-is-last-node=\"\"><strong data-start=\"1348\" data-end=\"1381\">Za\u0161to izabrati ovaj usisiva\u010d?<\/strong><br data-start=\"1381\" data-end=\"1384\" \/>Zodiac RC 4400 CyclonX je vrhunski robotski usisiva\u010d sa naprednim ciklonskim tehnologijama koje obezbe\u0111uju efikasno i konstantno \u010di\u0161\u0107enje bez gubitka usisne snage. Sa opcijama za razli\u010dite cikluse \u010di\u0161\u0107enja, jednostavnim odr\u017eavanjem uz Push\u2019n\u2019Go\u2122 sistem i odgovaraju\u0107im za razne tipove bazena, predstavlja odli\u010dan izbor za one koji \u017eele maksimalnu efikasnost i jednostavnost.<\/p>\n<p>&nbsp;<\/p>\n<table id=\"tab_hpEWq74GvY\" class=\"tabtable-gr_alterora_elemental_2_grey_1s1\" style=\"width: 1329px; height: 537px;\" data-ruleset=\"gr.alterora.elemental_2_grey.xml:gr.alterora.elemental_2_grey_1s1\">\n<tbody>\n<tr class=\"tabrow tdmin_1h\">\n<td class=\"tabcol\">Podru\u010dje \u010di\u0161\u0107enja<\/td>\n<td class=\"tabcol\">Pod\/Zid\/Vodena linija<\/td>\n<\/tr>\n<tr class=\"tabrow\">\n<td class=\"tabcol\">Ciklus \u010di\u0161\u0107enja:<\/td>\n<td class=\"tabcol\"><\/td>\n<\/tr>\n<tr class=\"tabrow\">\n<td class=\"tabcol\">Samo pod:<\/td>\n<td class=\"tabcol\">1h &#8211; 1h 30 min &#8211; 2h<\/td>\n<\/tr>\n<tr class=\"tabrow\">\n<td class=\"tabcol\">Pod\/Zid\/Vodena linija:<\/td>\n<td class=\"tabcol\">1h &#8211; 1h 30 min &#8211; 2h<\/td>\n<\/tr>\n<tr class=\"tabrow\">\n<td class=\"tabcol\">Izvor napajanja<\/td>\n<td class=\"tabcol\">Samostalan, priklju\u010dak na 230V<\/td>\n<\/tr>\n<tr class=\"tabrow\">\n<td class=\"tabcol\">Pomeranje:<\/td>\n<td class=\"tabcol\">Unapred, programirano<\/td>\n<\/tr>\n<tr class=\"tabrow\">\n<td class=\"tabcol\">\u010cetke:<\/td>\n<td class=\"tabcol\">Da<\/td>\n<\/tr>\n<tr class=\"tabrow\">\n<td class=\"tabcol\">Sistem podizanja<\/td>\n<td class=\"tabcol\">Ne<\/td>\n<\/tr>\n<tr class=\"tabrow\">\n<td class=\"tabcol\">Prozirni prozor:<\/td>\n<td class=\"tabcol\">Da<\/td>\n<\/tr>\n<tr class=\"tabrow\">\n<td class=\"tabcol\">Indikator punog filtera:<\/td>\n<td class=\"tabcol\">Da<\/td>\n<\/tr>\n<tr class=\"tabrow\">\n<td class=\"tabcol\">Daljinski upravlja\u010d:<\/td>\n<td class=\"tabcol\">Ne<\/td>\n<\/tr>\n<tr class=\"tabrow\">\n<td class=\"tabcol\">Bezbednost:<\/td>\n<td class=\"tabcol\">Sistem dometa, bezbednost bez vode, elektronska za\u0161tita motora<\/td>\n<\/tr>\n<\/tbody>\n<\/table>\n<p>&nbsp;<\/p>\n<p>&nbsp;<\/p>\n<p>&nbsp;<\/p>","protected":false},"excerpt":{"rendered":"<p>Zodiac RC 4400 CyclonX je napredni robotski usisiva\u010d za bazene sa ciklonskom tehnologijom, lako\u0107om odr\u017eavanja i opcijama za efikasno \u010di\u0161\u0107enje dna, zidova i vodene linije.<\/p>","protected":false},"featured_media":23142,"template":"","meta":[],"product_brand":[],"product_cat":[4992],"product_tag":[],"class_list":{"0":"post-23141","1":"product","2":"type-product","3":"status-publish","4":"has-post-thumbnail","6":"product_cat-roboti-za-bazene","8":"first","9":"instock","10":"sold-individually","11":"purchasable","12":"product-type-simple"},"_links":{"self":[{"href":"https:\/\/hidroterm.dmcsrbija.com\/ru\/wp-json\/wp\/v2\/product\/23141","targetHints":{"allow":["GET"]}}],"collection":[{"href":"https:\/\/hidroterm.dmcsrbija.com\/ru\/wp-json\/wp\/v2\/product"}],"about":[{"href":"https:\/\/hidroterm.dmcsrbija.com\/ru\/wp-json\/wp\/v2\/types\/product"}],"wp:featuredmedia":[{"embeddable":true,"href":"https:\/\/hidroterm.dmcsrbija.com\/ru\/wp-json\/wp\/v2\/media\/23142"}],"wp:attachment":[{"href":"https:\/\/hidroterm.dmcsrbija.com\/ru\/wp-json\/wp\/v2\/media?parent=23141"}],"wp:term":[{"taxonomy":"product_brand","embeddable":true,"href":"https:\/\/hidroterm.dmcsrbija.com\/ru\/wp-json\/wp\/v2\/product_brand?post=23141"},{"taxonomy":"product_cat","embeddable":true,"href":"https:\/\/hidroterm.dmcsrbija.com\/ru\/wp-json\/wp\/v2\/product_cat?post=23141"},{"taxonomy":"product_tag","embeddable":true,"href":"https:\/\/hidroterm.dmcsrbija.com\/ru\/wp-json\/wp\/v2\/product_tag?post=23141"}],"curies":[{"name":"wp","href":"https:\/\/api.w.org\/{rel}","templated":true}]}}