{"id":23139,"date":"2026-03-18T08:32:08","date_gmt":"2026-03-18T07:32:08","guid":{"rendered":"https:\/\/hidroterm.dmcsrbija.com\/proizvod\/dinominus-28kg\/"},"modified":"2026-03-18T08:32:09","modified_gmt":"2026-03-18T07:32:09","slug":"dinominus-28kg","status":"publish","type":"product","link":"https:\/\/hidroterm.dmcsrbija.com\/ru\/proizvod\/dinominus-28kg\/","title":{"rendered":"Dinominus 28kg"},"content":{"rendered":"<h3 class=\"\" data-start=\"71\" data-end=\"157\"><strong data-start=\"75\" data-end=\"157\">pH Minus \u2013 Te\u010dno sredstvo za sni\u017eavanje pH vrednosti u bazenima (H\u2082SO\u2084 15\u201350%)<\/strong><\/h3>\n<p class=\"\" data-start=\"159\" data-end=\"480\"><strong data-start=\"159\" data-end=\"171\">pH Minus<\/strong> je te\u010dno sredstvo na bazi sumporne kiseline namenjeno za <strong data-start=\"229\" data-end=\"293\">precizno i efikasno sni\u017eavanje pH vrednosti u bazenskoj vodi<\/strong>, \u010dime se obezbe\u0111uje optimalna hemijska ravnote\u017ea i efikasno delovanje dezinfekcionih sredstava.<br data-start=\"389\" data-end=\"392\" \/>Pogodno je i preporu\u010dljivo za <strong data-start=\"422\" data-end=\"454\">automatske sisteme doziranja<\/strong>, kao i za ru\u010dnu upotrebu.<\/p>\n<p class=\"\" data-start=\"482\" data-end=\"545\"><strong data-start=\"485\" data-end=\"499\">Doziranje:<\/strong> 8 ml\/m\u00b3 vode za smanjenje pH vrednosti za 0,1<\/p>\n<p class=\"\" data-start=\"547\" data-end=\"646\">\u00a0Odr\u017eava idealan pH nivo i \u0161titi bazensku opremu od o\u0161te\u0107enja izazvanih nepravilnim balansom vode.<\/p>\n<p class=\"\" data-start=\"653\" data-end=\"726\"><strong data-start=\"656\" data-end=\"726\">Dodajte u korpu i obezbedite savr\u0161enu ravnote\u017eu pH u va\u0161em bazenu!<\/strong><\/p>","protected":false},"excerpt":{"rendered":"<p>pH Minus je te\u010dno sredstvo za automatsko ili ru\u010dno sni\u017eavanje pH vrednosti u bazenima, koje obezbe\u0111uje stabilnu hemijsku ravnote\u017eu i optimalne uslove za kvalitetnu vodu.<\/p>","protected":false},"featured_media":23140,"template":"","meta":[],"product_brand":[],"product_cat":[4986,5000],"product_tag":[],"class_list":{"0":"post-23139","1":"product","2":"type-product","3":"status-publish","4":"has-post-thumbnail","6":"product_cat-hemija-za-bazene-bazeni","7":"product_cat-hemija-za-letnje-odrzavanje-bazena","9":"first","10":"instock","11":"sold-individually","12":"purchasable","13":"product-type-simple"},"_links":{"self":[{"href":"https:\/\/hidroterm.dmcsrbija.com\/ru\/wp-json\/wp\/v2\/product\/23139","targetHints":{"allow":["GET"]}}],"collection":[{"href":"https:\/\/hidroterm.dmcsrbija.com\/ru\/wp-json\/wp\/v2\/product"}],"about":[{"href":"https:\/\/hidroterm.dmcsrbija.com\/ru\/wp-json\/wp\/v2\/types\/product"}],"wp:featuredmedia":[{"embeddable":true,"href":"https:\/\/hidroterm.dmcsrbija.com\/ru\/wp-json\/wp\/v2\/media\/23140"}],"wp:attachment":[{"href":"https:\/\/hidroterm.dmcsrbija.com\/ru\/wp-json\/wp\/v2\/media?parent=23139"}],"wp:term":[{"taxonomy":"product_brand","embeddable":true,"href":"https:\/\/hidroterm.dmcsrbija.com\/ru\/wp-json\/wp\/v2\/product_brand?post=23139"},{"taxonomy":"product_cat","embeddable":true,"href":"https:\/\/hidroterm.dmcsrbija.com\/ru\/wp-json\/wp\/v2\/product_cat?post=23139"},{"taxonomy":"product_tag","embeddable":true,"href":"https:\/\/hidroterm.dmcsrbija.com\/ru\/wp-json\/wp\/v2\/product_tag?post=23139"}],"curies":[{"name":"wp","href":"https:\/\/api.w.org\/{rel}","templated":true}]}}