{"id":23137,"date":"2026-03-18T08:32:08","date_gmt":"2026-03-18T07:32:08","guid":{"rendered":"https:\/\/hidroterm.dmcsrbija.com\/proizvod\/isomat-multifill-smalto-bela-2kg\/"},"modified":"2026-03-18T08:32:08","modified_gmt":"2026-03-18T07:32:08","slug":"isomat-multifill-smalto-bela-2kg","status":"publish","type":"product","link":"https:\/\/hidroterm.dmcsrbija.com\/ru\/proizvod\/isomat-multifill-smalto-bela-2kg\/","title":{"rendered":"Isomat Multifill Smalto bela  (2kg)"},"content":{"rendered":"<h6 data-start=\"181\" data-end=\"253\">MULTIFILL SMALTO 1-8 \u2013 cementna fug masa sa sjajnom zavr\u0161nom obradom<\/h6>\n<p data-start=\"255\" data-end=\"534\">MULTIFILL SMALTO 1-8 je visokokvalitetna obojena masa za fugovanje na bazi cementa, dodatno oboga\u0107ena smolama, namenjena za estetski i dugotrajan zavr\u0161etak podnih i zidnih plo\u010dica. Odlikuje se visokom mehani\u010dkom \u010dvrsto\u0107om, odli\u010dnom stabilno\u0161\u0107u boje i pove\u0107anom vodonepropusno\u0161\u0107u.<\/p>\n<p data-start=\"536\" data-end=\"809\">Zahvaljuju\u0107i specijalnim antibakterijskim dodacima, spre\u010dava razvoj bakterija u fugama, \u0161to je \u010dini idealnim re\u0161enjem za kupatila, kuhinje, terase i druge prostore izlo\u017eene vlazi. Povr\u0161ina fuge je glatka i sjajna, \u010dime se posti\u017ee moderan i uredan izgled oblo\u017eenih povr\u0161ina.<\/p>\n<p data-start=\"811\" data-end=\"1038\">Fug masa omogu\u0107ava popunjavanje fuga \u0161irine od <strong data-start=\"858\" data-end=\"871\">1 do 8 mm<\/strong> i pogodna je za <strong data-start=\"888\" data-end=\"923\">unutra\u0161nju i spolja\u0161nju primenu<\/strong>. Klasifikovana je kao <strong data-start=\"946\" data-end=\"956\">CG2 WA<\/strong> prema standardu <strong data-start=\"973\" data-end=\"985\">EN 13888<\/strong>, \u0161to garantuje pove\u0107anu otpornost na habanje i vodu.<\/p>\n<p data-start=\"1040\" data-end=\"1225\"><strong data-start=\"1040\" data-end=\"1054\">Potro\u0161nja:<\/strong><br data-start=\"1054\" data-end=\"1057\" \/>Potro\u0161nja zavisi od dimenzija plo\u010dica i \u0161irine fuge i iznosi <strong data-start=\"1118\" data-end=\"1135\">0,2\u20132,0 kg\/m\u00b2<\/strong>.<br data-start=\"1136\" data-end=\"1139\" \/>Za stakleni mozaik dimenzija <strong data-start=\"1168\" data-end=\"1182\">20\u00d720\u00d74 mm<\/strong>, potro\u0161nja je pribli\u017eno <strong data-start=\"1207\" data-end=\"1224\">1,3\u20131,5 kg\/m\u00b2<\/strong>.<\/p>\n<p>Primena je jednostavna \u2014 sme\u0161a se priprema dodavanjem u vodu uz stalno me\u0161anje dok se ne dobije homogena pasta, koja se zatim koristi za popunjavanje fuga izme\u0111u plo\u010dica.<\/p>\n<p>Cena po pakovanju<\/p>\n<p>&nbsp;<\/p>\n<p>&nbsp;<\/p>","protected":false},"excerpt":{"rendered":"<p>MULTIFILL SMALTO 1-8 \u2013 cementna fug masa sa sjajnom zavr\u0161nom obradom MULTIFILL SMALTO 1-8 je visokokvalitetna obojena masa za fugovanje na bazi cementa, dodatno oboga\u0107ena smolama, namenjena za estetski i dugotrajan zavr\u0161etak podnih i zidnih plo\u010dica. Odlikuje se visokom mehani\u010dkom \u010dvrsto\u0107om, odli\u010dnom stabilno\u0161\u0107u boje i pove\u0107anom vodonepropusno\u0161\u0107u. Zahvaljuju\u0107i specijalnim antibakterijskim dodacima, spre\u010dava razvoj bakterija u [&hellip;]<\/p>\n","protected":false},"featured_media":23138,"template":"","meta":[],"product_brand":[],"product_cat":[5012,5006],"product_tag":[],"class_list":{"0":"post-23137","1":"product","2":"type-product","3":"status-publish","4":"has-post-thumbnail","6":"product_cat-fug-masa","7":"product_cat-gradjevinski-materijal","9":"first","10":"instock","11":"sold-individually","12":"purchasable","13":"product-type-simple"},"_links":{"self":[{"href":"https:\/\/hidroterm.dmcsrbija.com\/ru\/wp-json\/wp\/v2\/product\/23137","targetHints":{"allow":["GET"]}}],"collection":[{"href":"https:\/\/hidroterm.dmcsrbija.com\/ru\/wp-json\/wp\/v2\/product"}],"about":[{"href":"https:\/\/hidroterm.dmcsrbija.com\/ru\/wp-json\/wp\/v2\/types\/product"}],"wp:featuredmedia":[{"embeddable":true,"href":"https:\/\/hidroterm.dmcsrbija.com\/ru\/wp-json\/wp\/v2\/media\/23138"}],"wp:attachment":[{"href":"https:\/\/hidroterm.dmcsrbija.com\/ru\/wp-json\/wp\/v2\/media?parent=23137"}],"wp:term":[{"taxonomy":"product_brand","embeddable":true,"href":"https:\/\/hidroterm.dmcsrbija.com\/ru\/wp-json\/wp\/v2\/product_brand?post=23137"},{"taxonomy":"product_cat","embeddable":true,"href":"https:\/\/hidroterm.dmcsrbija.com\/ru\/wp-json\/wp\/v2\/product_cat?post=23137"},{"taxonomy":"product_tag","embeddable":true,"href":"https:\/\/hidroterm.dmcsrbija.com\/ru\/wp-json\/wp\/v2\/product_tag?post=23137"}],"curies":[{"name":"wp","href":"https:\/\/api.w.org\/{rel}","templated":true}]}}