{"id":23129,"date":"2026-03-18T08:32:02","date_gmt":"2026-03-18T07:32:02","guid":{"rendered":"https:\/\/hidroterm.dmcsrbija.com\/proizvod\/future-pool-montazni-pravougaoni-bazen-6x3x1-5m\/"},"modified":"2026-03-18T08:32:06","modified_gmt":"2026-03-18T07:32:06","slug":"future-pool-montazni-pravougaoni-bazen-6x3x1-5m","status":"publish","type":"product","link":"https:\/\/hidroterm.dmcsrbija.com\/ru\/proizvod\/future-pool-montazni-pravougaoni-bazen-6x3x1-5m\/","title":{"rendered":"Future Pool monta\u017eni pravougaoni bazen 6x3x1.5m"},"content":{"rendered":"<h2 data-start=\"75\" data-end=\"152\"><strong data-start=\"75\" data-end=\"152\">Future Pool Monta\u017eni Bazeni \u2013 Kvalitet, Fleksibilnost i Dugotrajan U\u017eitak<\/strong><\/h2>\n<p class=\"\" data-start=\"154\" data-end=\"583\"><strong data-start=\"154\" data-end=\"169\">Future Pool<\/strong> monta\u017eni bazeni sa \u010deli\u010dnom oplatom pru\u017eaju vam savr\u0161en spoj kvaliteta, dugove\u010dnosti i estetskog dizajna. Ovi bazeni su dostupni opciji sa d lajnerom debljine\u00a0<strong data-start=\"345\" data-end=\"355\">0,8 mm\u00a0 u plavoj boji.<\/strong><\/p>\n<h3 class=\"\" data-start=\"585\" data-end=\"604\">Karakteristike:<\/h3>\n<ul data-start=\"605\" data-end=\"830\">\n<li class=\"\" data-start=\"605\" data-end=\"664\">\n<p class=\"\" data-start=\"607\" data-end=\"664\"><strong data-start=\"607\" data-end=\"625\">\u010celi\u010dna oplata<\/strong>\u00a0koja osigurava \u010dvrstinu i dugotrajnost<\/p>\n<\/li>\n<li class=\"\" data-start=\"665\" data-end=\"750\">\n<p class=\"\" data-start=\"667\" data-end=\"750\"><strong data-start=\"667\" data-end=\"702\">Lajner debljine\u00a0 0,8 mm<\/strong>\u00a0\u2013 visokokvalitetni materijali za dugotrajan rad<\/p>\n<\/li>\n<li class=\"\" data-start=\"751\" data-end=\"830\">\n<p class=\"\" data-start=\"753\" data-end=\"830\"><strong data-start=\"753\" data-end=\"784\">Pravougaoni oblici<\/strong>\u00a0\u2013 fleksibilnost u dizajnu prema va\u0161im \u017eeljama<\/p>\n<\/li>\n<\/ul>\n<p class=\"\" data-start=\"832\" data-end=\"1037\">Pored bazena, nudimo i \u0161irok asortiman\u00a0<strong data-start=\"871\" data-end=\"889\">dodatne opreme<\/strong> koja uklju\u010duje sve \u0161to vam je potrebno za udoban i bezbri\u017ean boravak uz bazen. Za detaljniju ponudu i cene dodatne opreme, molimo vas da nas <a href=\"https:\/\/izgradnjabazena.rs\/kontakt\/\" target=\"_blank\" rel=\"noopener\">kontaktirate<\/a><\/p>\n<h3 class=\"\" data-start=\"1039\" data-end=\"1063\">Dodatne informacije:<\/h3>\n<p class=\"\" data-start=\"1064\" data-end=\"1243\">Monta\u017ea se odnosi na \u00a0monta\u017eu opreme &#8211; pumpe&amp;filtera sa staklenom ispunom , merdevina , cevi&amp;fitinga , seta za odr\u017eavanje bazena . Za detaljniju ponudu vas molimo da nas <a href=\"https:\/\/izgradnjabazena.rs\/kontakt\/\" target=\"_blank\" rel=\"noopener\">kontaktirate<\/a>.<\/p>\n<div id=\"formula-bar-name-box-wrapper\" class=\"name-box-enabled formula-bar-with-name-box-wrapper\">\n<div id=\"formula-bar\" class=\"formula-bar formulabar-disabled\">\n<div id=\"t-formula-bar-input-container\">\n<div dir=\"ltr\">\n<div id=\"t-formula-bar-input\">Pravougaoni bazen 6 x 3 x 1.5m + monta\u017ea 1960e<\/div>\n<div>Pravougaoni bazen 7 x 3.5 x 1.5m +monta\u017ea 2130e<\/div>\n<div>Pravougaoni bazen 8 x 4 x 1.5m + monta\u017ea 2400e<\/div>\n<div>Pravougaoni bazen 9 x 4.5 x 1.5m + monta\u017ea 2810e<\/div>\n<div>Pravougaoni bazen 10 x 5 x 1.5m + monta\u017ea 3620e<\/div>\n<\/div>\n<\/div>\n<\/div>\n<\/div>","protected":false},"excerpt":{"rendered":"<p><strong data-start=\"1245\" data-end=\"1260\">Future Pool<\/strong>\u00a0monta\u017eni bazeni su pravi izbor za sve koji \u017eele visoku kvalitetu, jednostavnu monta\u017eu i dugoro\u010dno u\u017eivanje u svom privatnom bazenu. Kontaktirajte nas za vi\u0161e informacija i saveta prilikom izbora bazena i opreme!<\/p>","protected":false},"featured_media":23130,"template":"","meta":[],"product_brand":[],"product_cat":[5003,5063],"product_tag":[],"class_list":{"0":"post-23129","1":"product","2":"type-product","3":"status-publish","4":"has-post-thumbnail","6":"product_cat-montazni-bazeni-od-pocinkovanog-lima","7":"product_cat-montazni-bazeni-ukopni-1-5m","9":"first","10":"instock","11":"sold-individually","12":"purchasable","13":"product-type-simple"},"_links":{"self":[{"href":"https:\/\/hidroterm.dmcsrbija.com\/ru\/wp-json\/wp\/v2\/product\/23129","targetHints":{"allow":["GET"]}}],"collection":[{"href":"https:\/\/hidroterm.dmcsrbija.com\/ru\/wp-json\/wp\/v2\/product"}],"about":[{"href":"https:\/\/hidroterm.dmcsrbija.com\/ru\/wp-json\/wp\/v2\/types\/product"}],"wp:featuredmedia":[{"embeddable":true,"href":"https:\/\/hidroterm.dmcsrbija.com\/ru\/wp-json\/wp\/v2\/media\/23130"}],"wp:attachment":[{"href":"https:\/\/hidroterm.dmcsrbija.com\/ru\/wp-json\/wp\/v2\/media?parent=23129"}],"wp:term":[{"taxonomy":"product_brand","embeddable":true,"href":"https:\/\/hidroterm.dmcsrbija.com\/ru\/wp-json\/wp\/v2\/product_brand?post=23129"},{"taxonomy":"product_cat","embeddable":true,"href":"https:\/\/hidroterm.dmcsrbija.com\/ru\/wp-json\/wp\/v2\/product_cat?post=23129"},{"taxonomy":"product_tag","embeddable":true,"href":"https:\/\/hidroterm.dmcsrbija.com\/ru\/wp-json\/wp\/v2\/product_tag?post=23129"}],"curies":[{"name":"wp","href":"https:\/\/api.w.org\/{rel}","templated":true}]}}