{"id":23092,"date":"2026-03-18T08:31:56","date_gmt":"2026-03-18T07:31:56","guid":{"rendered":"https:\/\/hidroterm.dmcsrbija.com\/proizvod\/prodor-za-mlaznicu-emaux-em2841\/"},"modified":"2026-03-18T08:32:00","modified_gmt":"2026-03-18T07:32:00","slug":"prodor-za-mlaznicu-emaux-em2841","status":"publish","type":"product","link":"https:\/\/hidroterm.dmcsrbija.com\/ru\/proizvod\/prodor-za-mlaznicu-emaux-em2841\/","title":{"rendered":"Prodor za mlaznicu Emaux (EM2841)"},"content":{"rendered":"<h2><strong>Prodor za mlaznicu Emaux (EM2841)<\/strong><\/h2>\n<p data-start=\"249\" data-end=\"796\">Prodor za mlaznicu Emaux predstavlja neophodan ugradni element koji obezbe\u0111uje stabilno i zaptiveno povezivanje mlaznice sa cevnim instalacijama bazena. Namenjen je za ugradnju u zid bazena i omogu\u0107ava siguran prolaz mlaznice kroz betonsku konstrukciju ili zid bazena sa oblogom. U prodor ulazi cev fi50 koja se lepi unutar prodora ili ima spoljni navoj 6\/4.<br data-start=\"528\" data-end=\"531\" \/>Izra\u0111en je od kvalitetnih materijala otpornih na vlagu, pritisak, UV zra\u010denje i bazensku hemiju, \u010dime se spre\u010dava curenje vode i obezbe\u0111uje dugotrajan i pouzdan rad bazenskog sistema. Prodor omogu\u0107ava preciznu monta\u017eu mlaznice i pravilan smer protoka vode u bazenu.<\/p>\n<h3 data-start=\"803\" data-end=\"817\"><strong data-start=\"807\" data-end=\"817\">Namena<\/strong><\/h3>\n<ul>\n<li data-start=\"861\" data-end=\"925\">Vodonepropusno povezivanje mlaznice sa bazenskim instalacijama<\/li>\n<li data-start=\"928\" data-end=\"969\">Siguran prolaz mlaznice kroz zid bazena<\/li>\n<li data-start=\"972\" data-end=\"1013\">Stabilnu i dugotrajnu ugradnju mlaznica<\/li>\n<li data-start=\"1016\" data-end=\"1071\">Pravilan rad cirkulacije i distribucije vode u bazenu<\/li>\n<\/ul>\n<p><img fetchpriority=\"high\" decoding=\"async\" class=\"alignnone wp-image-33973\" src=\"https:\/\/izgradnjabazena.rs\/wp-content\/uploads\/2022\/06\/emaux-prodor-2841-300x191.webp\" alt=\"\" width=\"406\" height=\"259\" \/><\/p>","protected":false},"excerpt":{"rendered":"<p>Prodor za mlaznicu Emaux omogu\u0107ava sigurno i vodonepropusno sprovo\u0111enje bazenske mlaznice kroz zid bazena.<\/p>","protected":false},"featured_media":23093,"template":"","meta":[],"product_brand":[],"product_cat":[5062],"product_tag":[],"class_list":{"0":"post-23092","1":"product","2":"type-product","3":"status-publish","4":"has-post-thumbnail","6":"product_cat-prodori","8":"first","9":"instock","10":"sold-individually","11":"purchasable","12":"product-type-simple"},"_links":{"self":[{"href":"https:\/\/hidroterm.dmcsrbija.com\/ru\/wp-json\/wp\/v2\/product\/23092","targetHints":{"allow":["GET"]}}],"collection":[{"href":"https:\/\/hidroterm.dmcsrbija.com\/ru\/wp-json\/wp\/v2\/product"}],"about":[{"href":"https:\/\/hidroterm.dmcsrbija.com\/ru\/wp-json\/wp\/v2\/types\/product"}],"wp:featuredmedia":[{"embeddable":true,"href":"https:\/\/hidroterm.dmcsrbija.com\/ru\/wp-json\/wp\/v2\/media\/23093"}],"wp:attachment":[{"href":"https:\/\/hidroterm.dmcsrbija.com\/ru\/wp-json\/wp\/v2\/media?parent=23092"}],"wp:term":[{"taxonomy":"product_brand","embeddable":true,"href":"https:\/\/hidroterm.dmcsrbija.com\/ru\/wp-json\/wp\/v2\/product_brand?post=23092"},{"taxonomy":"product_cat","embeddable":true,"href":"https:\/\/hidroterm.dmcsrbija.com\/ru\/wp-json\/wp\/v2\/product_cat?post=23092"},{"taxonomy":"product_tag","embeddable":true,"href":"https:\/\/hidroterm.dmcsrbija.com\/ru\/wp-json\/wp\/v2\/product_tag?post=23092"}],"curies":[{"name":"wp","href":"https:\/\/api.w.org\/{rel}","templated":true}]}}