{"id":23080,"date":"2026-03-18T08:31:56","date_gmt":"2026-03-18T07:31:56","guid":{"rendered":"https:\/\/hidroterm.dmcsrbija.com\/proizvod\/sika-top-seal-107-kb-set-20kg5kg\/"},"modified":"2026-03-18T08:31:59","modified_gmt":"2026-03-18T07:31:59","slug":"sika-top-seal-107-kb-set-20kg5kg","status":"publish","type":"product","link":"https:\/\/hidroterm.dmcsrbija.com\/ru\/proizvod\/sika-top-seal-107-kb-set-20kg5kg\/","title":{"rendered":"Sika Top Seal 107 KB SET (20kg+5kg)"},"content":{"rendered":"<p data-start=\"118\" data-end=\"608\"><strong data-start=\"118\" data-end=\"161\">SikaTop\u00ae Seal\u2011107 2K set (20\u202fkg + 5\u202fkg)<\/strong> je dvokomponentni, paropropusni i vodonepropusni <strong data-start=\"211\" data-end=\"267\">polimer\u2011modifikovani cementni hidroizolacioni malter<\/strong> koji stvara pouzdanu za\u0161titu betonskih, cementnih i zidarskih povr\u0161ina. Ovaj set, koji sadr\u017ei <strong data-start=\"362\" data-end=\"397\">d\u017eak od 20\u202fkg i kanticu od 5\u202fkg<\/strong>, idealan je za hidroizolaciju terasa, balkona, podruma, suterena, kao i za sanaciju i za\u0161titu betonskih konstrukcija od uticaja vlage, kapilarne vode i soli za odmrzavanje.<\/p>\n<p data-start=\"610\" data-end=\"991\">SikaTop\u00ae Seal\u2011107 se lako me\u0161a i nanosi \u010detkom ili gleterom bez dodatne vode i pru\u017ea <strong data-start=\"695\" data-end=\"726\">odli\u010dnu adheziju na podlogu<\/strong>, paropropusnost i za\u0161titu od prodora vode i karbonizacije betona. Ovaj malter je pogodan za <strong data-start=\"819\" data-end=\"861\">unutra\u0161nju i spolja\u0161nju hidroizolaciju<\/strong> i mo\u017ee se koristiti i za popunjavanje finih pora i \u0161upljina premazivanjem tankim slojevima.<\/p>\n<p data-start=\"993\" data-end=\"1142\"><strong data-start=\"993\" data-end=\"1007\">Pakovanje:<\/strong> komplet od 25\u202fkg (20\u202fkg + 5\u202fkg)<br data-start=\"1039\" data-end=\"1042\" \/><strong data-start=\"1042\" data-end=\"1056\">Potro\u0161nja:<\/strong> pribli\u017eno <strong data-start=\"1067\" data-end=\"1078\">4\u202fkg\/m\u00b2<\/strong> po standardnoj preporuci.<\/p>\n<p data-start=\"993\" data-end=\"1142\">Cena po pakovanju.<\/p>","protected":false},"excerpt":{"rendered":"<p>SikaTop\u00ae Seal\u2011107 2K set (20\u202fkg + 5\u202fkg) je dvokomponentni, paropropusni i vodonepropusni polimer\u2011modifikovani cementni hidroizolacioni malter koji stvara pouzdanu za\u0161titu betonskih, cementnih i zidarskih povr\u0161ina. Ovaj set, koji sadr\u017ei d\u017eak od 20\u202fkg i kanticu od 5\u202fkg, idealan je za hidroizolaciju terasa, balkona, podruma, suterena, kao i za sanaciju i za\u0161titu betonskih konstrukcija od uticaja vlage, [&hellip;]<\/p>\n","protected":false},"featured_media":23081,"template":"","meta":[],"product_brand":[],"product_cat":[5006,5007],"product_tag":[],"class_list":{"0":"post-23080","1":"product","2":"type-product","3":"status-publish","4":"has-post-thumbnail","6":"product_cat-gradjevinski-materijal","7":"product_cat-hidroizolacija","9":"first","10":"instock","11":"sold-individually","12":"purchasable","13":"product-type-simple"},"_links":{"self":[{"href":"https:\/\/hidroterm.dmcsrbija.com\/ru\/wp-json\/wp\/v2\/product\/23080","targetHints":{"allow":["GET"]}}],"collection":[{"href":"https:\/\/hidroterm.dmcsrbija.com\/ru\/wp-json\/wp\/v2\/product"}],"about":[{"href":"https:\/\/hidroterm.dmcsrbija.com\/ru\/wp-json\/wp\/v2\/types\/product"}],"wp:featuredmedia":[{"embeddable":true,"href":"https:\/\/hidroterm.dmcsrbija.com\/ru\/wp-json\/wp\/v2\/media\/23081"}],"wp:attachment":[{"href":"https:\/\/hidroterm.dmcsrbija.com\/ru\/wp-json\/wp\/v2\/media?parent=23080"}],"wp:term":[{"taxonomy":"product_brand","embeddable":true,"href":"https:\/\/hidroterm.dmcsrbija.com\/ru\/wp-json\/wp\/v2\/product_brand?post=23080"},{"taxonomy":"product_cat","embeddable":true,"href":"https:\/\/hidroterm.dmcsrbija.com\/ru\/wp-json\/wp\/v2\/product_cat?post=23080"},{"taxonomy":"product_tag","embeddable":true,"href":"https:\/\/hidroterm.dmcsrbija.com\/ru\/wp-json\/wp\/v2\/product_tag?post=23080"}],"curies":[{"name":"wp","href":"https:\/\/api.w.org\/{rel}","templated":true}]}}