{"id":23078,"date":"2026-03-18T08:31:56","date_gmt":"2026-03-18T07:31:56","guid":{"rendered":"https:\/\/hidroterm.dmcsrbija.com\/proizvod\/sika-monoseal-101-20kg\/"},"modified":"2026-03-18T08:31:59","modified_gmt":"2026-03-18T07:31:59","slug":"sika-monoseal-101-20kg","status":"publish","type":"product","link":"https:\/\/hidroterm.dmcsrbija.com\/ru\/proizvod\/sika-monoseal-101-20kg\/","title":{"rendered":"Sika Monoseal 101 (20kg)"},"content":{"rendered":"<p data-start=\"96\" data-end=\"365\"><strong data-start=\"96\" data-end=\"126\">Sika\u00ae Monoseal-101 (20 kg)<\/strong> je jednokomponentna sme\u0161a visokokvalitetnih cementa i agregata, oboga\u0107ena vodoodbojnim i vodonepropusnim sinteti\u010dkim dodacima. Nakon me\u0161anja sa vodom formira pastu pogodnu za lako nano\u0161enje \u010detkom, stvaraju\u0107i paropropusni cementni premaz.<\/p>\n<p data-start=\"367\" data-end=\"783\">Ovaj proizvod je idealan za formiranje trajne i krute vodonepropusne za\u0161tite na betonskim, cementnim i zidanim povr\u0161inama. Koristi se za spre\u010davanje kapilarne vlage, infiltracije vode pod niskim pritiscima, kao i kod pozitivnih hidrostati\u010dkih pritisaka. Pogodan je za hidroizolaciju postoje\u0107ih objekata, spre\u010davanje prodora podzemne vode i za\u0161titu gra\u0111evinskih hidrotehni\u010dkih konstrukcija od staja\u0107e ili teku\u0107e vode.<\/p>\n<p data-start=\"785\" data-end=\"910\"><strong data-start=\"785\" data-end=\"799\">Pakovanje:<\/strong> d\u017eak od 20 kg (cena po pakovanju)<br data-start=\"821\" data-end=\"824\" \/><strong data-start=\"824\" data-end=\"838\">Potro\u0161nja:<\/strong> 1,5 kg\/m\u00b2 za sloj debljine 1 mm (preporu\u010dena debljina nanosa je 3 mm<\/p>","protected":false},"excerpt":{"rendered":"<p>Sika\u00ae Monoseal-101 (20 kg) je jednokomponentna sme\u0161a visokokvalitetnih cementa i agregata, oboga\u0107ena vodoodbojnim i vodonepropusnim sinteti\u010dkim dodacima. Nakon me\u0161anja sa vodom formira pastu pogodnu za lako nano\u0161enje \u010detkom, stvaraju\u0107i paropropusni cementni premaz. Ovaj proizvod je idealan za formiranje trajne i krute vodonepropusne za\u0161tite na betonskim, cementnim i zidanim povr\u0161inama. Koristi se za spre\u010davanje kapilarne vlage, [&hellip;]<\/p>\n","protected":false},"featured_media":23079,"template":"","meta":[],"product_brand":[],"product_cat":[5006,5007],"product_tag":[],"class_list":{"0":"post-23078","1":"product","2":"type-product","3":"status-publish","4":"has-post-thumbnail","6":"product_cat-gradjevinski-materijal","7":"product_cat-hidroizolacija","9":"first","10":"instock","11":"sold-individually","12":"purchasable","13":"product-type-simple"},"_links":{"self":[{"href":"https:\/\/hidroterm.dmcsrbija.com\/ru\/wp-json\/wp\/v2\/product\/23078","targetHints":{"allow":["GET"]}}],"collection":[{"href":"https:\/\/hidroterm.dmcsrbija.com\/ru\/wp-json\/wp\/v2\/product"}],"about":[{"href":"https:\/\/hidroterm.dmcsrbija.com\/ru\/wp-json\/wp\/v2\/types\/product"}],"wp:featuredmedia":[{"embeddable":true,"href":"https:\/\/hidroterm.dmcsrbija.com\/ru\/wp-json\/wp\/v2\/media\/23079"}],"wp:attachment":[{"href":"https:\/\/hidroterm.dmcsrbija.com\/ru\/wp-json\/wp\/v2\/media?parent=23078"}],"wp:term":[{"taxonomy":"product_brand","embeddable":true,"href":"https:\/\/hidroterm.dmcsrbija.com\/ru\/wp-json\/wp\/v2\/product_brand?post=23078"},{"taxonomy":"product_cat","embeddable":true,"href":"https:\/\/hidroterm.dmcsrbija.com\/ru\/wp-json\/wp\/v2\/product_cat?post=23078"},{"taxonomy":"product_tag","embeddable":true,"href":"https:\/\/hidroterm.dmcsrbija.com\/ru\/wp-json\/wp\/v2\/product_tag?post=23078"}],"curies":[{"name":"wp","href":"https:\/\/api.w.org\/{rel}","templated":true}]}}