{"id":23059,"date":"2026-03-18T08:31:48","date_gmt":"2026-03-18T07:31:48","guid":{"rendered":"https:\/\/hidroterm.dmcsrbija.com\/proizvod\/filter-emaux-s-series-side-41-m3-h-fi1020mm-outlet-2-1-2-s1000c-620kg-75mm-25b\/"},"modified":"2026-03-18T08:31:55","modified_gmt":"2026-03-18T07:31:55","slug":"filter-emaux-s-series-side-41-m3-h-fi1020mm-outlet-2-1-2-s1000c-620kg-75mm-25b","status":"publish","type":"product","link":"https:\/\/hidroterm.dmcsrbija.com\/ru\/proizvod\/filter-emaux-s-series-side-41-m3-h-fi1020mm-outlet-2-1-2-s1000c-620kg-75mm-25b\/","title":{"rendered":"Filter Emaux S series Side 41 m3\/h fi1020mm outlet 2 1\/2&#8243; S1000C &#8211; 620kg &#8211; 75mm 2,5b"},"content":{"rendered":"<h2 data-start=\"64\" data-end=\"529\">Filter Emaux S series Side 41 m3\/h fi1020mm outlet 2 1\/2&#8243; S1000C &#8211; 620kg &#8211; 75mm 2,5b<\/h2>\n<p class=\"\" data-start=\"64\" data-end=\"529\"><br data-start=\"110\" data-end=\"113\" \/>Filter sa uvijenim bobinom izra\u0111en je pomo\u0107u kompjuterske tehnologije za namotavanje staklenih vlakana, \u0161to mu omogu\u0107ava visok mehani\u010dki otpor i sposobnost podno\u0161enja pritiska. V i S serije koriste automatsku tehnologiju namotavanja bobina sa dugotrajnim i nekorozivnim staklenim vlaknima i smolom. UV-otpornost kompozita omogu\u0107ava filtrima da izdr\u017ee ekstremne vremenske uslove, pru\u017eaju\u0107i dug radni vek bez korozije.<\/p>\n<p class=\"\" data-start=\"531\" data-end=\"560\"><strong data-start=\"531\" data-end=\"559\">Karakteristike proizvoda<\/strong>:<\/p>\n<ul data-start=\"561\" data-end=\"911\">\n<li class=\"\" data-start=\"561\" data-end=\"629\">\n<p class=\"\" data-start=\"563\" data-end=\"629\"><strong data-start=\"563\" data-end=\"587\">Materijal rezervoara<\/strong>: Bobinom namotano oja\u010dano stakleno vlakno<\/p>\n<\/li>\n<li class=\"\" data-start=\"630\" data-end=\"679\">\n<p class=\"\" data-start=\"632\" data-end=\"679\"><strong data-start=\"632\" data-end=\"661\">Maksimalni radni pritisak<\/strong>: 36 psi \/ 2.5 bar<\/p>\n<\/li>\n<li class=\"\" data-start=\"680\" data-end=\"722\">\n<p class=\"\" data-start=\"682\" data-end=\"722\"><strong data-start=\"682\" data-end=\"708\">Maksimalna temperatura<\/strong>: 43\u00b0C (109\u00b0F)<\/p>\n<\/li>\n<li class=\"\" data-start=\"723\" data-end=\"792\">\n<p class=\"\" data-start=\"725\" data-end=\"792\"><strong data-start=\"725\" data-end=\"757\">6-pozicioni multiport ventil<\/strong>\u00a0(1.5\u201d MPV03, 2\u201d MPV04, 2.5\u201d MPV13)<\/p>\n<\/li>\n<li class=\"\" data-start=\"793\" data-end=\"815\">\n<p class=\"\" data-start=\"795\" data-end=\"815\"><strong data-start=\"795\" data-end=\"815\">Lateralni sistem<\/strong><\/p>\n<\/li>\n<li class=\"\" data-start=\"816\" data-end=\"831\">\n<p class=\"\" data-start=\"818\" data-end=\"831\"><strong data-start=\"818\" data-end=\"831\">Manometar<\/strong><\/p>\n<\/li>\n<li class=\"\" data-start=\"832\" data-end=\"876\">\n<p class=\"\" data-start=\"834\" data-end=\"876\"><strong data-start=\"834\" data-end=\"876\">Univerzalna standardna priklju\u010dna veza<\/strong><\/p>\n<\/li>\n<li class=\"\" data-start=\"877\" data-end=\"911\">\n<p class=\"\" data-start=\"879\" data-end=\"911\"><strong data-start=\"879\" data-end=\"911\">Komplet za cevi (piping kit)<\/strong><\/p>\n<\/li>\n<\/ul>\n<p class=\"\" data-start=\"913\" data-end=\"1040\">Ovi filteri su savr\u0161en izbor za bazene razli\u010ditih veli\u010dina i pru\u017eaju visoke performanse filtracije uz dugotrajan i pouzdan rad.<\/p>\n<p>Da bi voda u bazenu bila kristalno \u010dista, pored upotrebe hemije, potrebno je svakodnevno vr\u0161iti filtraciju vode uz pomo\u0107 pe\u0161\u010danog filtera.<\/p>\n<p>Od ispuna se moze koristiti kvarcni pesak, filtraciono staklo ili zeolit.<\/p>\n<p>Potrebna koli\u010dina ispune je 620kg<\/p>\n<p>Za \u010detiri sata pro\u010disti svu vodu iz bazena.<\/p>\n<p>Mo\u017ee biti postavljen ispod nivoa vode ili iznad.<\/p>\n<p>Na njemu se postavlja \u0161estopolo\u017eajni ventil koji slu\u017ei kao uredaj za upravljanje radom filtera.<\/p>\n<p><em>*Na sve Emaux filtere, filter setove, pumpe i blovere mogu\u0107e je produ\u017eiti garanciju sa 2 na 5 godina uz doplatu od 100e (cena je bez PDV-a).<\/em><\/p>","protected":false},"excerpt":{"rendered":"<p><strong>Emaux S serija filtera<\/strong>\u00a0nudi vrhunsku filtraciju sa dugotrajnim rezervoarima od oja\u010danog staklenog vlakna, koji su otporni na pritisak i koroziju, pru\u017eaju\u0107i pouzdane performanse za bazene razli\u010ditih veli\u010dina.<\/p>","protected":false},"featured_media":23060,"template":"","meta":[],"product_brand":[],"product_cat":[15],"product_tag":[],"class_list":{"0":"post-23059","1":"product","2":"type-product","3":"status-publish","4":"has-post-thumbnail","6":"product_cat-uncategorized","8":"first","9":"instock","10":"sold-individually","11":"purchasable","12":"product-type-simple"},"_links":{"self":[{"href":"https:\/\/hidroterm.dmcsrbija.com\/ru\/wp-json\/wp\/v2\/product\/23059","targetHints":{"allow":["GET"]}}],"collection":[{"href":"https:\/\/hidroterm.dmcsrbija.com\/ru\/wp-json\/wp\/v2\/product"}],"about":[{"href":"https:\/\/hidroterm.dmcsrbija.com\/ru\/wp-json\/wp\/v2\/types\/product"}],"wp:featuredmedia":[{"embeddable":true,"href":"https:\/\/hidroterm.dmcsrbija.com\/ru\/wp-json\/wp\/v2\/media\/23060"}],"wp:attachment":[{"href":"https:\/\/hidroterm.dmcsrbija.com\/ru\/wp-json\/wp\/v2\/media?parent=23059"}],"wp:term":[{"taxonomy":"product_brand","embeddable":true,"href":"https:\/\/hidroterm.dmcsrbija.com\/ru\/wp-json\/wp\/v2\/product_brand?post=23059"},{"taxonomy":"product_cat","embeddable":true,"href":"https:\/\/hidroterm.dmcsrbija.com\/ru\/wp-json\/wp\/v2\/product_cat?post=23059"},{"taxonomy":"product_tag","embeddable":true,"href":"https:\/\/hidroterm.dmcsrbija.com\/ru\/wp-json\/wp\/v2\/product_tag?post=23059"}],"curies":[{"name":"wp","href":"https:\/\/api.w.org\/{rel}","templated":true}]}}