{"id":23030,"date":"2026-03-18T08:31:48","date_gmt":"2026-03-18T07:31:48","guid":{"rendered":"https:\/\/hidroterm.dmcsrbija.com\/proizvod\/reflektor-mini-led-10w-sa-kucistem-emaux-88048380\/"},"modified":"2026-03-18T08:31:50","modified_gmt":"2026-03-18T07:31:50","slug":"reflektor-mini-led-10w-sa-kucistem-emaux-88048380","status":"publish","type":"product","link":"https:\/\/hidroterm.dmcsrbija.com\/ru\/proizvod\/reflektor-mini-led-10w-sa-kucistem-emaux-88048380\/","title":{"rendered":"Reflektor Mini LED 10W sa ku\u0107i\u0161tem Emaux (88048380)"},"content":{"rendered":"<h2><strong>Reflektor E-Lumen Mini LED 10W sa ku\u0107i\u0161tem Emaux<\/strong><\/h2>\n<p data-start=\"365\" data-end=\"648\">Reflektor Mini LED 10W sa ku\u0107i\u0161tem Emaux (88048380) idealno je re\u0161enje za bazene kod kojih je potreban manji, ali efikasan izvor svetlosti. Zahvaljuju\u0107i kompaktnim dimenzijama, ovaj reflektor se lako uklapa u razli\u010dite tipove bazena, bez naru\u0161avanja estetike bazenske povr\u0161ine. E-Lumen kompaktno svetlo dolazi sa LED panelom punjenim smolom. Njegova efikasna upotreba energije nudi odli\u010dno osvetljenje uz nisku potro\u0161nju energije.<\/p>\n<p data-start=\"650\" data-end=\"889\">Kvalitetno ku\u0107i\u0161te je vodootporno i otporno na bazenske hemikalije, \u010dime se obezbe\u0111uje visok nivo bezbednosti i pouzdanosti u podvodnim uslovima.<\/p>\n<p data-start=\"891\" data-end=\"1024\">Reflektor je pogodan za ugradnju u privatne i komercijalne bazene, posebno tamo gde je potrebno dodatno ili ambijentalno osvetljenje.<\/p>\n<p>Model sa ni\u0161om (ku\u0107i\u0161tem) pogodan je za ugradnju u betonski bazen.<\/p>\n<h3 data-start=\"1244\" data-end=\"1265\">Gde se ugra\u0111uje<\/h3>\n<ul>\n<li data-start=\"1268\" data-end=\"1324\">U zidove bazena<\/li>\n<li data-start=\"1327\" data-end=\"1344\">Privatni bazeni<\/li>\n<li data-start=\"1347\" data-end=\"1370\">Spa i wellness centri<\/li>\n<li data-start=\"1373\" data-end=\"1404\">Hotelski i rekreativni bazeni<\/li>\n<li data-start=\"1407\" data-end=\"1439\">Unutra\u0161nji i spolja\u0161nji bazeni<\/li>\n<\/ul>\n<h3 data-start=\"1446\" data-end=\"1461\">Prednosti<\/h3>\n<ul>\n<li data-start=\"1464\" data-end=\"1491\">Kompaktni Mini LED dizajn<\/li>\n<li data-start=\"1464\" data-end=\"1491\">100% vodootporni LED panel punjen smolom<\/li>\n<li data-start=\"1494\" data-end=\"1546\">Snaga 10W \u2013 idealna za manja i srednja osvetljenja<\/li>\n<li data-start=\"1494\" data-end=\"1546\">Izdr\u017eljivo ABS ku\u0107i\u0161te sa visokokvalitetnim polikarbonatnim so\u010divom<\/li>\n<li data-start=\"1549\" data-end=\"1586\">Niska potro\u0161nja elektri\u010dne energije<\/li>\n<li data-start=\"1589\" data-end=\"1618\">Dug vek trajanja LED izvora<\/li>\n<li data-start=\"1673\" data-end=\"1698\">Jednostavna instalacija<\/li>\n<li data-start=\"1701\" data-end=\"1729\">Diskretan i moderan izgled<\/li>\n<li data-start=\"1732\" data-end=\"1763\">Vodootporni standard IP 68<\/li>\n<\/ul>","protected":false},"excerpt":{"rendered":"<p data-start=\"134\" data-end=\"337\">Kompaktan Mini LED reflektor snage 10W sa ku\u0107i\u0161tem, namenjen podvodnom osvetljenju bazena. Emaux reflektor obezbe\u0111uje pouzdano, energetski efikasno i ravnomerno osvetljenje uz diskretan i moderan dizajn.<\/p>","protected":false},"featured_media":23031,"template":"","meta":[],"product_brand":[],"product_cat":[4959,4958],"product_tag":[],"class_list":{"0":"post-23030","1":"product","2":"type-product","3":"status-publish","4":"has-post-thumbnail","6":"product_cat-led-rasveta","7":"product_cat-rasveta-za-bazene","9":"first","10":"instock","11":"sold-individually","12":"purchasable","13":"product-type-simple"},"_links":{"self":[{"href":"https:\/\/hidroterm.dmcsrbija.com\/ru\/wp-json\/wp\/v2\/product\/23030","targetHints":{"allow":["GET"]}}],"collection":[{"href":"https:\/\/hidroterm.dmcsrbija.com\/ru\/wp-json\/wp\/v2\/product"}],"about":[{"href":"https:\/\/hidroterm.dmcsrbija.com\/ru\/wp-json\/wp\/v2\/types\/product"}],"wp:featuredmedia":[{"embeddable":true,"href":"https:\/\/hidroterm.dmcsrbija.com\/ru\/wp-json\/wp\/v2\/media\/23031"}],"wp:attachment":[{"href":"https:\/\/hidroterm.dmcsrbija.com\/ru\/wp-json\/wp\/v2\/media?parent=23030"}],"wp:term":[{"taxonomy":"product_brand","embeddable":true,"href":"https:\/\/hidroterm.dmcsrbija.com\/ru\/wp-json\/wp\/v2\/product_brand?post=23030"},{"taxonomy":"product_cat","embeddable":true,"href":"https:\/\/hidroterm.dmcsrbija.com\/ru\/wp-json\/wp\/v2\/product_cat?post=23030"},{"taxonomy":"product_tag","embeddable":true,"href":"https:\/\/hidroterm.dmcsrbija.com\/ru\/wp-json\/wp\/v2\/product_tag?post=23030"}],"curies":[{"name":"wp","href":"https:\/\/api.w.org\/{rel}","templated":true}]}}