{"id":23023,"date":"2026-03-18T08:31:48","date_gmt":"2026-03-18T07:31:48","guid":{"rendered":"https:\/\/hidroterm.dmcsrbija.com\/proizvod\/ovalni-montazni-bazen-gre-set-73x375x132-4-m3-h\/"},"modified":"2026-03-18T08:31:48","modified_gmt":"2026-03-18T07:31:48","slug":"ovalni-montazni-bazen-gre-set-73x375x132-4-m3-h","status":"publish","type":"product","link":"https:\/\/hidroterm.dmcsrbija.com\/ru\/proizvod\/ovalni-montazni-bazen-gre-set-73x375x132-4-m3-h\/","title":{"rendered":"Ovalni monta\u017eni bazen GRE &#8211; set 7,3X3,75X1,32 \u2013 4 m3\/h"},"content":{"rendered":"<p class=\"\" data-start=\"54\" data-end=\"128\"><strong data-start=\"54\" data-end=\"128\">Monta\u017eni bazeni GRE \u2013 Kvalitet i izdr\u017eljivost po evropskim standardima<\/strong><\/p>\n<p class=\"\" data-start=\"130\" data-end=\"447\">Monta\u017eni bazeni GRE, proizvedeni u \u0160paniji, pru\u017eaju jednostavnu i brzu monta\u017eu bez potrebe za iskopavanjem. Sa svojom izuzetnom izdr\u017eljivo\u0161\u0107u, ovi bazeni su idealna opcija za svakog ko \u017eeli kvalitetan i dugotrajan bazen uz minimalan trud. Lako se montiraju, otporni su na spoljne uticaje i ekonomski su vrlo povoljni.<\/p>\n<p class=\"\" data-start=\"449\" data-end=\"480\"><strong data-start=\"449\" data-end=\"480\">Komplet za bazen uklju\u010duje:<\/strong><\/p>\n<ul data-start=\"482\" data-end=\"965\">\n<li class=\"\" data-start=\"482\" data-end=\"580\">\n<p class=\"\" data-start=\"484\" data-end=\"580\"><strong data-start=\"484\" data-end=\"504\">Plava PVC obloga<\/strong>\u00a0sa anti-UV tretmanom koja \u0161titi od sun\u010devih zraka i produ\u017eava vek trajanja.<\/p>\n<\/li>\n<li class=\"\" data-start=\"581\" data-end=\"637\">\n<p class=\"\" data-start=\"583\" data-end=\"637\"><strong data-start=\"583\" data-end=\"607\">Filter set sa peskom<\/strong>\u00a0za efikasno filtriranje vode.<\/p>\n<\/li>\n<li class=\"\" data-start=\"638\" data-end=\"709\">\n<p class=\"\" data-start=\"640\" data-end=\"709\"><strong data-start=\"640\" data-end=\"653\">Stepenice<\/strong>\u00a0sa demonta\u017enim delom koji spre\u010dava deci pristup bazenu.<\/p>\n<\/li>\n<li class=\"\" data-start=\"710\" data-end=\"786\">\n<p class=\"\" data-start=\"712\" data-end=\"786\"><strong data-start=\"712\" data-end=\"748\">Pocinkovana \u010deli\u010dna konstrukcija<\/strong>\u00a0i profili koji obezbe\u0111uju stabilnost.<\/p>\n<\/li>\n<li class=\"\" data-start=\"787\" data-end=\"855\">\n<p class=\"\" data-start=\"789\" data-end=\"855\"><strong data-start=\"789\" data-end=\"814\">Injekcioni za\u0161titnici<\/strong>\u00a0za spojeve izme\u0111u horizontalnih profila.<\/p>\n<\/li>\n<li class=\"\" data-start=\"856\" data-end=\"906\">\n<p class=\"\" data-start=\"858\" data-end=\"906\"><strong data-start=\"858\" data-end=\"868\">Skimer<\/strong>\u00a0za automatsko \u010di\u0161\u0107enje povr\u0161ine vode.<\/p>\n<\/li>\n<li class=\"\" data-start=\"907\" data-end=\"965\">\n<p class=\"\" data-start=\"909\" data-end=\"965\"><strong data-start=\"909\" data-end=\"929\">Priklju\u010dna creva<\/strong>\u00a0za jednostavno povezivanje sistema.<\/p>\n<\/li>\n<\/ul>\n<p class=\"\" data-start=\"967\" data-end=\"981\"><strong data-start=\"967\" data-end=\"981\">Garancija:<\/strong><\/p>\n<ul data-start=\"982\" data-end=\"1044\">\n<li class=\"\" data-start=\"982\" data-end=\"1014\">\n<p class=\"\" data-start=\"984\" data-end=\"1014\">Metalna konstrukcija: 4 godine<\/p>\n<\/li>\n<li class=\"\" data-start=\"1015\" data-end=\"1044\">\n<p class=\"\" data-start=\"1017\" data-end=\"1044\">Ostale komponente: 2 godine<\/p>\n<\/li>\n<\/ul>\n<p class=\"\" data-start=\"1046\" data-end=\"1163\"><strong data-start=\"1046\" data-end=\"1073\">Opcionalna instalacija:<\/strong>\u00a0Ukoliko \u017eelite dodatnu sigurnost, mo\u017eete obezbediti betonsku plo\u010du za instalaciju bazena.<\/p>\n<p class=\"\" data-start=\"1170\" data-end=\"1187\"><strong data-start=\"1170\" data-end=\"1187\">Cena monta\u017ee:<\/strong><\/p>\n<ul data-start=\"1189\" data-end=\"2081\">\n<li class=\"\" data-start=\"1720\" data-end=\"1899\">\n<p class=\"\" data-start=\"1722\" data-end=\"1899\"><strong data-start=\"1722\" data-end=\"1747\">Bazeni du\u017eine 7m i 8m<\/strong>: 350 \u20ac + tro\u0161kovi prevoza<br data-start=\"1773\" data-end=\"1776\" \/>(Planirana monta\u017ea: 1 dan \u2013 potrebno je obezbediti hidrantni priklju\u010dak vode; svaki naredni dan +100 \u20ac i tro\u0161ak sme\u0161taja)<\/p>\n<\/li>\n<\/ul>\n<p class=\"\" data-start=\"2083\" data-end=\"2205\"><strong data-start=\"2083\" data-end=\"2096\">Napomena:<\/strong>\u00a0Kupac je odgovoran za obezbe\u0111ivanje adekvatnog mesta za postavljanje bazena i eventualne gra\u0111evinske radove.<\/p>","protected":false},"excerpt":{"rendered":"<p>Monta\u017eni bazeni GRE, proizvedeni u \u0160paniji, lako se postavljaju bez iskopavanja, imaju visoku izdr\u017eljivost, ekonomski su povoljni, a uklju\u010duju kompletnu opremu kao \u0161to su PVC obloga, filter set, skimer, stepenice sa sigurnosnim funkcijama i \u010deli\u010dnu konstrukciju, uz garanciju do 4 godine na metalne delove.<\/p>","protected":false},"featured_media":22899,"template":"","meta":[],"product_brand":[],"product_cat":[5004,5003],"product_tag":[],"class_list":{"0":"post-23023","1":"product","2":"type-product","3":"status-publish","4":"has-post-thumbnail","6":"product_cat-montazni-bazeni-nadzemni-ukopni-1-2m-i-1-32m","7":"product_cat-montazni-bazeni-od-pocinkovanog-lima","9":"first","10":"instock","11":"sold-individually","12":"purchasable","13":"product-type-simple"},"_links":{"self":[{"href":"https:\/\/hidroterm.dmcsrbija.com\/ru\/wp-json\/wp\/v2\/product\/23023","targetHints":{"allow":["GET"]}}],"collection":[{"href":"https:\/\/hidroterm.dmcsrbija.com\/ru\/wp-json\/wp\/v2\/product"}],"about":[{"href":"https:\/\/hidroterm.dmcsrbija.com\/ru\/wp-json\/wp\/v2\/types\/product"}],"wp:featuredmedia":[{"embeddable":true,"href":"https:\/\/hidroterm.dmcsrbija.com\/ru\/wp-json\/wp\/v2\/media\/22899"}],"wp:attachment":[{"href":"https:\/\/hidroterm.dmcsrbija.com\/ru\/wp-json\/wp\/v2\/media?parent=23023"}],"wp:term":[{"taxonomy":"product_brand","embeddable":true,"href":"https:\/\/hidroterm.dmcsrbija.com\/ru\/wp-json\/wp\/v2\/product_brand?post=23023"},{"taxonomy":"product_cat","embeddable":true,"href":"https:\/\/hidroterm.dmcsrbija.com\/ru\/wp-json\/wp\/v2\/product_cat?post=23023"},{"taxonomy":"product_tag","embeddable":true,"href":"https:\/\/hidroterm.dmcsrbija.com\/ru\/wp-json\/wp\/v2\/product_tag?post=23023"}],"curies":[{"name":"wp","href":"https:\/\/api.w.org\/{rel}","templated":true}]}}