{"id":23021,"date":"2026-03-18T08:31:41","date_gmt":"2026-03-18T07:31:41","guid":{"rendered":"https:\/\/hidroterm.dmcsrbija.com\/proizvod\/regulator-vazduha-astral-1-4045\/"},"modified":"2026-03-18T08:31:47","modified_gmt":"2026-03-18T07:31:47","slug":"regulator-vazduha-astral-1-4045","status":"publish","type":"product","link":"https:\/\/hidroterm.dmcsrbija.com\/ru\/proizvod\/regulator-vazduha-astral-1-4045\/","title":{"rendered":"Regulator vazduha Astral 1&#8243; (4045)"},"content":{"rendered":"<h2><strong>Regulator vazduha Astral 1&#8243; (4045)<\/strong><\/h2>\n<p data-start=\"306\" data-end=\"778\">Regulator vazduha Astral 1&#8243; je ugradni element koji kontroli\u0161e koli\u010dinu vazduha koja ulazi u hidromasa\u017ene mlaznice i vazdu\u0161ne sisteme bazena. Omogu\u0107ava finu regulaciju ja\u010dine mehuri\u0107a i pritiska vode, \u010dime se optimizuje hidromasa\u017eni efekat i komfor korisnika.<br data-start=\"565\" data-end=\"568\" \/>Izra\u0111en je od kvalitetnih materijala otpornog na bazensku hemiju, vlagu i UV zra\u010denje, \u0161to garantuje dugotrajan i pouzdan rad. Regulator je jednostavan za ugradnju na standardne 1&#8243; priklju\u010dke i lako se odr\u017eava.<\/p>\n<h3 data-start=\"785\" data-end=\"799\"><strong data-start=\"789\" data-end=\"799\">Namena<\/strong><\/h3>\n<p data-start=\"800\" data-end=\"845\">Regulator vazduha Astral 1&#8243; namenjen je za:<\/p>\n<ul>\n<li data-start=\"848\" data-end=\"913\">Precizno pode\u0161avanje protoka vazduha u hidromasa\u017enim mlaznicama<\/li>\n<li data-start=\"916\" data-end=\"967\">Kontrolu ja\u010dine mehuri\u0107a u bazenu ili spa sistemu<\/li>\n<li data-start=\"970\" data-end=\"1012\">Pove\u0107anje komfora i hidromasa\u017enog efekta<\/li>\n<li data-start=\"1015\" data-end=\"1063\">Dugotrajan i pouzdan rad hidromasa\u017enog sistema<\/li>\n<\/ul>","protected":false},"excerpt":{"rendered":"<p data-start=\"137\" data-end=\"286\">Regulator vazduha Astral 1&#8243; omogu\u0107ava precizno pode\u0161avanje protoka vazduha u bazenskim i hidromasa\u017enim sistemima, pobolj\u0161avaju\u0107i hidromasa\u017eni efekat.<\/p>","protected":false},"featured_media":23022,"template":"","meta":[],"product_brand":[],"product_cat":[4974],"product_tag":[],"class_list":{"0":"post-23021","1":"product","2":"type-product","3":"status-publish","4":"has-post-thumbnail","6":"product_cat-hidro-i-aero-mlaznice-za-bazene","8":"first","9":"instock","10":"sold-individually","11":"purchasable","12":"product-type-simple"},"_links":{"self":[{"href":"https:\/\/hidroterm.dmcsrbija.com\/ru\/wp-json\/wp\/v2\/product\/23021","targetHints":{"allow":["GET"]}}],"collection":[{"href":"https:\/\/hidroterm.dmcsrbija.com\/ru\/wp-json\/wp\/v2\/product"}],"about":[{"href":"https:\/\/hidroterm.dmcsrbija.com\/ru\/wp-json\/wp\/v2\/types\/product"}],"wp:featuredmedia":[{"embeddable":true,"href":"https:\/\/hidroterm.dmcsrbija.com\/ru\/wp-json\/wp\/v2\/media\/23022"}],"wp:attachment":[{"href":"https:\/\/hidroterm.dmcsrbija.com\/ru\/wp-json\/wp\/v2\/media?parent=23021"}],"wp:term":[{"taxonomy":"product_brand","embeddable":true,"href":"https:\/\/hidroterm.dmcsrbija.com\/ru\/wp-json\/wp\/v2\/product_brand?post=23021"},{"taxonomy":"product_cat","embeddable":true,"href":"https:\/\/hidroterm.dmcsrbija.com\/ru\/wp-json\/wp\/v2\/product_cat?post=23021"},{"taxonomy":"product_tag","embeddable":true,"href":"https:\/\/hidroterm.dmcsrbija.com\/ru\/wp-json\/wp\/v2\/product_tag?post=23021"}],"curies":[{"name":"wp","href":"https:\/\/api.w.org\/{rel}","templated":true}]}}