{"id":23007,"date":"2026-03-18T08:31:41","date_gmt":"2026-03-18T07:31:41","guid":{"rendered":"https:\/\/hidroterm.dmcsrbija.com\/proizvod\/hidromlaznica-2-1-2-50-32-22m3-h-astral-32641\/"},"modified":"2026-03-18T08:31:45","modified_gmt":"2026-03-18T07:31:45","slug":"hidromlaznica-2-1-2-50-32-22m3-h-astral-32641","status":"publish","type":"product","link":"https:\/\/hidroterm.dmcsrbija.com\/ru\/proizvod\/hidromlaznica-2-1-2-50-32-22m3-h-astral-32641\/","title":{"rendered":"Hidromlaznica 2 1\/2\u201c 50-32 2,2m3\/h Astral (32641)"},"content":{"rendered":"<h2 data-start=\"0\" data-end=\"74\"><span class=\"relative -mx-px my-[-0.2rem] rounded px-px py-[0.2rem] transition-colors duration-100 ease-in-out\"><strong data-start=\"0\" data-end=\"59\" data-is-last-node=\"\" data-is-only-node=\"\">Hidromlaznica 2 1\/2\u201c 50-32 2,2 m\u00b3\/h Astral (32641)<\/strong><\/span><\/h2>\n<p class=\"\" data-start=\"76\" data-end=\"190\">Hidromlaznica 2 1\/2\u2033 50\u201332 Astral je visokokvalitetna hidromasa\u017ena mlaznica namenjena za ugradnju u bazene i hidromasa\u017ene sisteme. Omogu\u0107ava protok do 2,2\u202fm\u00b3\/h, \u0161to garantuje efikasnu cirkulaciju vode i optimalan hidromasa\u017eni efekat.<br data-start=\"555\" data-end=\"558\" \/>Izra\u0111ena je od izdr\u017eljive plastike otpornog na UV zra\u010denje, bazensku hemiju i pritisak, \u0161to osigurava dug vek trajanja i pouzdan rad. Kompatibilna je sa standardnim bazenskim instalacijama fi50\/32 mm i jednostavna za ugradnju.<\/p>\n<h3 class=\"\" data-start=\"192\" data-end=\"219\">Tehni\u010dke karakteristike<\/h3>\n<ul>\n<li data-start=\"223\" data-end=\"278\"><strong data-start=\"223\" data-end=\"237\">Priklju\u010dci<\/strong>: <span class=\"relative -mx-px my-[-0.2rem] rounded px-px py-[0.2rem] transition-colors duration-100 ease-in-out\">Voda \u00d850 mm, Vazduh \u00d832 mm<\/span><\/li>\n<li data-start=\"281\" data-end=\"332\"><strong data-start=\"281\" data-end=\"291\">Protok<\/strong>: <span class=\"relative -mx-px my-[-0.2rem] rounded px-px py-[0.2rem] transition-colors duration-100 ease-in-out\">2,2 m\u00b3\/h<\/span><\/li>\n<li data-start=\"335\" data-end=\"389\"><strong data-start=\"335\" data-end=\"348\">Materijal<\/strong>: <span class=\"relative -mx-px my-[-0.2rem] rounded px-px py-[0.2rem] transition-colors duration-100 ease-in-out\">ABS plastika, otporna na hemikalije i UV zra\u010denje<\/span><\/li>\n<li data-start=\"392\" data-end=\"443\"><strong data-start=\"392\" data-end=\"402\">Namena<\/strong>: <span class=\"relative -mx-px my-[-0.2rem] rounded px-px py-[0.2rem] transition-colors duration-100 ease-in-out\">Ugradnja u betonske bazene sa zavr\u0161nom oblogom od keramike, boje ili mozaika<\/span><\/li>\n<\/ul>\n<h3 data-start=\"791\" data-end=\"805\"><strong data-start=\"795\" data-end=\"805\">Namena<\/strong><\/h3>\n<ul>\n<li data-start=\"870\" data-end=\"910\">Hidromasa\u017ea u bazenima i spa sistemima<\/li>\n<li data-start=\"913\" data-end=\"957\">Ravnomerna distribucija i cirkulacija vode<\/li>\n<li data-start=\"960\" data-end=\"1003\">Pobolj\u0161anje komfora kupanja i relaksacije<\/li>\n<li data-start=\"1006\" data-end=\"1042\">Efikasan rad hidromasa\u017enog sistema<\/li>\n<\/ul>\n","protected":false},"excerpt":{"rendered":"<p data-start=\"167\" data-end=\"302\">Hidromlaznica Astral 2 1\/2\u2033 50\u201332, protok 2,2\u202fm\u00b3\/h, obezbe\u0111uje sna\u017ean i ravnomeran mlaz vode za hidromasa\u017eu u bazenima i spa sistemima.<\/p>","protected":false},"featured_media":23008,"template":"","meta":[],"product_brand":[],"product_cat":[4974],"product_tag":[],"class_list":{"0":"post-23007","1":"product","2":"type-product","3":"status-publish","4":"has-post-thumbnail","6":"product_cat-hidro-i-aero-mlaznice-za-bazene","8":"first","9":"instock","10":"sold-individually","11":"purchasable","12":"product-type-simple"},"_links":{"self":[{"href":"https:\/\/hidroterm.dmcsrbija.com\/ru\/wp-json\/wp\/v2\/product\/23007","targetHints":{"allow":["GET"]}}],"collection":[{"href":"https:\/\/hidroterm.dmcsrbija.com\/ru\/wp-json\/wp\/v2\/product"}],"about":[{"href":"https:\/\/hidroterm.dmcsrbija.com\/ru\/wp-json\/wp\/v2\/types\/product"}],"wp:featuredmedia":[{"embeddable":true,"href":"https:\/\/hidroterm.dmcsrbija.com\/ru\/wp-json\/wp\/v2\/media\/23008"}],"wp:attachment":[{"href":"https:\/\/hidroterm.dmcsrbija.com\/ru\/wp-json\/wp\/v2\/media?parent=23007"}],"wp:term":[{"taxonomy":"product_brand","embeddable":true,"href":"https:\/\/hidroterm.dmcsrbija.com\/ru\/wp-json\/wp\/v2\/product_brand?post=23007"},{"taxonomy":"product_cat","embeddable":true,"href":"https:\/\/hidroterm.dmcsrbija.com\/ru\/wp-json\/wp\/v2\/product_cat?post=23007"},{"taxonomy":"product_tag","embeddable":true,"href":"https:\/\/hidroterm.dmcsrbija.com\/ru\/wp-json\/wp\/v2\/product_tag?post=23007"}],"curies":[{"name":"wp","href":"https:\/\/api.w.org\/{rel}","templated":true}]}}