{"id":22983,"date":"2026-03-18T08:31:41","date_gmt":"2026-03-18T07:31:41","guid":{"rendered":"https:\/\/hidroterm.dmcsrbija.com\/proizvod\/zimska-prekrivka-za-bazene-sa-okovima\/"},"modified":"2026-03-18T08:31:41","modified_gmt":"2026-03-18T07:31:41","slug":"zimska-prekrivka-za-bazene-sa-okovima","status":"publish","type":"product","link":"https:\/\/hidroterm.dmcsrbija.com\/ru\/proizvod\/zimska-prekrivka-za-bazene-sa-okovima\/","title":{"rendered":"Zimska prekrivka za bazene sa okovima"},"content":{"rendered":"<p>Zimske prekrivke za bazene sa duplom podlogom i \u010deli\u010dnim okovima pru\u017eaju dodatnu za\u0161titu bazenu tokom svih \u010detiri godi\u0161njih doba.<\/p>\n<p>Dupla podloga pove\u0107ava izdr\u017eljivost prekrivke, \u010dine\u0107i je otpornijom na o\u0161te\u0107enja uzrokovana vremenskim uslovima kao \u0161to su sneg, ki\u0161a i UV zra\u010denje.<\/p>\n<p>\u010celi\u010dni okovi omogu\u0107avaju jednostavno i brzo montiranje prekrivke, a tako\u0111e obezbe\u0111uju da prekrivka ostane \u010dvrsto na mestu i tokom jakih vetrova.<\/p>\n<p>Ova vrsta prekrivke \u0161titi bazen od prljav\u0161tine, li\u0161\u0107a, otpada i \u010dak spre\u010dava stvaranje algi tokom zime, \u010dime olak\u0161ava po\u010detak slede\u0107e sezone. Idealna je za one koji \u017eele dugotrajan i efikasan na\u010din za\u0161tite bazena tokom \u010ditave godine, jer ne samo da \u0161titi bazen tokom zime, ve\u0107 i tokom drugih sezona kada se bazen ne koristi.<\/p>\n<p><em>*Cena je po komadu.<\/em><\/p>\n<p><iframe title=\"Zimsko spremanje bazena . Za sva dodatna pitanja kontaktirajte nas na : 035\/250-570 , 011\/4417250\" width=\"563\" height=\"1000\" src=\"https:\/\/www.youtube.com\/embed\/R2RPfmoYSVk?feature=oembed\" frameborder=\"0\" allow=\"accelerometer; autoplay; clipboard-write; encrypted-media; gyroscope; picture-in-picture; web-share\" referrerpolicy=\"strict-origin-when-cross-origin\" allowfullscreen><\/iframe><\/p>","protected":false},"excerpt":{"rendered":"<p>Zimske prekrivke za bazene sa duplom podlogom i \u010deli\u010dnim okovima koji se jednostavno i lako montiraju i obezbe\u0111uje za\u0161titu bazena tokom sva \u010detiri godi\u0161nja doba.<\/p>","protected":false},"featured_media":22984,"template":"","meta":[],"product_brand":[],"product_cat":[4968,4969,5056],"product_tag":[],"class_list":{"0":"post-22983","1":"product","2":"type-product","3":"status-publish","4":"has-post-thumbnail","6":"product_cat-prekrivke-za-bazene","7":"product_cat-zimske-prekrivke-za-bazene","8":"product_cat-zimski-prekrivac-sa-okovima-za-bazen-nero","10":"first","11":"instock","12":"sold-individually","13":"product-type-simple"},"_links":{"self":[{"href":"https:\/\/hidroterm.dmcsrbija.com\/ru\/wp-json\/wp\/v2\/product\/22983","targetHints":{"allow":["GET"]}}],"collection":[{"href":"https:\/\/hidroterm.dmcsrbija.com\/ru\/wp-json\/wp\/v2\/product"}],"about":[{"href":"https:\/\/hidroterm.dmcsrbija.com\/ru\/wp-json\/wp\/v2\/types\/product"}],"wp:featuredmedia":[{"embeddable":true,"href":"https:\/\/hidroterm.dmcsrbija.com\/ru\/wp-json\/wp\/v2\/media\/22984"}],"wp:attachment":[{"href":"https:\/\/hidroterm.dmcsrbija.com\/ru\/wp-json\/wp\/v2\/media?parent=22983"}],"wp:term":[{"taxonomy":"product_brand","embeddable":true,"href":"https:\/\/hidroterm.dmcsrbija.com\/ru\/wp-json\/wp\/v2\/product_brand?post=22983"},{"taxonomy":"product_cat","embeddable":true,"href":"https:\/\/hidroterm.dmcsrbija.com\/ru\/wp-json\/wp\/v2\/product_cat?post=22983"},{"taxonomy":"product_tag","embeddable":true,"href":"https:\/\/hidroterm.dmcsrbija.com\/ru\/wp-json\/wp\/v2\/product_tag?post=22983"}],"curies":[{"name":"wp","href":"https:\/\/api.w.org\/{rel}","templated":true}]}}