{"id":22975,"date":"2026-03-18T08:31:35","date_gmt":"2026-03-18T07:31:35","guid":{"rendered":"https:\/\/hidroterm.dmcsrbija.com\/proizvod\/ugradni-lastin-rep-sa-rasvetom-ravni-mlaz-600-150-8w-pb-rgb\/"},"modified":"2026-03-18T08:31:39","modified_gmt":"2026-03-18T07:31:39","slug":"ugradni-lastin-rep-sa-rasvetom-ravni-mlaz-600-150-8w-pb-rgb","status":"publish","type":"product","link":"https:\/\/hidroterm.dmcsrbija.com\/ru\/proizvod\/ugradni-lastin-rep-sa-rasvetom-ravni-mlaz-600-150-8w-pb-rgb\/","title":{"rendered":"Ugradni lastin rep sa rasvetom ravni mlaz 600-150 8W PB RGB"},"content":{"rendered":"<article class=\"text-token-text-primary w-full\" dir=\"auto\" data-testid=\"conversation-turn-12\" data-scroll-anchor=\"true\">\n<div class=\"text-base my-auto mx-auto py-5 px-6\">\n<div class=\"mx-auto flex flex-1 text-base gap-4 md:gap-5 lg:gap-6 md:max-w-3xl lg:max-w-[40rem] xl:max-w-[48rem] group\/turn-messages focus-visible:outline-hidden\" tabindex=\"-1\">\n<div class=\"group\/conversation-turn relative flex w-full min-w-0 flex-col agent-turn @xs\/thread:px-0 @sm\/thread:px-1.5 @md\/thread:px-4\">\n<div class=\"relative flex-col gap-1 md:gap-3\">\n<div class=\"flex max-w-full flex-col grow\">\n<div class=\"min-h-8 text-message relative flex w-full flex-col items-end gap-2 text-start break-words whitespace-normal [.text-message+&amp;]:mt-5\" dir=\"auto\" data-message-author-role=\"assistant\" data-message-id=\"64f8a467-7a6d-4ed8-bb15-4a2d5fde531a\" data-message-model-slug=\"gpt-4o-mini\">\n<div class=\"flex w-full flex-col gap-1 empty:hidden first:pt-[3px]\">\n<div class=\"markdown prose dark:prose-invert w-full break-words dark\">\n<p class=\"\" data-start=\"72\" data-end=\"144\"><strong data-start=\"72\" data-end=\"144\">Vodene atrakcije za bazene \u2013 Stvaraju jedinstven ambijent i u\u017eivanje<\/strong><\/p>\n<p class=\"\" data-start=\"146\" data-end=\"357\">Vodene atrakcije za bazene donose specifi\u010dan vizuelni i fizi\u010dki efekat, stvaraju\u0107i opu\u0161taju\u0107u atmosferu. Ovaj model pru\u017ea prelep efekat padaju\u0107e vode, s finim slojem koji podse\u0107a na vodopad sa planinskog izvora.<\/p>\n<ul data-start=\"359\" data-end=\"1184\">\n<li class=\"\" data-start=\"359\" data-end=\"541\">\n<p class=\"\" data-start=\"361\" data-end=\"541\"><strong data-start=\"361\" data-end=\"391\">Ulep\u0161ajte bazenski prostor<\/strong>: Vodene atrakcije nisu samo estetski detalj, ve\u0107 i funkcionalni elementi koji dodaju u\u017eivanje kroz masa\u017ee vrata i le\u0111a, savr\u0161ene za porodi\u010dne bazene.<\/p>\n<\/li>\n<li class=\"\" data-start=\"542\" data-end=\"723\">\n<p class=\"\" data-start=\"544\" data-end=\"723\"><strong data-start=\"544\" data-end=\"563\">Unikatan dizajn<\/strong>: Ove atrakcije donose karakter i stil va\u0161em bazenu. Voda pada kao ravni mlaz, stvaraju\u0107i prirodan pad na povr\u0161inu bazena, pru\u017eaju\u0107i impresivan vizuelni efekat.<\/p>\n<\/li>\n<li class=\"\" data-start=\"724\" data-end=\"1184\">\n<p class=\"\" data-start=\"726\" data-end=\"747\"><strong data-start=\"726\" data-end=\"746\">Razli\u010diti modeli<\/strong>:<\/p>\n<ul data-start=\"750\" data-end=\"1184\">\n<li class=\"\" data-start=\"750\" data-end=\"890\">\n<p class=\"\" data-start=\"752\" data-end=\"890\"><em data-start=\"752\" data-end=\"814\">Ugradni lastin rep sa rasvetom, ravni mlaz 600-150 8W PB RGB<\/em> \u2013 Priklju\u010dak na F50, mo\u017ee se povezati sa modulatorom (4 \u017eice na modulator).<\/p>\n<\/li>\n<li class=\"\" data-start=\"893\" data-end=\"1037\">\n<p class=\"\" data-start=\"895\" data-end=\"1037\"><em data-start=\"895\" data-end=\"958\">Ugradni lastin rep sa rasvetom, ravni mlaz 900-150 12W PB RGB<\/em> \u2013 Priklju\u010dak na F50 x2, mo\u017ee se povezati sa modulatorom (4 \u017eice na modulator).<\/p>\n<\/li>\n<li class=\"\" data-start=\"1040\" data-end=\"1184\">\n<p class=\"\" data-start=\"1042\" data-end=\"1184\"><em data-start=\"1042\" data-end=\"1105\">Ugradni lastin rep sa rasvetom, ravni mlaz 1200-25 17W PB RGB<\/em> \u2013 Priklju\u010dak na F50 x2, mo\u017ee se povezati sa modulatorom (4 \u017eice na modulator).<\/p>\n<\/li>\n<\/ul>\n<\/li>\n<\/ul>\n<p class=\"\" data-start=\"1186\" data-end=\"1294\"><strong data-start=\"1186\" data-end=\"1198\">Napomena<\/strong>: Za rad ovih vodnih atrakcija, potrebno je obezbediti dodatnu pumpu i odgovaraju\u0107u instalaciju.<\/p>\n<p class=\"\" data-start=\"1296\" data-end=\"1432\">Dodajte jedinstveni vizuelni i opu\u0161taju\u0107i element svom bazenu sa na\u0161im vodenim atrakcijama. Idealno za privatne i komercijalne prostore!<\/p>\n<p class=\"\" data-start=\"1434\" data-end=\"1488\">Ako imate dodatna pitanja, slobodno nas kontaktirajte!<\/p>\n<p><iframe title=\"Smart pool waterfall system\" width=\"563\" height=\"1000\" src=\"https:\/\/www.youtube.com\/embed\/BoXlo8okT3A?feature=oembed\" frameborder=\"0\" allow=\"accelerometer; autoplay; clipboard-write; encrypted-media; gyroscope; picture-in-picture; web-share\" referrerpolicy=\"strict-origin-when-cross-origin\" allowfullscreen><\/iframe><\/p>\n<\/div>\n<\/div>\n<\/div>\n<\/div>\n<\/div>\n<\/div>\n<\/div>\n<\/div>\n<\/article>\n","protected":false},"excerpt":{"rendered":"<p>Vodene atrakcije za bazene sa efektom vodopada, idealne za porodi\u010dne bazene, dodaju vizuelni i fizi\u010dki u\u017eitak uz masa\u017eu vrata i le\u0111a, uz mogu\u0107nost ugradnje rasvete i razli\u010dite modele sa ravnim mlazom.<\/p>","protected":false},"featured_media":22976,"template":"","meta":[],"product_brand":[],"product_cat":[5047,5046],"product_tag":[],"class_list":{"0":"post-22975","1":"product","2":"type-product","3":"status-publish","4":"has-post-thumbnail","6":"product_cat-lastini-repovi","7":"product_cat-vodene-atrakcije-za-bazene","9":"first","10":"instock","11":"sold-individually","12":"purchasable","13":"product-type-simple"},"_links":{"self":[{"href":"https:\/\/hidroterm.dmcsrbija.com\/ru\/wp-json\/wp\/v2\/product\/22975","targetHints":{"allow":["GET"]}}],"collection":[{"href":"https:\/\/hidroterm.dmcsrbija.com\/ru\/wp-json\/wp\/v2\/product"}],"about":[{"href":"https:\/\/hidroterm.dmcsrbija.com\/ru\/wp-json\/wp\/v2\/types\/product"}],"wp:featuredmedia":[{"embeddable":true,"href":"https:\/\/hidroterm.dmcsrbija.com\/ru\/wp-json\/wp\/v2\/media\/22976"}],"wp:attachment":[{"href":"https:\/\/hidroterm.dmcsrbija.com\/ru\/wp-json\/wp\/v2\/media?parent=22975"}],"wp:term":[{"taxonomy":"product_brand","embeddable":true,"href":"https:\/\/hidroterm.dmcsrbija.com\/ru\/wp-json\/wp\/v2\/product_brand?post=22975"},{"taxonomy":"product_cat","embeddable":true,"href":"https:\/\/hidroterm.dmcsrbija.com\/ru\/wp-json\/wp\/v2\/product_cat?post=22975"},{"taxonomy":"product_tag","embeddable":true,"href":"https:\/\/hidroterm.dmcsrbija.com\/ru\/wp-json\/wp\/v2\/product_tag?post=22975"}],"curies":[{"name":"wp","href":"https:\/\/api.w.org\/{rel}","templated":true}]}}