{"id":22962,"date":"2026-03-18T08:31:35","date_gmt":"2026-03-18T07:31:35","guid":{"rendered":"https:\/\/hidroterm.dmcsrbija.com\/proizvod\/prekrivka-cover-seal-poluautomatska-c500pa-12x6m\/"},"modified":"2026-03-18T08:31:37","modified_gmt":"2026-03-18T07:31:37","slug":"prekrivka-cover-seal-poluautomatska-c500pa-12x6m","status":"publish","type":"product","link":"https:\/\/hidroterm.dmcsrbija.com\/ru\/proizvod\/prekrivka-cover-seal-poluautomatska-c500pa-12x6m\/","title":{"rendered":"Prekrivka Cover Seal Poluautomatska C500PA 12x6m"},"content":{"rendered":"<p class=\"\" data-start=\"75\" data-end=\"145\"><strong data-start=\"75\" data-end=\"145\">Coverseal Prekrivka za Bazen Poluautomatska 12x6m \u2013 Za\u0161tita za Sva \u010cetiri Godi\u0161nja Doba<\/strong><\/p>\n<p class=\"\" data-start=\"147\" data-end=\"534\"><strong data-start=\"147\" data-end=\"160\">Coverseal<\/strong>\u00a0prekrivka je savr\u0161en izbor za za\u0161titu va\u0161eg bazena tokom cele godine. Ova prekrivka podnosi optere\u0107enje do 1000 kg i otporna je na hod \u017eivotinja, pru\u017eaju\u0107i sigurnost i dugotrajnost. Za razliku od drugih fleksibilnih poklopaca, gornja povr\u0161ina\u00a0<strong data-start=\"404\" data-end=\"417\">Coverseal<\/strong>\u00a0membrane nikada ne dolazi u kontakt sa vodom u bazenu, \u010dime se osigurava o\u010duvanje visoke kvalitete vode za plivanje.<\/p>\n<p>Model &#8220;Poluautomatski&#8221; karakteri\u0161e se kontrolnom jedinicom opremljenom baterijama koje se mogu puniti na va\u0161oj ku\u0107noj elektroenergetskoj mre\u017ei u roku od nekoliko sati. Kada je jedinica napunjena, mogu\u0107e je obaviti nekoliko desetina ciklusa otvaranja\/zatvaranja. Sigurnost va\u0161eg bazena ili njegovo otkrivanje za u\u017eivanje postaje bez napora, za manje od jednog minuta. Prime\u0107i\u0107ete da je va\u0161a voda \u010di\u0161\u0107a, zdravija i toplija. Ukoliko zaboravite da napunite kontrolnu jedinicu, uvek postoji opcija manuelnog otvaranja.<\/p>\n<p class=\"\" data-start=\"536\" data-end=\"563\"><strong data-start=\"536\" data-end=\"563\">Klju\u010dne karakteristike:<\/strong><\/p>\n<ul data-start=\"565\" data-end=\"1323\">\n<li class=\"\" data-start=\"565\" data-end=\"689\">\n<p class=\"\" data-start=\"567\" data-end=\"689\"><strong data-start=\"567\" data-end=\"600\">Visoka otpornost i sigurnost:<\/strong>\u00a0Zategnuta, visoko otporna membrana garantuje maksimalnu sigurnost i dugotrajnu upotrebu.<\/p>\n<\/li>\n<li class=\"\" data-start=\"690\" data-end=\"783\">\n<p class=\"\" data-start=\"692\" data-end=\"783\"><strong data-start=\"692\" data-end=\"718\">Automatsko zatvaranje:<\/strong>\u00a0Sistem automatski zape\u010da\u0107uje poklopac, eliminiraju\u0107i sve rizike.<\/p>\n<\/li>\n<li class=\"\" data-start=\"784\" data-end=\"875\">\n<p class=\"\" data-start=\"786\" data-end=\"875\"><strong data-start=\"786\" data-end=\"814\">Ultra-ravna klizna \u0161ina:<\/strong>\u00a0Omogu\u0107ava lagano i precizno pomeranje poklopca preko bazena.<\/p>\n<\/li>\n<li class=\"\" data-start=\"876\" data-end=\"1035\">\n<p class=\"\" data-start=\"878\" data-end=\"1035\"><strong data-start=\"878\" data-end=\"899\">Anti-UV membrana:<\/strong>\u00a0Neprozirna membrana blokira sun\u010deve zrake, spre\u010davaju\u0107i fotosintezu i smanjenje formiranja algi, \u010dime odr\u017eava stabilan pH va\u0161eg bazena.<\/p>\n<\/li>\n<li class=\"\" data-start=\"1036\" data-end=\"1201\">\n<p class=\"\" data-start=\"1038\" data-end=\"1201\"><strong data-start=\"1038\" data-end=\"1068\">Za\u0161tita tokom cele godine:<\/strong>\u00a0Obezbe\u0111uje kristalno \u010distu vodu tokom svih sezona, smanjuju\u0107i potrebu za \u010di\u0161\u0107enjem i odr\u017eavanjem bazena, kao i upotrebom hemikalija.<\/p>\n<\/li>\n<li class=\"\" data-start=\"1202\" data-end=\"1323\">\n<p class=\"\" data-start=\"1204\" data-end=\"1323\"><strong data-start=\"1204\" data-end=\"1243\">Otpornost na temperaturne ekstreme:<\/strong>\u00a0Poklopac je otporan na letnje temperature i mo\u017ee podneti sneg i led tokom zime.<\/p>\n<\/li>\n<\/ul>\n<p class=\"\" data-start=\"1325\" data-end=\"1339\"><strong data-start=\"1325\" data-end=\"1339\">Prednosti:<\/strong><\/p>\n<ul data-start=\"1341\" data-end=\"1467\">\n<li class=\"\" data-start=\"1341\" data-end=\"1389\">\n<p class=\"\" data-start=\"1343\" data-end=\"1389\">U\u0161teda vremena za \u010di\u0161\u0107enje i odr\u017eavanje bazena<\/p>\n<\/li>\n<li class=\"\" data-start=\"1390\" data-end=\"1437\">\n<p class=\"\" data-start=\"1392\" data-end=\"1437\">Zdravije kupanje sa manje hemijskih proizvoda<\/p>\n<\/li>\n<li class=\"\" data-start=\"1438\" data-end=\"1467\">\n<p class=\"\" data-start=\"1440\" data-end=\"1467\">Lak\u0161e prezimljavanje bazena<\/p>\n<\/li>\n<\/ul>\n<p class=\"\" data-start=\"1469\" data-end=\"1559\">Idealna za\u0161tita za va\u0161 bazen, sa dugotrajnim efektima i minimalnim naporima za odr\u017eavanje.<\/p>","protected":false},"excerpt":{"rendered":"<p>Coverseal prekrivka za bazen pru\u017ea za\u0161titu tokom svih godi\u0161njih doba, otporna je na optere\u0107enje do 1000 kg, \u0161titi od UV zra\u010denja, spre\u010dava formiranje algi i odr\u017eava kristalno \u010distu vodu uz minimalno odr\u017eavanje i manju upotrebu hemikalija.<\/p>","protected":false},"featured_media":22960,"template":"","meta":[],"product_brand":[],"product_cat":[5052,4968],"product_tag":[],"class_list":{"0":"post-22962","1":"product","2":"type-product","3":"status-publish","4":"has-post-thumbnail","6":"product_cat-cover-seal","7":"product_cat-prekrivke-za-bazene","9":"first","10":"instock","11":"sold-individually","12":"purchasable","13":"product-type-simple"},"_links":{"self":[{"href":"https:\/\/hidroterm.dmcsrbija.com\/ru\/wp-json\/wp\/v2\/product\/22962","targetHints":{"allow":["GET"]}}],"collection":[{"href":"https:\/\/hidroterm.dmcsrbija.com\/ru\/wp-json\/wp\/v2\/product"}],"about":[{"href":"https:\/\/hidroterm.dmcsrbija.com\/ru\/wp-json\/wp\/v2\/types\/product"}],"wp:featuredmedia":[{"embeddable":true,"href":"https:\/\/hidroterm.dmcsrbija.com\/ru\/wp-json\/wp\/v2\/media\/22960"}],"wp:attachment":[{"href":"https:\/\/hidroterm.dmcsrbija.com\/ru\/wp-json\/wp\/v2\/media?parent=22962"}],"wp:term":[{"taxonomy":"product_brand","embeddable":true,"href":"https:\/\/hidroterm.dmcsrbija.com\/ru\/wp-json\/wp\/v2\/product_brand?post=22962"},{"taxonomy":"product_cat","embeddable":true,"href":"https:\/\/hidroterm.dmcsrbija.com\/ru\/wp-json\/wp\/v2\/product_cat?post=22962"},{"taxonomy":"product_tag","embeddable":true,"href":"https:\/\/hidroterm.dmcsrbija.com\/ru\/wp-json\/wp\/v2\/product_tag?post=22962"}],"curies":[{"name":"wp","href":"https:\/\/api.w.org\/{rel}","templated":true}]}}