{"id":22951,"date":"2026-03-18T08:31:35","date_gmt":"2026-03-18T07:31:35","guid":{"rendered":"https:\/\/hidroterm.dmcsrbija.com\/proizvod\/oblaganje-bazena-poliesterom-plastifikacija-bazena\/"},"modified":"2026-03-18T08:31:36","modified_gmt":"2026-03-18T07:31:36","slug":"oblaganje-bazena-poliesterom-plastifikacija-bazena","status":"publish","type":"product","link":"https:\/\/hidroterm.dmcsrbija.com\/ru\/proizvod\/oblaganje-bazena-poliesterom-plastifikacija-bazena\/","title":{"rendered":"Oblaganje bazena poliesterom &#8211; plastifikacija bazena"},"content":{"rendered":"<p>Oblaganje bazena poliesterom omogu\u0107ava vi\u0161egodi\u0161nju za\u0161titu betonskih povr\u0161ina kako fizi\u010dko-hemijsku tako i mehani\u010dku.\u00a0Istovremeno se dobija kompaktnost oblo\u017eenih povr\u0161ina uz mogu\u0107nost kontrolisanog odvoda te\u010dnosti. Za oblaganje bazena poliesterom potrebno je odraditi gra\u0111evinske radove, a na mestima gde \u0107e stajati bazenska oprema postavlja se stirodur u veli\u010dini bazenske opreme. Za ravne zidove potrebno je oblo\u017eiti ceo bazen mre\u017eicom i stirodurom (nije ura\u010dunato u cenu) i nakon toga se vr\u0161i prskanje poliesterom.<\/p>\n<p>Plastifikacija bazena vr\u0161i se od armiranog poliestera, a nijanse boja se mogu birati na zahtev kupca. Zidovi moraju biti ravni, a za ovakvu vrstu oblaganja bazena ne treba da se radi hidroizolacija.<\/p>\n<div dir=\"ltr\">Poliester moze da se nanosi na stiropor blokove , betonske blokove i amirano betonske zidove.<\/div>\n<p><strong>Prevoz i sme\u0161taj nisu ura\u010dunati u cenu.<\/strong><\/p>\n<p><strong><em>*Cena je po m2, bez PDV-a.<\/em><\/strong><\/p>","protected":false},"excerpt":{"rendered":"<p>Oblaganje bazena poliesterom omogu\u0107ava vi\u0161egodi\u0161nju za\u0161titu betonskih povr\u0161ina kako fizi\u010dko-hemijsku tako i mehani\u010dku.\u00a0Istovremeno se dobija kompaktnost oblo\u017eenih povr\u0161ina uz mogu\u0107nost kontrolisanog odvoda te\u010dnosti. Za oblaganje bazena poliesterom potrebno je odraditi gra\u0111evinske radove, a na mestima gde \u0107e stajati bazenska oprema postavlja se stirodur u veli\u010dini bazenske opreme. Za ravne zidove potrebno je oblo\u017eiti ceo bazen [&hellip;]<\/p>\n","protected":false},"featured_media":22952,"template":"","meta":[],"product_brand":[],"product_cat":[5051,4994,5050,5049],"product_tag":[],"class_list":{"0":"post-22951","1":"product","2":"type-product","3":"status-publish","4":"has-post-thumbnail","6":"product_cat-oblaganje-bazena-poliesterom","7":"product_cat-obloge-za-bazene","8":"product_cat-obloge-za-bazene-plocice-za-bazenebazeni","9":"product_cat-plocice-za-bazenebazeni","11":"first","12":"instock","13":"sold-individually","14":"purchasable","15":"product-type-simple"},"_links":{"self":[{"href":"https:\/\/hidroterm.dmcsrbija.com\/ru\/wp-json\/wp\/v2\/product\/22951","targetHints":{"allow":["GET"]}}],"collection":[{"href":"https:\/\/hidroterm.dmcsrbija.com\/ru\/wp-json\/wp\/v2\/product"}],"about":[{"href":"https:\/\/hidroterm.dmcsrbija.com\/ru\/wp-json\/wp\/v2\/types\/product"}],"wp:featuredmedia":[{"embeddable":true,"href":"https:\/\/hidroterm.dmcsrbija.com\/ru\/wp-json\/wp\/v2\/media\/22952"}],"wp:attachment":[{"href":"https:\/\/hidroterm.dmcsrbija.com\/ru\/wp-json\/wp\/v2\/media?parent=22951"}],"wp:term":[{"taxonomy":"product_brand","embeddable":true,"href":"https:\/\/hidroterm.dmcsrbija.com\/ru\/wp-json\/wp\/v2\/product_brand?post=22951"},{"taxonomy":"product_cat","embeddable":true,"href":"https:\/\/hidroterm.dmcsrbija.com\/ru\/wp-json\/wp\/v2\/product_cat?post=22951"},{"taxonomy":"product_tag","embeddable":true,"href":"https:\/\/hidroterm.dmcsrbija.com\/ru\/wp-json\/wp\/v2\/product_tag?post=22951"}],"curies":[{"name":"wp","href":"https:\/\/api.w.org\/{rel}","templated":true}]}}