{"id":22947,"date":"2026-03-18T08:31:28","date_gmt":"2026-03-18T07:31:28","guid":{"rendered":"https:\/\/hidroterm.dmcsrbija.com\/proizvod\/vodena-atrakcija-delfin\/"},"modified":"2026-03-18T08:31:34","modified_gmt":"2026-03-18T07:31:34","slug":"vodena-atrakcija-delfin","status":"publish","type":"product","link":"https:\/\/hidroterm.dmcsrbija.com\/ru\/proizvod\/vodena-atrakcija-delfin\/","title":{"rendered":"Vodena atrakcija &#8211; Delfin"},"content":{"rendered":"<p>Vodena atrakcija u obliku delfina namenjena ulep\u0161avanju bazenskog okru\u017eenja i pad vode u bazenu.<\/p>\n<p>&#8211; Atrakcija za bazene Delfin, kojom mo\u017eete svojoj deci napraviti pravo u\u017eivanje kraj bazena.<\/p>\n<p>Deca uzivaju u letnjim danima u prskanju i igranju.<\/p>\n<p>Priustite im pravo zadovoljstvo i atrakciju koju nema svako.<\/p>\n<p>Dimenzije: 140x75x80cm<\/p>\n<p>Boja delfina je plava<\/p>\n<p><span style=\"font-size: 10pt;\"><em>*Za rad ovih atrakcija potrebno je obezbediti dodatnu pumpu i odgovaraju\u0107u instalaciju.<\/em><\/span><\/p>","protected":false},"excerpt":{"rendered":"<p>Vodena atrakcija u obliku delfina namenjena ulep\u0161avanju bazenskog okru\u017eenja i pad vode u bazenu. &#8211; Atrakcija za bazene Delfin, kojom mo\u017eete svojoj deci napraviti pravo u\u017eivanje kraj bazena. Deca uzivaju u letnjim danima u prskanju i igranju. Priustite im pravo zadovoljstvo i atrakciju koju nema svako. Dimenzije: 140x75x80cm Boja delfina je plava *Za rad ovih [&hellip;]<\/p>\n","protected":false},"featured_media":22948,"template":"","meta":[],"product_brand":[],"product_cat":[5048,5046],"product_tag":[],"class_list":{"0":"post-22947","1":"product","2":"type-product","3":"status-publish","4":"has-post-thumbnail","6":"product_cat-vodene-atrakcije","7":"product_cat-vodene-atrakcije-za-bazene","9":"first","10":"instock","11":"sold-individually","12":"purchasable","13":"product-type-simple"},"_links":{"self":[{"href":"https:\/\/hidroterm.dmcsrbija.com\/ru\/wp-json\/wp\/v2\/product\/22947","targetHints":{"allow":["GET"]}}],"collection":[{"href":"https:\/\/hidroterm.dmcsrbija.com\/ru\/wp-json\/wp\/v2\/product"}],"about":[{"href":"https:\/\/hidroterm.dmcsrbija.com\/ru\/wp-json\/wp\/v2\/types\/product"}],"wp:featuredmedia":[{"embeddable":true,"href":"https:\/\/hidroterm.dmcsrbija.com\/ru\/wp-json\/wp\/v2\/media\/22948"}],"wp:attachment":[{"href":"https:\/\/hidroterm.dmcsrbija.com\/ru\/wp-json\/wp\/v2\/media?parent=22947"}],"wp:term":[{"taxonomy":"product_brand","embeddable":true,"href":"https:\/\/hidroterm.dmcsrbija.com\/ru\/wp-json\/wp\/v2\/product_brand?post=22947"},{"taxonomy":"product_cat","embeddable":true,"href":"https:\/\/hidroterm.dmcsrbija.com\/ru\/wp-json\/wp\/v2\/product_cat?post=22947"},{"taxonomy":"product_tag","embeddable":true,"href":"https:\/\/hidroterm.dmcsrbija.com\/ru\/wp-json\/wp\/v2\/product_tag?post=22947"}],"curies":[{"name":"wp","href":"https:\/\/api.w.org\/{rel}","templated":true}]}}