{"id":22943,"date":"2026-03-18T08:31:28","date_gmt":"2026-03-18T07:31:28","guid":{"rendered":"https:\/\/hidroterm.dmcsrbija.com\/proizvod\/lastin-rep-kobra-lux-12-14-aisi-304-600x500\/"},"modified":"2026-03-18T08:31:33","modified_gmt":"2026-03-18T07:31:33","slug":"lastin-rep-kobra-lux-12-14-aisi-304-600x500","status":"publish","type":"product","link":"https:\/\/hidroterm.dmcsrbija.com\/ru\/proizvod\/lastin-rep-kobra-lux-12-14-aisi-304-600x500\/","title":{"rendered":"Lastin rep KOBRA LUX 12# 14# AISI 304 600&#215;500"},"content":{"rendered":"<p>Vodene atrakcije za ulep\u0161avanje bazenskog prostora i pad vode u bazenu. Vodene atrakcije su elementi koji upotpunjuju Va\u0161 u\u017eitak kako vizuelno tako i fizicki u vidu masa\u017ea vrata i leda. Idealne su za porodicne bazene.<\/p>\n<p>\u2013 Vodena atrakcija koja daje karakter i stil bazenu.<\/p>\n<p>\u2013 Izra\u0111eni od prohroma AISI304 za sve tipove bazena koji ne poseduju elektrolizu ( uredjaj za pretvaranje soli u hlor ).<\/p>\n<p>\u2013 Priklju\u010dak im je na 6\/4 UN.<\/p>\n<p><em>*Za rad ovih atrakcija potrebno je obezbediti dodatnu pumpu i odgovaraju\u0107u instalaciju.<\/em><\/p>","protected":false},"excerpt":{"rendered":"<p>Vodene atrakcije za ulep\u0161avanje bazenskog prostora i pad vode u bazenu. Vodene atrakcije su elementi koji upotpunjuju Va\u0161 u\u017eitak kako vizuelno tako i fizicki u vidu masa\u017ea vrata i leda. Idealne su za porodicne bazene. \u2013 Vodena atrakcija koja daje karakter i stil bazenu. \u2013 Izra\u0111eni od prohroma AISI304 za sve tipove bazena koji ne [&hellip;]<\/p>\n","protected":false},"featured_media":22944,"template":"","meta":[],"product_brand":[],"product_cat":[5047,5046],"product_tag":[],"class_list":{"0":"post-22943","1":"product","2":"type-product","3":"status-publish","4":"has-post-thumbnail","6":"product_cat-lastini-repovi","7":"product_cat-vodene-atrakcije-za-bazene","9":"first","10":"instock","11":"sold-individually","12":"purchasable","13":"product-type-simple"},"_links":{"self":[{"href":"https:\/\/hidroterm.dmcsrbija.com\/ru\/wp-json\/wp\/v2\/product\/22943","targetHints":{"allow":["GET"]}}],"collection":[{"href":"https:\/\/hidroterm.dmcsrbija.com\/ru\/wp-json\/wp\/v2\/product"}],"about":[{"href":"https:\/\/hidroterm.dmcsrbija.com\/ru\/wp-json\/wp\/v2\/types\/product"}],"wp:featuredmedia":[{"embeddable":true,"href":"https:\/\/hidroterm.dmcsrbija.com\/ru\/wp-json\/wp\/v2\/media\/22944"}],"wp:attachment":[{"href":"https:\/\/hidroterm.dmcsrbija.com\/ru\/wp-json\/wp\/v2\/media?parent=22943"}],"wp:term":[{"taxonomy":"product_brand","embeddable":true,"href":"https:\/\/hidroterm.dmcsrbija.com\/ru\/wp-json\/wp\/v2\/product_brand?post=22943"},{"taxonomy":"product_cat","embeddable":true,"href":"https:\/\/hidroterm.dmcsrbija.com\/ru\/wp-json\/wp\/v2\/product_cat?post=22943"},{"taxonomy":"product_tag","embeddable":true,"href":"https:\/\/hidroterm.dmcsrbija.com\/ru\/wp-json\/wp\/v2\/product_tag?post=22943"}],"curies":[{"name":"wp","href":"https:\/\/api.w.org\/{rel}","templated":true}]}}