{"id":22926,"date":"2026-03-18T08:31:28","date_gmt":"2026-03-18T07:31:28","guid":{"rendered":"https:\/\/hidroterm.dmcsrbija.com\/proizvod\/rubni-kamen-nero-eco-old-beli-ravni-50x33cm-po-komadu-11kg-kom\/"},"modified":"2026-03-18T08:31:31","modified_gmt":"2026-03-18T07:31:31","slug":"rubni-kamen-nero-eco-old-beli-ravni-50x33cm-po-komadu-11kg-kom","status":"publish","type":"product","link":"https:\/\/hidroterm.dmcsrbija.com\/ru\/proizvod\/rubni-kamen-nero-eco-old-beli-ravni-50x33cm-po-komadu-11kg-kom\/","title":{"rendered":"Rubni kamen NERO Eco old beli ravni 50x33cm po komadu * 11kg\/kom"},"content":{"rendered":"<h2 data-start=\"96\" data-end=\"137\">Rubni kamen za oblaganje ivica bazena<\/h2>\n<p>&nbsp;<\/p>\n<p class=\"\" data-start=\"139\" data-end=\"242\"><strong data-start=\"139\" data-end=\"181\">Nalegaju\u0107e \u0161irine 33 cm, du\u017eina 50 cm.<\/strong><br data-start=\"181\" data-end=\"184\" \/>Dostupan u formama: <strong data-start=\"204\" data-end=\"213\">ravni<\/strong>, <strong data-start=\"215\" data-end=\"223\">ugao<\/strong> i <strong data-start=\"226\" data-end=\"241\">kontra ugao<\/strong>.<\/p>\n<p class=\"\" data-start=\"244\" data-end=\"263\"><strong data-start=\"244\" data-end=\"263\">Opis proizvoda:<\/strong><\/p>\n<p class=\"\" data-start=\"265\" data-end=\"533\">Rubni kamen za bazene je savr\u0161en izbor za zavr\u0161nu obradu ivica bazena, pru\u017eaju\u0107i ne samo estetsku lepotu ve\u0107 i funkcionalnost. Idealno je re\u0161enje za prelaze izme\u0111u bazena i obale, bez obzira na to da li je va\u0161 bazen oblo\u017een staklenim mozaikom, plo\u010dicama ili lajnerom.<\/p>\n<p class=\"\" data-start=\"535\" data-end=\"791\">Ovaj <strong data-start=\"540\" data-end=\"564\">\u00a0rubni kamen<\/strong> predstavlja veoma lepu zavr\u0161nicu za skimerske bazene, daju\u0107i im sofisticiran i ure\u0111en izgled. Njegov specifi\u010dan dizajn omogu\u0107ava jednostavno postavljanje i sigurnu upotrebu, pru\u017eaju\u0107i dugotrajan efekat i za\u0161titu ivica bazena.<\/p>\n<p class=\"\" data-start=\"793\" data-end=\"948\">Rubni kamen se prodaje <strong data-start=\"816\" data-end=\"829\">po komadu<\/strong>, a dostupni su i razli\u010diti oblici kako biste mogli da prilagodite izgled svog bazena: ravni, ugaoni ili kontra ugaoni.<\/p>\n<p class=\"\" data-start=\"950\" data-end=\"968\"><strong data-start=\"950\" data-end=\"968\">Specifikacije:<\/strong><\/p>\n<ul data-start=\"969\" data-end=\"1157\">\n<li class=\"\" data-start=\"969\" data-end=\"988\">\n<p class=\"\" data-start=\"971\" data-end=\"988\"><strong data-start=\"971\" data-end=\"981\">\u0160irina<\/strong>: 33 cm<\/p>\n<\/li>\n<li class=\"\" data-start=\"989\" data-end=\"1008\">\n<p class=\"\" data-start=\"991\" data-end=\"1008\"><strong data-start=\"991\" data-end=\"1001\">Du\u017eina<\/strong>: 50 cm<\/p>\n<\/li>\n<li data-start=\"989\" data-end=\"1008\"><strong>Te\u017eina:<\/strong> 11kg<\/li>\n<li class=\"\" data-start=\"1009\" data-end=\"1034\">\n<p class=\"\" data-start=\"1011\" data-end=\"1034\"><strong data-start=\"1011\" data-end=\"1024\">Materijal<\/strong>: Mineralno-kompozitni kamen izra\u0111en od mermera i cementa uz dodatak superplastifikatora<\/p>\n<\/li>\n<li class=\"\" data-start=\"1035\" data-end=\"1072\">\n<p class=\"\" data-start=\"1037\" data-end=\"1072\"><strong data-start=\"1037\" data-end=\"1046\">Oblik<\/strong>: Ravan, Ugao, Kontra ugao<\/p>\n<\/li>\n<li class=\"\" data-start=\"1073\" data-end=\"1106\">\n<p class=\"\" data-start=\"1075\" data-end=\"1106\"><strong data-start=\"1075\" data-end=\"1087\">Koli\u010dina<\/strong>: Prodaja po komadu<\/p>\n<\/li>\n<li class=\"\" data-start=\"1107\" data-end=\"1157\">\n<p class=\"\" data-start=\"1109\" data-end=\"1157\"><strong data-start=\"1109\" data-end=\"1125\">Cena monta\u017ee<\/strong>: 16 EUR\/m (dostupno po zahtevu)<\/p>\n<\/li>\n<\/ul>\n<p class=\"\" data-start=\"1159\" data-end=\"1181\"><strong data-start=\"1159\" data-end=\"1181\">Dodatne prednosti:<\/strong><\/p>\n<ul data-start=\"1182\" data-end=\"1455\">\n<li class=\"\" data-start=\"1182\" data-end=\"1249\">\n<p class=\"\" data-start=\"1184\" data-end=\"1249\">Dugotrajan i otporan materijal koji je jednostavan za odr\u017eavanje.<\/p>\n<\/li>\n<li class=\"\" data-start=\"1250\" data-end=\"1309\">\n<p class=\"\" data-start=\"1252\" data-end=\"1309\">Dizajniran da se uklopi sa svim vrstama bazenskih obloga.<\/p>\n<\/li>\n<li class=\"\" data-start=\"1310\" data-end=\"1382\">\n<p class=\"\" data-start=\"1312\" data-end=\"1382\">Elegantan zavr\u0161etak koji podi\u017ee celokupan vizuelni dojam va\u0161eg bazena.<\/p>\n<\/li>\n<li class=\"\" data-start=\"1383\" data-end=\"1455\">\n<p class=\"\" data-start=\"1385\" data-end=\"1455\">Pru\u017ea sigurnost pri ulasku i izlasku iz bazena, spre\u010davaju\u0107i klizanje.<\/p>\n<\/li>\n<\/ul>\n<p class=\"\" data-start=\"1457\" data-end=\"1497\"><strong data-start=\"1457\" data-end=\"1465\">Cena<\/strong> po komadu: <strong data-start=\"1477\" data-end=\"1497\">(Cena sa PDV-om)<\/strong><\/p>","protected":false},"excerpt":{"rendered":"<p>Rubni kamen za oblaganje ivica bazena, \u0161irine 33 cm i du\u017eine 50 cm, dostupan u oblicima ravni, ugao i kontra ugao, idealan za zavr\u0161nicu oko skimerskih bazena, pogodan za obloge sa staklenim mozaikom, plo\u010dicama ili lajnerom, prodaje se po komadu.<\/p>","protected":false},"featured_media":22927,"template":"","meta":[],"product_brand":[],"product_cat":[4994,5045,5044],"product_tag":[],"class_list":{"0":"post-22926","1":"product","2":"type-product","3":"status-publish","4":"has-post-thumbnail","6":"product_cat-obloge-za-bazene","7":"product_cat-rubni-kamen-nero-eco","8":"product_cat-rubni-kamen-za-bazene","10":"first","11":"instock","12":"sold-individually","13":"purchasable","14":"product-type-simple"},"_links":{"self":[{"href":"https:\/\/hidroterm.dmcsrbija.com\/ru\/wp-json\/wp\/v2\/product\/22926","targetHints":{"allow":["GET"]}}],"collection":[{"href":"https:\/\/hidroterm.dmcsrbija.com\/ru\/wp-json\/wp\/v2\/product"}],"about":[{"href":"https:\/\/hidroterm.dmcsrbija.com\/ru\/wp-json\/wp\/v2\/types\/product"}],"wp:featuredmedia":[{"embeddable":true,"href":"https:\/\/hidroterm.dmcsrbija.com\/ru\/wp-json\/wp\/v2\/media\/22927"}],"wp:attachment":[{"href":"https:\/\/hidroterm.dmcsrbija.com\/ru\/wp-json\/wp\/v2\/media?parent=22926"}],"wp:term":[{"taxonomy":"product_brand","embeddable":true,"href":"https:\/\/hidroterm.dmcsrbija.com\/ru\/wp-json\/wp\/v2\/product_brand?post=22926"},{"taxonomy":"product_cat","embeddable":true,"href":"https:\/\/hidroterm.dmcsrbija.com\/ru\/wp-json\/wp\/v2\/product_cat?post=22926"},{"taxonomy":"product_tag","embeddable":true,"href":"https:\/\/hidroterm.dmcsrbija.com\/ru\/wp-json\/wp\/v2\/product_tag?post=22926"}],"curies":[{"name":"wp","href":"https:\/\/api.w.org\/{rel}","templated":true}]}}