{"id":22924,"date":"2026-03-18T08:31:28","date_gmt":"2026-03-18T07:31:28","guid":{"rendered":"https:\/\/hidroterm.dmcsrbija.com\/proizvod\/robot-za-bazene-dolphin-s300i\/"},"modified":"2026-03-18T08:31:30","modified_gmt":"2026-03-18T07:31:30","slug":"robot-za-bazene-dolphin-s300i","status":"publish","type":"product","link":"https:\/\/hidroterm.dmcsrbija.com\/ru\/proizvod\/robot-za-bazene-dolphin-s300i\/","title":{"rendered":"Robot za bazene Dolphin S300i"},"content":{"rendered":"<p style=\"text-align: justify;\">Robot za bazene Dolphin S300i &#8211; Pre\u0111ite na novo iskustvo \u010di\u0161\u0107enja bazena sa naprednim mogu\u0107nostima Dolphin S robota.<\/p>\n<p data-start=\"0\" data-end=\"282\">Dolphin S300i je bogat funkcijama koje su jednostavne za kori\u0161\u0107enje i mogu se pristupiti putem vi\u0161efunkcionalnog napajanja ili MyDolphin Plus\u2122 aplikacije. Postavite programe \u010di\u0161\u0107enja i kontroli\u0161ite robota na daljinu, uklju\u010duju\u0107i ru\u010dnu navigaciju.<\/p>\n<p data-start=\"284\" data-end=\"303\"><strong data-start=\"284\" data-end=\"301\">Specifikacije<\/strong><\/p>\n<ul data-start=\"304\" data-end=\"770\">\n<li data-start=\"304\" data-end=\"349\"><strong data-start=\"306\" data-end=\"334\">Idealna veli\u010dina bazena:<\/strong> Do 12 metara<\/li>\n<li data-start=\"350\" data-end=\"403\"><strong data-start=\"352\" data-end=\"373\">Pokri\u0107e \u010di\u0161\u0107enja:<\/strong> Pod, zidovi i vodena linija<\/li>\n<li data-start=\"404\" data-end=\"486\"><strong data-start=\"406\" data-end=\"420\">Napajanje:<\/strong> Vi\u0161efunkcionalno napajanje sa opcijama \u010di\u0161\u0107enja i programiranja<\/li>\n<li data-start=\"487\" data-end=\"527\"><strong data-start=\"489\" data-end=\"505\">Vrsta \u010detke:<\/strong> \u010cetka za sve terene<\/li>\n<li data-start=\"528\" data-end=\"600\"><strong data-start=\"530\" data-end=\"543\">\u010cetkanje:<\/strong> Dvostruko aktivno \u010detkanje za temeljno \u010di\u0161\u0107enje bazena<\/li>\n<li data-start=\"601\" data-end=\"692\"><strong data-start=\"603\" data-end=\"614\">Filter:<\/strong> Filter korpa za gornje punjenje sa vi\u0161e slojeva za finu i grubu prljav\u0161tinu<\/li>\n<li data-start=\"693\" data-end=\"715\"><strong data-start=\"695\" data-end=\"706\">Te\u017eina:<\/strong> 7,5 kg<\/li>\n<li data-start=\"716\" data-end=\"742\"><strong data-start=\"718\" data-end=\"735\">Du\u017eina kabla:<\/strong> 18 m<\/li>\n<li data-start=\"743\" data-end=\"770\"><strong data-start=\"745\" data-end=\"759\">Garancija:<\/strong> 2 godine<\/li>\n<\/ul>\n<p data-start=\"772\" data-end=\"792\"><strong data-start=\"772\" data-end=\"790\">Karakteristike<\/strong><\/p>\n<ul data-start=\"793\" data-end=\"2515\" data-is-last-node=\"\" data-is-only-node=\"\">\n<li data-start=\"793\" data-end=\"1003\"><strong data-start=\"795\" data-end=\"823\">Climate Care sertifikat:<\/strong> Prvi robotski usisiva\u010d za bazene sa Climate Care sertifikatom, \u0161to zna\u010di da \u0107ete u\u0161tedeti na ra\u010dunima za energiju i vodu, a tako\u0111e \u0107ete imati bolju filtraciju vode.<\/li>\n<li data-start=\"1004\" data-end=\"1399\"><strong data-start=\"1006\" data-end=\"1037\">MyDolphin\u2122 Plus aplikacija:<\/strong> Kontroli\u0161ite va\u0161 Dolphin robotski usisiva\u010d za bazen putem MyDolphin\u2122 Plus aplikacije na svom pametnom telefonu ili tabletu, sa funkcijama koje je lako koristiti! Postavite i zakazujte programe \u010di\u0161\u0107enja i navigirajte va\u0161 Dolphin na daljinu do svih te\u0161ko dostupnih mesta za potpuno \u010di\u0161\u0107enje. U\u010dinite svoj bazen savr\u0161enim sa bilo kog mesta u bilo kojem trenutku.<\/li>\n<li data-start=\"1400\" data-end=\"1581\"><strong data-start=\"1402\" data-end=\"1420\">Uvek povezano:<\/strong> Va\u0161 robot je povezan na Wi-Fi i cloud, pa ga uvek mo\u017eete kontrolisati u ruci, bilo kada i bilo gde, putem MyDolphin\u2122 Plus aplikacije na svom pametnom ure\u0111aju.<\/li>\n<li data-start=\"1582\" data-end=\"1902\"><strong data-start=\"1584\" data-end=\"1615\">PowerStream mobilni sistem:<\/strong> Na\u0161 napredni PowerStream mobilni sistem stvara vi\u0161esmjerne vodene mlazove, omogu\u0107avaju\u0107i konstantno prijanjanje na sve vertikalne i horizontalne povr\u0161ine. Ovo ne samo da osigurava efikasno \u010di\u0161\u0107enje zidova bazena i vodene linije, ve\u0107 tako\u0111e pobolj\u0161ava navigaciju i sposobnost \u010di\u0161\u0107enja.<\/li>\n<li data-start=\"1903\" data-end=\"2193\"><strong data-start=\"1905\" data-end=\"1958\">CleverClean\u2122 pokri\u0107e\u2014Precizan navigacioni sistem:<\/strong> Napredni softver za skeniranje i navigacioni sistem osiguravaju da podovi, zidovi i vodene linije budu potpuno prekriveni koriste\u0107i najefikasniji put. Dolphin automatski navigira oko prepreka i brzo se vra\u0107a u svoj obrazac \u010di\u0161\u0107enja.<\/li>\n<li data-start=\"2194\" data-end=\"2411\"><strong data-start=\"2196\" data-end=\"2235\">Dinami\u010dki dvostruki pogonski motor:<\/strong> Dvostruki pogonski motor sa CleverClean\u2122 tehnologijom za skeniranje i navigaciju za optimalnu manevarske sposobnosti i pokri\u0107e bazena, bez obzira na oblik, nagib i prepreke.<\/li>\n<li data-start=\"2412\" data-end=\"2515\" data-is-last-node=\"\"><strong data-start=\"2414\" data-end=\"2436\">Indikator filtera:<\/strong> Obave\u0161tava vas kada treba da promenite filter za optimalne rezultate \u010di\u0161\u0107enja.<\/li>\n<\/ul>\n<p>&nbsp;<\/p>\n<p style=\"text-align: justify;\">Kontroli\u0161ite robot preko najsavremenijeg multifunkcionalnog napajanja ili koristite aplikaciju MyDolphinTM na Va\u0161em smartfonu kako biste podesili programe \u010di\u0161\u0107enja i daljinski upravljali robotom. Trep\u0107u\u0107i LED na robotu ozna\u010dava aktivni re\u017eim<\/p>\n<p>&nbsp;<\/p>\n<p>&nbsp;<\/p>\n<p>&nbsp;<\/p>","protected":false},"excerpt":{"rendered":"<p>Dolphin S300i je robotski usisiva\u010d za bazene sa Wi-Fi povezivanjem, naprednim \u010di\u0161\u0107enjem, dualnim motorom i aplikacijom za kontrolu i programiranje.<\/p>","protected":false},"featured_media":22925,"template":"","meta":[],"product_brand":[],"product_cat":[4992],"product_tag":[],"class_list":{"0":"post-22924","1":"product","2":"type-product","3":"status-publish","4":"has-post-thumbnail","6":"product_cat-roboti-za-bazene","8":"first","9":"instock","10":"sold-individually","11":"purchasable","12":"product-type-simple"},"_links":{"self":[{"href":"https:\/\/hidroterm.dmcsrbija.com\/ru\/wp-json\/wp\/v2\/product\/22924","targetHints":{"allow":["GET"]}}],"collection":[{"href":"https:\/\/hidroterm.dmcsrbija.com\/ru\/wp-json\/wp\/v2\/product"}],"about":[{"href":"https:\/\/hidroterm.dmcsrbija.com\/ru\/wp-json\/wp\/v2\/types\/product"}],"wp:featuredmedia":[{"embeddable":true,"href":"https:\/\/hidroterm.dmcsrbija.com\/ru\/wp-json\/wp\/v2\/media\/22925"}],"wp:attachment":[{"href":"https:\/\/hidroterm.dmcsrbija.com\/ru\/wp-json\/wp\/v2\/media?parent=22924"}],"wp:term":[{"taxonomy":"product_brand","embeddable":true,"href":"https:\/\/hidroterm.dmcsrbija.com\/ru\/wp-json\/wp\/v2\/product_brand?post=22924"},{"taxonomy":"product_cat","embeddable":true,"href":"https:\/\/hidroterm.dmcsrbija.com\/ru\/wp-json\/wp\/v2\/product_cat?post=22924"},{"taxonomy":"product_tag","embeddable":true,"href":"https:\/\/hidroterm.dmcsrbija.com\/ru\/wp-json\/wp\/v2\/product_tag?post=22924"}],"curies":[{"name":"wp","href":"https:\/\/api.w.org\/{rel}","templated":true}]}}