{"id":22922,"date":"2026-03-18T08:31:28","date_gmt":"2026-03-18T07:31:28","guid":{"rendered":"https:\/\/hidroterm.dmcsrbija.com\/proizvod\/robot-dolphin-s200\/"},"modified":"2026-03-18T08:31:30","modified_gmt":"2026-03-18T07:31:30","slug":"robot-dolphin-s200","status":"publish","type":"product","link":"https:\/\/hidroterm.dmcsrbija.com\/ru\/proizvod\/robot-dolphin-s200\/","title":{"rendered":"Robot Dolphin S200"},"content":{"rendered":"<h3>Robot Dolphin S200 za bazene du\u017eine do 12m<\/h3>\n<p>Robot za bazene Dolphin S200 omogu\u0107ava \u010di\u0161\u010denje zida,poda i vodene linije, kao i stepeni\u0161ta bazena bez dodatnog napora. Potpuno automatizovano \u010di\u0161\u0107enje pru\u017ea potpuni ugo\u0111aj bez dodatnog anga\u017eovanja.Pogodan je za \u010di\u0161\u0107enje bazena do 12m du\u017eine.<\/p>\n<p data-start=\"113\" data-end=\"411\">Ovaj inovativni ure\u0111aj pru\u017ea potpunu i efikasnu uslugu \u010di\u0161\u0107enja i opremljen je izuzetnim karakteristikama koje ga izdvajaju u svojoj kategoriji.<\/p>\n<p data-start=\"0\" data-end=\"570\">Dolphin S-serija robotskih usisiva\u010da za bazene jedan je od novijih projekata kompanije Maytronics. Ovi mali usisiva\u010di su dizajnirani da budu agilni i lagani pod vodom, sposobni da se pomere u bilo koju poziciju i obezbede dubinsko \u010di\u0161\u0107enje za samo nekoliko sati. Sa \u010detiri razli\u010dita modela, koji se klasifikuju kao performanse, napredni, luksuzni i premium-klasa, verovatno postoji S-serija modela koji odgovara va\u0161im potrebama. Danas razmatramo model S200, koji je model napredne klase. S200 se mo\u017ee pohvaliti impresivnim specifikacijama i karakteristikama, kao \u0161to su:<\/p>\n<ul data-start=\"572\" data-end=\"856\" data-is-last-node=\"\" data-is-only-node=\"\">\n<li data-start=\"572\" data-end=\"601\">PowerStream sistem pogona<\/li>\n<li data-start=\"602\" data-end=\"642\">\u010cisti podove, zidove i vodene linije<\/li>\n<li data-start=\"643\" data-end=\"672\">Anti-zamotavanje rotacija<\/li>\n<li data-start=\"673\" data-end=\"692\">Nedeljni tajmer<\/li>\n<li data-start=\"693\" data-end=\"759\">Filter korpa sa gornjim punjenjem, za fini i ultra-fini filter<\/li>\n<li data-start=\"760\" data-end=\"796\">Dvogodi\u0161nja ograni\u010dena garancija<\/li>\n<li data-start=\"797\" data-end=\"838\">Standardno vreme \u010di\u0161\u0107enja od dva sata<\/li>\n<li data-start=\"839\" data-end=\"856\" data-is-last-node=\"\">Dvostruke \u010detke<\/li>\n<\/ul>\n<p data-start=\"0\" data-end=\"265\">Robotski usisiva\u010d za bazen S200 mo\u017eda je agilni i lagani, ali ima veliku snagu. Smatramo da su dizajneri iz Dolphin-a razvili solidan ure\u0111aj srednjeg ranga koji je sposoban za vi\u0161e nego \u0161to biste o\u010dekivali za cenu koju pla\u0107ate.<\/p>\n<p data-start=\"267\" data-end=\"663\" data-is-last-node=\"\" data-is-only-node=\"\">Nije optere\u0107en previ\u0161e funkcijama ili frustriraju\u0107im odr\u017eavanjem, a pru\u017ea dubinsko i efikasno \u010di\u0161\u0107enje. S200 gotovo potpuno elimini\u0161e potrebu za ru\u010dnim usisavanjem va\u0161eg bazena, \u010dine\u0107i da u\u017eivanje u prednostima vlasni\u0161tva nad bazenom bude lak\u0161e nego ikad, umesto da ga \u010distite ru\u010dno. To je osnovni model koji pru\u017ea solidno \u010di\u0161\u0107enje i predstavlja vrednog podvodnog saveznika za gotovo svaki bazen.<\/p>\n<p data-start=\"0\" data-end=\"26\"><strong data-start=\"0\" data-end=\"26\">Klju\u010dne karakteristike<\/strong><\/p>\n<ul data-start=\"28\" data-end=\"822\" data-is-only-node=\"\" data-is-last-node=\"\">\n<li data-start=\"28\" data-end=\"65\"><strong data-start=\"30\" data-end=\"56\">Idealna du\u017eina bazena:<\/strong> Do 12m<\/li>\n<li data-start=\"66\" data-end=\"119\"><strong data-start=\"68\" data-end=\"89\">Pokri\u0107e \u010di\u0161\u0107enja:<\/strong> Pod, zidovi i vodena linija<\/li>\n<li data-start=\"120\" data-end=\"158\"><strong data-start=\"122\" data-end=\"149\">Vreme ciklusa \u010di\u0161\u0107enja:<\/strong> 2 sata<\/li>\n<li data-start=\"159\" data-end=\"244\"><strong data-start=\"161\" data-end=\"184\">Funkcije napajanja:<\/strong> Uklju\u010divanje\/isklju\u010divanje sa nedeljnom funkcijom tajmera<\/li>\n<li data-start=\"245\" data-end=\"398\"><strong data-start=\"247\" data-end=\"306\">Povezivanje sa aplikacijom za kontrolu i programiranje:<\/strong> Uvek povezano putem MyDolphin\u2122 Plus aplikacije \u2013 daljinsko upravljanje &amp; nedeljni program<\/li>\n<li data-start=\"399\" data-end=\"491\"><strong data-start=\"401\" data-end=\"441\">Navigacija i manevarske sposobnosti:<\/strong> CleverClean\u2122 pokri\u0107e sa PowerStream\u2122 mobilno\u0161\u0107u<\/li>\n<li data-start=\"492\" data-end=\"562\"><strong data-start=\"494\" data-end=\"504\">\u010cetke:<\/strong> PVC \u010detka za sve terene sa dvostrukim aktivnim ribanjem<\/li>\n<li data-start=\"563\" data-end=\"695\"><strong data-start=\"565\" data-end=\"580\">Filtracija:<\/strong> Dvostruki filtracioni sistem sa integrisanim finim i ultra-finih filterima za grubu i finu prljav\u0161tinu i ostatke<\/li>\n<li data-start=\"696\" data-end=\"722\"><strong data-start=\"698\" data-end=\"709\">Kolica:<\/strong> Opcionalna<\/li>\n<li data-start=\"723\" data-end=\"764\"><strong data-start=\"725\" data-end=\"745\">Kabl + rotacija:<\/strong> 18m sa rotacijom<\/li>\n<li data-start=\"765\" data-end=\"794\"><strong data-start=\"767\" data-end=\"785\">Te\u017eina robota:<\/strong> 7,5 kg<\/li>\n<li data-start=\"795\" data-end=\"822\" data-is-last-node=\"\"><strong data-start=\"797\" data-end=\"811\">Garancija:<\/strong> 2 godine<\/li>\n<\/ul>","protected":false},"excerpt":{"rendered":"<p>Robot Dolphin S200 za bazene du\u017eine do 12m Robot za bazene Dolphin S200 omogu\u0107ava \u010di\u0161\u010denje zida,poda i vodene linije, kao i stepeni\u0161ta bazena bez dodatnog napora. Potpuno automatizovano \u010di\u0161\u0107enje pru\u017ea potpuni ugo\u0111aj bez dodatnog anga\u017eovanja.Pogodan je za \u010di\u0161\u0107enje bazena do 12m du\u017eine. Ovaj inovativni ure\u0111aj pru\u017ea potpunu i efikasnu uslugu \u010di\u0161\u0107enja i opremljen je izuzetnim [&hellip;]<\/p>\n","protected":false},"featured_media":22923,"template":"","meta":[],"product_brand":[],"product_cat":[4992],"product_tag":[],"class_list":{"0":"post-22922","1":"product","2":"type-product","3":"status-publish","4":"has-post-thumbnail","6":"product_cat-roboti-za-bazene","8":"first","9":"instock","10":"sold-individually","11":"purchasable","12":"product-type-simple"},"_links":{"self":[{"href":"https:\/\/hidroterm.dmcsrbija.com\/ru\/wp-json\/wp\/v2\/product\/22922","targetHints":{"allow":["GET"]}}],"collection":[{"href":"https:\/\/hidroterm.dmcsrbija.com\/ru\/wp-json\/wp\/v2\/product"}],"about":[{"href":"https:\/\/hidroterm.dmcsrbija.com\/ru\/wp-json\/wp\/v2\/types\/product"}],"wp:featuredmedia":[{"embeddable":true,"href":"https:\/\/hidroterm.dmcsrbija.com\/ru\/wp-json\/wp\/v2\/media\/22923"}],"wp:attachment":[{"href":"https:\/\/hidroterm.dmcsrbija.com\/ru\/wp-json\/wp\/v2\/media?parent=22922"}],"wp:term":[{"taxonomy":"product_brand","embeddable":true,"href":"https:\/\/hidroterm.dmcsrbija.com\/ru\/wp-json\/wp\/v2\/product_brand?post=22922"},{"taxonomy":"product_cat","embeddable":true,"href":"https:\/\/hidroterm.dmcsrbija.com\/ru\/wp-json\/wp\/v2\/product_cat?post=22922"},{"taxonomy":"product_tag","embeddable":true,"href":"https:\/\/hidroterm.dmcsrbija.com\/ru\/wp-json\/wp\/v2\/product_tag?post=22922"}],"curies":[{"name":"wp","href":"https:\/\/api.w.org\/{rel}","templated":true}]}}