{"id":22920,"date":"2026-03-18T08:31:28","date_gmt":"2026-03-18T07:31:28","guid":{"rendered":"https:\/\/hidroterm.dmcsrbija.com\/proizvod\/robot-za-bazene-dolphin-s100\/"},"modified":"2026-03-18T08:31:30","modified_gmt":"2026-03-18T07:31:30","slug":"robot-za-bazene-dolphin-s100","status":"publish","type":"product","link":"https:\/\/hidroterm.dmcsrbija.com\/ru\/proizvod\/robot-za-bazene-dolphin-s100\/","title":{"rendered":"Robot za bazene Dolphin S100"},"content":{"rendered":"<p>Robot za bazene Dolphin S100 omogu\u0107ava \u010di\u0161\u010denje zida i poda, kao i stepeni\u0161ta bazena bez dodatnog napora. Potpuno automatizovano \u010di\u0161\u0107enje pru\u017ea potpuni ugo\u0111aj bez dodatnog anga\u017eovanja.Pogodan je za \u010di\u0161\u0107enje bazena do 10m du\u017eine.<\/p>\n<p data-start=\"113\" data-end=\"411\">Ovaj inovativni ure\u0111aj pru\u017ea potpunu i efikasnu uslugu \u010di\u0161\u0107enja i opremljen je izuzetnim karakteristikama koje ga izdvajaju u svojoj kategoriji.<\/p>\n<p data-start=\"413\" data-end=\"748\">Jedna od najistaknutijih karakteristika Dolphin S100 je njegova aktivna prednja \u010detkica. Ova napredna \u010detkica ne samo da \u010disti ne\u010disto\u0107e sa dna bazena,ve\u0107 i sad zidova uklanja alge i ostatke koji se vremenom nakupljaju. Njegov aktivni dizajn se prilago\u0111ava nepravilnostima povr\u0161ine, osiguravaju\u0107i temeljno \u010di\u0161\u0107enje svuda.<\/p>\n<p data-start=\"750\" data-end=\"1146\">Jo\u0161 jedna izuzetna karakteristika Dolphin S100 je njegov sistem pogona na traku. Zahvaljuju\u0107i ovom specijalizovanom sistemu vu\u010de, ure\u0111aj se kre\u0107e ravnomerno i kontrolisano na svim vrstama podloga, bilo da je va\u0161 bazen plo\u010dast, sa oblogom ili od poliestera. Pogon na traci osigurava da robot Dolphin S100 ne klizi ili se zaglavi, \u0161to zna\u010di da mo\u017ee efikasno i bez prekida da obavlja svoje \u010di\u0161\u0107enje. Garancija 2 godine.<\/p>\n<p data-start=\"1148\" data-end=\"1525\">Dolphin S100 je kompaktan, lagan i lako prenosiv, \u0161to ga \u010dini idealnim za sve vrste manjih bazena. Efikasnost ure\u0111aja je dopunjena visokou\u010dinkovitim filtracionim sistemom, koji hvata najsitnije \u010destice, ostavljaju\u0107i vodu u va\u0161em bazenu \u010distom i kristalno bistru. Dodatno, njegov kompaktan dizajn i jednostavnost upotrebe \u010dine \u010di\u0161\u0107enje bazena jednostavnim i prakti\u010dnim zadatkom.<\/p>\n<p data-start=\"1148\" data-end=\"1525\">Dolphin S100 je izvrstan izbor za sve koji tra\u017ee jednostavno, efikasno i prakti\u010dno re\u0161enje za \u010di\u0161\u0107enje manjih bazena. Njegova kombinacija naprednih funkcija, uklju\u010duju\u0107i aktivne \u010detke, visoko efikasnu filtraciju i pametan sistem za kretanje, \u010dini ga jednim od najpouzdanijih robota za \u010di\u0161\u0107enje na tr\u017ei\u0161tu.<\/p>\n<h4 data-start=\"1532\" data-end=\"1578\"><strong data-start=\"1537\" data-end=\"1578\">Tehni\u010dke karakteristike Dolphin S100:<\/strong><\/h4>\n<table data-start=\"1580\" data-end=\"2785\">\n<thead data-start=\"1580\" data-end=\"1644\">\n<tr data-start=\"1580\" data-end=\"1644\">\n<th data-start=\"1580\" data-end=\"1632\"><strong data-start=\"1582\" data-end=\"1600\">Karakteristika<\/strong><\/th>\n<th data-start=\"1632\" data-end=\"1644\"><strong data-start=\"1634\" data-end=\"1642\">Opis<\/strong><\/th>\n<\/tr>\n<\/thead>\n<tbody data-start=\"1710\" data-end=\"2785\">\n<tr data-start=\"1710\" data-end=\"1814\">\n<td><strong data-start=\"1712\" data-end=\"1732\">Aktivno \u010di\u0161\u0107enje<\/strong><\/td>\n<td>Uklanja alge\u00a0 sa dna i zidova bazena.<\/td>\n<\/tr>\n<tr data-start=\"1815\" data-end=\"1916\">\n<td><strong data-start=\"1817\" data-end=\"1839\">Filtraciona korpa<\/strong><\/td>\n<td>Postavljena na vrhu robota za lak\u0161e \u010di\u0161\u0107enje.<\/td>\n<\/tr>\n<tr data-start=\"1917\" data-end=\"2026\">\n<td><strong data-start=\"1919\" data-end=\"1945\">CleverClean navigacija<\/strong><\/td>\n<td>Integrisani \u017eiroskop za optimalno prekrivanje bazena.<\/td>\n<\/tr>\n<tr data-start=\"2027\" data-end=\"2148\">\n<td><strong data-start=\"2029\" data-end=\"2063\">Brzi sistem za otpu\u0161tanje vode<\/strong><\/td>\n<td>Brzi sistem za otpu\u0161tanje vode olak\u0161ava va\u0111enje robota iz bazena.<\/td>\n<\/tr>\n<tr data-start=\"2149\" data-end=\"2273\">\n<td><strong data-start=\"2151\" data-end=\"2171\">Ultrafini filteri<\/strong><\/td>\n<td>Interkambijabilni filteri za uklanjanje prljav\u0161tine, algi i ostataka.<\/td>\n<\/tr>\n<tr data-start=\"2274\" data-end=\"2409\">\n<td><strong data-start=\"2276\" data-end=\"2301\">Jednostavno podizanje<\/strong><\/td>\n<td>Ergonomi\u010dan dizajn sa integrisanim dr\u0161kama za lak\u0161i transport i va\u0111enje robota.<\/td>\n<\/tr>\n<tr data-start=\"2410\" data-end=\"2544\">\n<td><strong data-start=\"2412\" data-end=\"2437\">Energetska efikasnost<\/strong><\/td>\n<td>Smanjuje upotrebu vode, hemikalija i energije prilikom svakog \u010di\u0161\u0107enja bazena.<\/td>\n<\/tr>\n<tr data-start=\"2545\" data-end=\"2679\">\n<td><strong data-start=\"2547\" data-end=\"2564\">Lagana te\u017eina<\/strong><\/td>\n<td>Lagan dizajn omogu\u0107ava lak\u0161e rukovanje i transport, sa te\u017einom od samo 6,5 kg.<\/td>\n<\/tr>\n<tr data-start=\"2680\" data-end=\"2785\">\n<td><strong data-start=\"2682\" data-end=\"2699\">Plug and Play<\/strong><\/td>\n<td>Lako za kori\u0161\u0107enje: samo priklju\u010dite i uklju\u010dite.<\/td>\n<\/tr>\n<\/tbody>\n<\/table>","protected":false},"excerpt":{"rendered":"<p>Robot za bazene Dolphin S100 omogu\u0107ava \u010di\u0161\u010denje zida i poda, kao i stepeni\u0161ta bazena bez dodatnog napora. Potpuno automatizovano \u010di\u0161\u0107enje pru\u017ea potpuni ugo\u0111aj bez dodatnog anga\u017eovanja.Pogodan je za \u010di\u0161\u0107enje bazena do 10m du\u017eine. Ovaj inovativni ure\u0111aj pru\u017ea potpunu i efikasnu uslugu \u010di\u0161\u0107enja i opremljen je izuzetnim karakteristikama koje ga izdvajaju u svojoj kategoriji. Jedna od [&hellip;]<\/p>\n","protected":false},"featured_media":22921,"template":"","meta":[],"product_brand":[],"product_cat":[4992],"product_tag":[],"class_list":{"0":"post-22920","1":"product","2":"type-product","3":"status-publish","4":"has-post-thumbnail","6":"product_cat-roboti-za-bazene","8":"first","9":"instock","10":"sold-individually","11":"purchasable","12":"product-type-simple"},"_links":{"self":[{"href":"https:\/\/hidroterm.dmcsrbija.com\/ru\/wp-json\/wp\/v2\/product\/22920","targetHints":{"allow":["GET"]}}],"collection":[{"href":"https:\/\/hidroterm.dmcsrbija.com\/ru\/wp-json\/wp\/v2\/product"}],"about":[{"href":"https:\/\/hidroterm.dmcsrbija.com\/ru\/wp-json\/wp\/v2\/types\/product"}],"wp:featuredmedia":[{"embeddable":true,"href":"https:\/\/hidroterm.dmcsrbija.com\/ru\/wp-json\/wp\/v2\/media\/22921"}],"wp:attachment":[{"href":"https:\/\/hidroterm.dmcsrbija.com\/ru\/wp-json\/wp\/v2\/media?parent=22920"}],"wp:term":[{"taxonomy":"product_brand","embeddable":true,"href":"https:\/\/hidroterm.dmcsrbija.com\/ru\/wp-json\/wp\/v2\/product_brand?post=22920"},{"taxonomy":"product_cat","embeddable":true,"href":"https:\/\/hidroterm.dmcsrbija.com\/ru\/wp-json\/wp\/v2\/product_cat?post=22920"},{"taxonomy":"product_tag","embeddable":true,"href":"https:\/\/hidroterm.dmcsrbija.com\/ru\/wp-json\/wp\/v2\/product_tag?post=22920"}],"curies":[{"name":"wp","href":"https:\/\/api.w.org\/{rel}","templated":true}]}}