{"id":22908,"date":"2026-03-18T08:31:19","date_gmt":"2026-03-18T07:31:19","guid":{"rendered":"https:\/\/hidroterm.dmcsrbija.com\/proizvod\/pumpa-emaux-ss050-10m3-h4m-4m3-h6m-055kw-05hp-50mm\/"},"modified":"2026-03-18T08:31:27","modified_gmt":"2026-03-18T07:31:27","slug":"pumpa-emaux-ss050-10m3-h4m-4m3-h6m-055kw-05hp-50mm","status":"publish","type":"product","link":"https:\/\/hidroterm.dmcsrbija.com\/ru\/proizvod\/pumpa-emaux-ss050-10m3-h4m-4m3-h6m-055kw-05hp-50mm\/","title":{"rendered":"Pumpa Emaux SS050 10m3\/h(4m) 4m3\/h(6m) 0,55KW 0,5HP 50mm"},"content":{"rendered":"<h1 data-start=\"0\" data-end=\"88\">\u200b<span class=\"relative -mx-px my-[-0.2rem] rounded px-px py-[0.2rem] transition-colors duration-100 ease-in-out\"><strong data-start=\"0\" data-end=\"69\" data-is-last-node=\"\" data-is-only-node=\"\">Pumpa Emaux SS050 \u2013 Efikasno re\u0161enje za male bazene i spa sisteme<\/strong><\/span>\u200b<\/h1>\n<p class=\"\" data-start=\"90\" data-end=\"209\"><span class=\"relative -mx-px my-[-0.2rem] rounded px-px py-[0.2rem] transition-colors duration-100 ease-in-out\">Pumpa Emaux SS050 je visokokvalitetna centrifugalna pumpa namenjena za filtraciju i recirkulaciju vode u manjim bazenima i spa centrima.<\/span> <span class=\"relative -mx-px my-[-0.2rem] rounded px-px py-[0.2rem] transition-colors duration-100 ease-in-out\">Sa snagom od 0,55 kW (0,75 KS) i maksimalnim protokom od 10 m\u00b3\/h pri visini podizanja od 8 metara, ova pumpa obezbe\u0111uje pouzdan i tih rad uz nisku potro\u0161nju energije.<\/span>\u200b<\/p>\n<h2 data-start=\"211\" data-end=\"238\">Klju\u010dne karakteristike:<\/h2>\n<ul data-start=\"240\" data-end=\"805\">\n<li class=\"\" data-start=\"240\" data-end=\"297\">\n<p class=\"\" data-start=\"242\" data-end=\"297\"><strong data-start=\"242\" data-end=\"259\">Snaga motora:<\/strong> <span class=\"relative -mx-px my-[-0.2rem] rounded px-px py-[0.2rem] transition-colors duration-100 ease-in-out\">0,55 kW (0,75 KS)<\/span><\/p>\n<\/li>\n<li class=\"\" data-start=\"298\" data-end=\"360\">\n<p class=\"\" data-start=\"300\" data-end=\"360\"><strong data-start=\"300\" data-end=\"322\">Maksimalni protok: <\/strong>10<span class=\"relative -mx-px my-[-0.2rem] rounded px-px py-[0.2rem] transition-colors duration-100 ease-in-out\"> m\u00b3\/h pri visini podizanja od 4 m<\/span><\/p>\n<\/li>\n<li class=\"\" data-start=\"361\" data-end=\"411\">\n<p class=\"\" data-start=\"363\" data-end=\"411\"><strong data-start=\"363\" data-end=\"373\">Napon:<\/strong> <span class=\"relative -mx-px my-[-0.2rem] rounded px-px py-[0.2rem] transition-colors duration-100 ease-in-out\">220 V (monofazna)<\/span><\/p>\n<\/li>\n<li class=\"\" data-start=\"412\" data-end=\"467\">\n<p class=\"\" data-start=\"414\" data-end=\"467\"><strong data-start=\"414\" data-end=\"429\">Priklju\u010dci:<\/strong> <span class=\"relative -mx-px my-[-0.2rem] rounded px-px py-[0.2rem] transition-colors duration-100 ease-in-out\">Ulaz i izlaz 1,5&#8243; (50 mm)<\/span><\/p>\n<\/li>\n<li class=\"\" data-start=\"468\" data-end=\"529\">\n<p class=\"\" data-start=\"470\" data-end=\"529\"><strong data-start=\"470\" data-end=\"491\">Materijal izrade:<\/strong> <span class=\"relative -mx-px my-[-0.2rem] rounded px-px py-[0.2rem] transition-colors duration-100 ease-in-out\">Ku\u0107i\u0161te i komponente otporne na koroziju<\/span><\/p>\n<\/li>\n<li class=\"\" data-start=\"530\" data-end=\"584\">\n<p class=\"\" data-start=\"532\" data-end=\"584\"><strong data-start=\"532\" data-end=\"544\">Za\u0161tita:<\/strong> <span class=\"relative -mx-px my-[-0.2rem] rounded px-px py-[0.2rem] transition-colors duration-100 ease-in-out\">IP55, klasa izolacije F<\/span><\/p>\n<\/li>\n<li class=\"\" data-start=\"585\" data-end=\"648\">\n<p class=\"\" data-start=\"587\" data-end=\"648\"><strong data-start=\"587\" data-end=\"608\">Temperatura vode:<\/strong> <span class=\"relative -mx-px my-[-0.2rem] rounded px-px py-[0.2rem] transition-colors duration-100 ease-in-out\">do 45\u00b0C<\/span><\/p>\n<\/li>\n<li class=\"\" data-start=\"649\" data-end=\"705\">\n<p class=\"\" data-start=\"651\" data-end=\"705\"><strong data-start=\"651\" data-end=\"665\">Dimenzije:<\/strong> <span class=\"relative -mx-px my-[-0.2rem] rounded px-px py-[0.2rem] transition-colors duration-100 ease-in-out\">Du\u017eina 491 mm<\/span><\/p>\n<\/li>\n<li class=\"\" data-start=\"706\" data-end=\"805\">\n<p class=\"\" data-start=\"708\" data-end=\"805\"><strong data-start=\"708\" data-end=\"719\">Te\u017eina:<\/strong> <span class=\"relative -mx-px my-[-0.2rem] rounded px-px py-[0.2rem] transition-colors duration-100 ease-in-out\">8 kg<\/span>\u200b<\/p>\n<\/li>\n<\/ul>\n<h2 data-start=\"807\" data-end=\"821\">Prednosti:<\/h2>\n<ul data-start=\"823\" data-end=\"1123\">\n<li class=\"\" data-start=\"823\" data-end=\"891\">\n<p class=\"\" data-start=\"825\" data-end=\"891\"><strong data-start=\"825\" data-end=\"851\">Energetska efikasnost:<\/strong> <span class=\"relative -mx-px my-[-0.2rem] rounded px-px py-[0.2rem] transition-colors duration-100 ease-in-out\">Niska potro\u0161nja energije uz visok u\u010dinak.<\/span><\/p>\n<\/li>\n<li class=\"\" data-start=\"892\" data-end=\"946\">\n<p class=\"\" data-start=\"894\" data-end=\"946\"><strong data-start=\"894\" data-end=\"906\">Tih rad:<\/strong> <span class=\"relative -mx-px my-[-0.2rem] rounded px-px py-[0.2rem] transition-colors duration-100 ease-in-out\">Minimalan nivo buke tokom rada.<\/span><\/p>\n<\/li>\n<li class=\"\" data-start=\"947\" data-end=\"1017\">\n<p class=\"\" data-start=\"949\" data-end=\"1017\"><strong data-start=\"949\" data-end=\"977\">Jednostavna instalacija:<\/strong> <span class=\"relative -mx-px my-[-0.2rem] rounded px-px py-[0.2rem] transition-colors duration-100 ease-in-out\">Kompaktan dizajn omogu\u0107ava laku monta\u017eu.<\/span><\/p>\n<\/li>\n<li class=\"\" data-start=\"1018\" data-end=\"1123\">\n<p class=\"\" data-start=\"1020\" data-end=\"1123\"><strong data-start=\"1020\" data-end=\"1037\">Dugotrajnost:<\/strong> <span class=\"relative -mx-px my-[-0.2rem] rounded px-px py-[0.2rem] transition-colors duration-100 ease-in-out\">Kvalitetni materijali osiguravaju dug vek trajanja.<\/span>\u200b<\/p>\n<\/li>\n<\/ul>\n<p class=\"\" data-start=\"1125\" data-end=\"1210\"><span class=\"relative -mx-px my-[-0.2rem] rounded px-px py-[0.2rem] transition-colors duration-100 ease-in-out\">Pumpa Emaux SS050 je idealno re\u0161enje za vlasnike manjih bazena i spa centara koji tra\u017ee pouzdanu i efikasnu pumpu za odr\u017eavanje \u010diste i sve\u017ee vode.<\/span><\/p>\n","protected":false},"excerpt":{"rendered":"<p><strong data-start=\"40\" data-end=\"61\">Pumpa Emaux SS050<\/strong> je monofazna centrifugalna pumpa snage 0,55 kW (0,75 KS) i maksimalnog protoka od 10m\u00b3\/h, namenjena za efikasnu filtraciju vode u manjim bazenima i spa sistemima.\u200b<\/p>","protected":false},"featured_media":22909,"template":"","meta":[],"product_brand":[],"product_cat":[4953],"product_tag":[],"class_list":{"0":"post-22908","1":"product","2":"type-product","3":"status-publish","4":"has-post-thumbnail","6":"product_cat-pumpe-za-bazene","8":"first","9":"instock","10":"sold-individually","11":"purchasable","12":"product-type-simple"},"_links":{"self":[{"href":"https:\/\/hidroterm.dmcsrbija.com\/ru\/wp-json\/wp\/v2\/product\/22908","targetHints":{"allow":["GET"]}}],"collection":[{"href":"https:\/\/hidroterm.dmcsrbija.com\/ru\/wp-json\/wp\/v2\/product"}],"about":[{"href":"https:\/\/hidroterm.dmcsrbija.com\/ru\/wp-json\/wp\/v2\/types\/product"}],"wp:featuredmedia":[{"embeddable":true,"href":"https:\/\/hidroterm.dmcsrbija.com\/ru\/wp-json\/wp\/v2\/media\/22909"}],"wp:attachment":[{"href":"https:\/\/hidroterm.dmcsrbija.com\/ru\/wp-json\/wp\/v2\/media?parent=22908"}],"wp:term":[{"taxonomy":"product_brand","embeddable":true,"href":"https:\/\/hidroterm.dmcsrbija.com\/ru\/wp-json\/wp\/v2\/product_brand?post=22908"},{"taxonomy":"product_cat","embeddable":true,"href":"https:\/\/hidroterm.dmcsrbija.com\/ru\/wp-json\/wp\/v2\/product_cat?post=22908"},{"taxonomy":"product_tag","embeddable":true,"href":"https:\/\/hidroterm.dmcsrbija.com\/ru\/wp-json\/wp\/v2\/product_tag?post=22908"}],"curies":[{"name":"wp","href":"https:\/\/api.w.org\/{rel}","templated":true}]}}