{"id":22906,"date":"2026-03-18T08:31:19","date_gmt":"2026-03-18T07:31:19","guid":{"rendered":"https:\/\/hidroterm.dmcsrbija.com\/proizvod\/pumpa-emaux-sb10-14m3-h-1hp-097kw-ii\/"},"modified":"2026-03-18T08:31:27","modified_gmt":"2026-03-18T07:31:27","slug":"pumpa-emaux-sb10-14m3-h-1hp-097kw-ii","status":"publish","type":"product","link":"https:\/\/hidroterm.dmcsrbija.com\/ru\/proizvod\/pumpa-emaux-sb10-14m3-h-1hp-097kw-ii\/","title":{"rendered":"Pumpa Emaux SB10 14m3\/h 1HP 0,97kw II"},"content":{"rendered":"<p class=\"\" data-start=\"0\" data-end=\"88\">\u200b<span class=\"relative -mx-px my-[-0.2rem] rounded-sm px-px py-[0.2rem]\"><strong data-start=\"0\" data-end=\"40\" data-is-only-node=\"\">Emaux SB10 1HP Monofazna Bazen Pumpe<\/strong> je visokokvalitetna samousisna pumpa dizajnirana za efikasnu cirkulaciju i filtraciju vode u bazenima srednje i velike veli\u010dine.<\/span>\u200b<\/p>\n<p class=\"\" data-start=\"90\" data-end=\"118\"><strong data-start=\"90\" data-end=\"118\">Tehni\u010dke karakteristike:<\/strong><\/p>\n<ul data-start=\"120\" data-end=\"1394\">\n<li class=\"\" data-start=\"120\" data-end=\"214\">\n<p class=\"\" data-start=\"122\" data-end=\"214\"><strong data-start=\"122\" data-end=\"132\">Snaga:<\/strong> <span class=\"relative -mx-px my-[-0.2rem] rounded-sm px-px py-[0.2rem]\">1 HP (0,97 kW)<\/span>\u200b<\/p>\n<\/li>\n<li class=\"\" data-start=\"215\" data-end=\"309\">\n<p class=\"\" data-start=\"217\" data-end=\"309\"><strong data-start=\"217\" data-end=\"227\">Napon:<\/strong> <span class=\"relative -mx-px my-[-0.2rem] rounded-sm px-px py-[0.2rem]\">220 V, 50 Hz<\/span>\u200b<\/p>\n<\/li>\n<li class=\"\" data-start=\"310\" data-end=\"405\">\n<p class=\"\" data-start=\"312\" data-end=\"405\"><strong data-start=\"312\" data-end=\"323\">Protok:<\/strong> <span class=\"relative -mx-px my-[-0.2rem] rounded-sm px-px py-[0.2rem]\">14 m\u00b3\/h<\/span>\u200b<\/p>\n<\/li>\n<li class=\"\" data-start=\"406\" data-end=\"516\">\n<p class=\"\" data-start=\"408\" data-end=\"516\"><strong data-start=\"408\" data-end=\"434\">Samousisna sposobnost:<\/strong> <span class=\"relative -mx-px my-[-0.2rem] rounded-sm px-px py-[0.2rem]\">Do 3,3 m iznad nivoa vode<\/span>\u200b<\/p>\n<\/li>\n<li class=\"\" data-start=\"517\" data-end=\"619\">\n<p class=\"\" data-start=\"519\" data-end=\"619\"><strong data-start=\"519\" data-end=\"533\">Izolacija:<\/strong> <span class=\"relative -mx-px my-[-0.2rem] rounded-sm px-px py-[0.2rem]\">Klasa 130(B)<\/span>\u200b<\/p>\n<\/li>\n<li class=\"\" data-start=\"620\" data-end=\"727\">\n<p class=\"\" data-start=\"622\" data-end=\"727\"><strong data-start=\"622\" data-end=\"641\">Stepen za\u0161tite:<\/strong> <span class=\"relative -mx-px my-[-0.2rem] rounded-sm px-px py-[0.2rem]\">IPX5<\/span><\/p>\n<\/li>\n<li class=\"\" data-start=\"728\" data-end=\"837\">\n<p class=\"\" data-start=\"730\" data-end=\"837\"><strong data-start=\"730\" data-end=\"751\">Termi\u010dka za\u0161tita:<\/strong> <span class=\"relative -mx-px my-[-0.2rem] rounded-sm px-px py-[0.2rem]\">Ugra\u0111ena<\/span>\u200b<\/p>\n<\/li>\n<li class=\"\" data-start=\"838\" data-end=\"956\">\n<p class=\"\" data-start=\"840\" data-end=\"956\"><strong data-start=\"840\" data-end=\"870\">Za\u0161tita od preoptere\u0107enja:<\/strong> <span class=\"relative -mx-px my-[-0.2rem] rounded-sm px-px py-[0.2rem]\">Da<\/span>\u200b<\/p>\n<\/li>\n<li class=\"\" data-start=\"957\" data-end=\"1060\">\n<p class=\"\" data-start=\"959\" data-end=\"1060\"><strong data-start=\"959\" data-end=\"974\">Priklju\u010dci:<\/strong> <span class=\"relative -mx-px my-[-0.2rem] rounded-sm px-px py-[0.2rem]\">Ulaz i izlaz od 2 in\u010da (50 mm)<\/span><\/p>\n<\/li>\n<li class=\"\" data-start=\"1061\" data-end=\"1171\">\n<p class=\"\" data-start=\"1063\" data-end=\"1171\"><strong data-start=\"1063\" data-end=\"1085\">Materijal osovine:<\/strong> <span class=\"relative -mx-px my-[-0.2rem] rounded-sm px-px py-[0.2rem]\">Ner\u0111aju\u0107i \u010delik AISI 316<\/span>\u200b<\/p>\n<\/li>\n<li class=\"\" data-start=\"1172\" data-end=\"1285\">\n<p class=\"\" data-start=\"1174\" data-end=\"1285\"><strong data-start=\"1174\" data-end=\"1199\">Mehani\u010dko zaptivanje:<\/strong> <span class=\"relative -mx-px my-[-0.2rem] rounded-sm px-px py-[0.2rem]\">Ner\u0111aju\u0107i \u010delik AISI 316<\/span>\u200b<\/p>\n<\/li>\n<li class=\"\" data-start=\"1286\" data-end=\"1394\">\n<p class=\"\" data-start=\"1288\" data-end=\"1394\"><strong data-start=\"1288\" data-end=\"1308\">Testni pritisak:<\/strong> <span class=\"relative -mx-px my-[-0.2rem] rounded-sm px-px py-[0.2rem]\">3,5 bara (50 PSI)<\/span>\u200b<\/p>\n<\/li>\n<\/ul>\n<p class=\"\" data-start=\"1434\" data-end=\"1639\"><span class=\"relative -mx-px my-[-0.2rem] rounded-sm px-px py-[0.2rem]\"><strong data-start=\"0\" data-end=\"40\" data-is-only-node=\"\">Emaux SB10 1HP Monofazna Bazen Pumpe<\/strong> pru\u017ea izuzetnu efikasnost i pouzdanost za cirkulaciju i filtraciju vode u bazenima srednje i velike veli\u010dine.<\/span> <span class=\"relative -mx-px my-[-0.2rem] rounded-sm px-px py-[0.2rem]\">Sa maksimalnim protokom od\u00a0 <\/span><span class=\"relative -mx-px my-[-0.2rem] rounded-sm px-px py-[0.2rem]\">14 m\u00b3\/h i samousisnom sposobno\u0161\u0107u do 3,3 m, ova pumpa osigurava optimalne performanse.<\/span> <span class=\"relative -mx-px my-[-0.2rem] rounded-sm px-px py-[0.2rem]\">Ku\u0107i\u0161te od visokokvalitetne termoplastike oja\u010dane staklenim vlaknima garantuje otpornost na koroziju, dok ugra\u0111ena termi\u010dka i za\u0161tita od preoptere\u0107enja pru\u017eaju sigurnost u radu.<\/span> <span class=\"relative -mx-px my-[-0.2rem] rounded-sm px-px py-[0.2rem]\">Priklju\u010dci od 2 in\u010da omogu\u0107avaju laku instalaciju, a ner\u0111aju\u0107i \u010delik AISI 316 u osovini i mehani\u010dkom zaptivanju obezbe\u0111uje dugotrajnost \u010dak i u zahtevnim uslovima.<\/span><\/p>\n<p>&nbsp;<\/p>\n","protected":false},"excerpt":{"rendered":"<p><span style=\"font-size: 16px\">\u200b<\/span><span class=\"relative -mx-px my-[-0.2rem] rounded-sm px-px py-[0.2rem]\" style=\"font-size: 16px\">Emaux SB10 je samousisna pumpa snage 1 HP, sa protokom od 14 m\u00b3\/h, IPX5 za\u0161titom, ugra\u0111enom termi\u010dkom za\u0161titom i priklju\u010dcima od 2 in\u010da, idealna za efikasnu cirkulaciju i filtraciju vode u bazenima.<\/span><\/p>\n","protected":false},"featured_media":22907,"template":"","meta":[],"product_brand":[],"product_cat":[4953],"product_tag":[],"class_list":{"0":"post-22906","1":"product","2":"type-product","3":"status-publish","4":"has-post-thumbnail","6":"product_cat-pumpe-za-bazene","8":"first","9":"instock","10":"sold-individually","11":"purchasable","12":"product-type-simple"},"_links":{"self":[{"href":"https:\/\/hidroterm.dmcsrbija.com\/ru\/wp-json\/wp\/v2\/product\/22906","targetHints":{"allow":["GET"]}}],"collection":[{"href":"https:\/\/hidroterm.dmcsrbija.com\/ru\/wp-json\/wp\/v2\/product"}],"about":[{"href":"https:\/\/hidroterm.dmcsrbija.com\/ru\/wp-json\/wp\/v2\/types\/product"}],"wp:featuredmedia":[{"embeddable":true,"href":"https:\/\/hidroterm.dmcsrbija.com\/ru\/wp-json\/wp\/v2\/media\/22907"}],"wp:attachment":[{"href":"https:\/\/hidroterm.dmcsrbija.com\/ru\/wp-json\/wp\/v2\/media?parent=22906"}],"wp:term":[{"taxonomy":"product_brand","embeddable":true,"href":"https:\/\/hidroterm.dmcsrbija.com\/ru\/wp-json\/wp\/v2\/product_brand?post=22906"},{"taxonomy":"product_cat","embeddable":true,"href":"https:\/\/hidroterm.dmcsrbija.com\/ru\/wp-json\/wp\/v2\/product_cat?post=22906"},{"taxonomy":"product_tag","embeddable":true,"href":"https:\/\/hidroterm.dmcsrbija.com\/ru\/wp-json\/wp\/v2\/product_tag?post=22906"}],"curies":[{"name":"wp","href":"https:\/\/api.w.org\/{rel}","templated":true}]}}