{"id":22904,"date":"2026-03-18T08:31:19","date_gmt":"2026-03-18T07:31:19","guid":{"rendered":"https:\/\/hidroterm.dmcsrbija.com\/proizvod\/pumpa-emaux-super-power-sph075-125m3-h-075hp-075kw\/"},"modified":"2026-03-18T08:31:26","modified_gmt":"2026-03-18T07:31:26","slug":"pumpa-emaux-super-power-sph075-125m3-h-075hp-075kw","status":"publish","type":"product","link":"https:\/\/hidroterm.dmcsrbija.com\/ru\/proizvod\/pumpa-emaux-super-power-sph075-125m3-h-075hp-075kw\/","title":{"rendered":"Pumpa Emaux Super Power SPH075 12,5m3\/h 0,75HP 0,75kw"},"content":{"rendered":"<p class=\"\" data-start=\"40\" data-end=\"121\"><span class=\"relative -mx-px my-[-0.2rem] rounded-sm px-px py-[0.2rem]\"><strong data-start=\"0\" data-end=\"28\" data-is-only-node=\"\">Emaux Super Power SPH075<\/strong> je visokokvalitetna pumpa dizajnirana za recirkulaciju i filtraciju vode u bazenima, pru\u017eaju\u0107i pouzdanost i efikasnost za rezidencijalne bazene i spa centre.<\/span>\u200b<\/p>\n<h3 data-start=\"123\" data-end=\"151\"><strong data-start=\"123\" data-end=\"151\">Tehni\u010dke karakteristike:<\/strong><\/h3>\n<ul data-start=\"153\" data-end=\"1312\">\n<li class=\"\" data-start=\"153\" data-end=\"286\">\n<p class=\"\" data-start=\"155\" data-end=\"286\"><span class=\"relative -mx-px my-[-0.2rem] rounded-sm px-px py-[0.2rem]\">\u00a0<strong data-start=\"0\" data-end=\"28\" data-is-only-node=\"\">Emaux Super Power SPH075<\/strong> pumpa posti\u017ee protok od 15 m\u00b3\/h pri visini podizanja od 6 metara, dok pri visini od 8 metara ostvaruje protok od 12,5 m\u00b3\/h.<\/span><\/p>\n<\/li>\n<li class=\"\" data-start=\"288\" data-end=\"427\">\n<p class=\"\" data-start=\"290\" data-end=\"427\"><strong data-start=\"290\" data-end=\"307\">Snaga motora:<\/strong> <span class=\"relative -mx-px my-[-0.2rem] rounded-sm px-px py-[0.2rem]\">0,75 KS (0,75 kW) asinhroni dvopolni motor sa ugra\u0111enom termalnom i za\u0161titom od preoptere\u0107enja.<\/span> \u200b<\/p>\n<\/li>\n<li class=\"\" data-start=\"429\" data-end=\"574\">\n<p class=\"\" data-start=\"431\" data-end=\"574\"><strong data-start=\"431\" data-end=\"450\">Samousisavanje:<\/strong> <span class=\"relative -mx-px my-[-0.2rem] rounded-sm px-px py-[0.2rem]\">Do 2,5 metara iznad nivoa vode, omogu\u0107avaju\u0107i fleksibilnost pri instalaciji.<\/span> \u200b<\/p>\n<\/li>\n<li class=\"\" data-start=\"576\" data-end=\"719\">\n<p class=\"\" data-start=\"578\" data-end=\"719\"><strong data-start=\"578\" data-end=\"593\">Priklju\u010dci:<\/strong> <span class=\"relative -mx-px my-[-0.2rem] rounded-sm px-px py-[0.2rem]\">Ulazni i izlazni priklju\u010dci od 1,5&#8243; sa univerzalnim spojnicama kompatibilnim sa cevima od 1,5&#8243;, 50 mm i 2&#8243; (63 mm).<\/span> \u200b<\/p>\n<\/li>\n<li class=\"\" data-start=\"721\" data-end=\"864\">\n<p class=\"\" data-start=\"723\" data-end=\"864\"><strong data-start=\"723\" data-end=\"738\">Materijali:<\/strong> <span class=\"relative -mx-px my-[-0.2rem] rounded-sm px-px py-[0.2rem]\">Ku\u0107i\u0161te pumpe od ABS-a oja\u010danog staklenim vlaknima, impeler od PPO-a, korpa predfiltera i postolje od PP-a oja\u010danog staklenim vlaknima; osovina i mehani\u010dka zaptivka od ner\u0111aju\u0107eg \u010delika 316.<\/span> \u200b<\/p>\n<\/li>\n<li class=\"\" data-start=\"866\" data-end=\"1006\">\n<p class=\"\" data-start=\"868\" data-end=\"1006\"><strong data-start=\"868\" data-end=\"880\">Za\u0161tita:<\/strong> <span class=\"relative -mx-px my-[-0.2rem] rounded-sm px-px py-[0.2rem]\">IPX5 standard vodootpornosti sa izolacijom klase 155(F).<\/span><\/p>\n<\/li>\n<li class=\"\" data-start=\"1008\" data-end=\"1150\">\n<p class=\"\" data-start=\"1010\" data-end=\"1150\"><strong data-start=\"1010\" data-end=\"1024\">Nivo buke:<\/strong> <span class=\"relative -mx-px my-[-0.2rem] rounded-sm px-px py-[0.2rem]\">Nizak nivo buke od 65\/68 dB, omogu\u0107avaju\u0107i tihi rad.<\/span><\/p>\n<\/li>\n<li class=\"\" data-start=\"1152\" data-end=\"1312\">\n<p class=\"\" data-start=\"1154\" data-end=\"1312\"><strong data-start=\"1154\" data-end=\"1186\">Kapacitet korpe predfiltera:<\/strong> <span class=\"relative -mx-px my-[-0.2rem] rounded-sm px-px py-[0.2rem]\">5 litara, sa transparentnim poklopcem za lako pra\u0107enje nivoa ne\u010disto\u0107a.<\/span> \u200b<\/p>\n<\/li>\n<\/ul>\n<h3 data-start=\"1314\" data-end=\"1328\"><strong data-start=\"1314\" data-end=\"1328\">Prednosti:<\/strong><\/h3>\n<ul data-start=\"1330\" data-end=\"1656\">\n<li class=\"\" data-start=\"1330\" data-end=\"1433\">\n<p class=\"\" data-start=\"1332\" data-end=\"1433\"><strong data-start=\"1332\" data-end=\"1347\">Efikasnost:<\/strong> <span class=\"relative -mx-px my-[-0.2rem] rounded-sm px-px py-[0.2rem]\">Visok protok uz nisku potro\u0161nju energije, idealno za srednje i velike bazene.<\/span>\u200b<\/p>\n<\/li>\n<li class=\"\" data-start=\"1435\" data-end=\"1538\">\n<p class=\"\" data-start=\"1437\" data-end=\"1538\"><strong data-start=\"1437\" data-end=\"1452\">Pouzdanost:<\/strong> <span class=\"relative -mx-px my-[-0.2rem] rounded-sm px-px py-[0.2rem]\">Kvalitetni materijali i za\u0161tita od preoptere\u0107enja osiguravaju dug vek trajanja i bezbedan rad.<\/span>\u200b<\/p>\n<\/li>\n<li class=\"\" data-start=\"1540\" data-end=\"1656\">\n<p class=\"\" data-start=\"1542\" data-end=\"1656\"><strong data-start=\"1542\" data-end=\"1570\">Jednostavna instalacija:<\/strong> <span class=\"relative -mx-px my-[-0.2rem] rounded-sm px-px py-[0.2rem]\">Univerzalni priklju\u010dci i samousisna sposobnost omogu\u0107avaju laku i fleksibilnu instalaciju.<\/span><\/p>\n<\/li>\n<\/ul>\n","protected":false},"excerpt":{"rendered":"<p>\u200b<span class=\"relative -mx-px my-[-0.2rem] rounded-sm px-px py-[0.2rem]\"><strong data-start=\"0\" data-end=\"28\" data-is-only-node=\"\">Emaux Super Power SPH075<\/strong> je samousisna pumpa sa protokom od 12,5 m\u00b3\/h i snagom od 0,75 KS (0,75 kW), dizajnirana za efikasnu recirkulaciju i filtraciju vode u srednjim rezidencijalnim bazenima.<\/span><\/p>\n","protected":false},"featured_media":22905,"template":"","meta":[],"product_brand":[],"product_cat":[4953],"product_tag":[],"class_list":{"0":"post-22904","1":"product","2":"type-product","3":"status-publish","4":"has-post-thumbnail","6":"product_cat-pumpe-za-bazene","8":"first","9":"instock","10":"sold-individually","11":"purchasable","12":"product-type-simple"},"_links":{"self":[{"href":"https:\/\/hidroterm.dmcsrbija.com\/ru\/wp-json\/wp\/v2\/product\/22904","targetHints":{"allow":["GET"]}}],"collection":[{"href":"https:\/\/hidroterm.dmcsrbija.com\/ru\/wp-json\/wp\/v2\/product"}],"about":[{"href":"https:\/\/hidroterm.dmcsrbija.com\/ru\/wp-json\/wp\/v2\/types\/product"}],"wp:featuredmedia":[{"embeddable":true,"href":"https:\/\/hidroterm.dmcsrbija.com\/ru\/wp-json\/wp\/v2\/media\/22905"}],"wp:attachment":[{"href":"https:\/\/hidroterm.dmcsrbija.com\/ru\/wp-json\/wp\/v2\/media?parent=22904"}],"wp:term":[{"taxonomy":"product_brand","embeddable":true,"href":"https:\/\/hidroterm.dmcsrbija.com\/ru\/wp-json\/wp\/v2\/product_brand?post=22904"},{"taxonomy":"product_cat","embeddable":true,"href":"https:\/\/hidroterm.dmcsrbija.com\/ru\/wp-json\/wp\/v2\/product_cat?post=22904"},{"taxonomy":"product_tag","embeddable":true,"href":"https:\/\/hidroterm.dmcsrbija.com\/ru\/wp-json\/wp\/v2\/product_tag?post=22904"}],"curies":[{"name":"wp","href":"https:\/\/api.w.org\/{rel}","templated":true}]}}