{"id":22900,"date":"2026-03-18T08:31:19","date_gmt":"2026-03-18T07:31:19","guid":{"rendered":"https:\/\/hidroterm.dmcsrbija.com\/proizvod\/filter-emaux-p-serija-top-78-m3-h-fi450mm-outlet-6-4-p450-45kg\/"},"modified":"2026-03-18T08:31:26","modified_gmt":"2026-03-18T07:31:26","slug":"filter-emaux-p-serija-top-78-m3-h-fi450mm-outlet-6-4-p450-45kg","status":"publish","type":"product","link":"https:\/\/hidroterm.dmcsrbija.com\/ru\/proizvod\/filter-emaux-p-serija-top-78-m3-h-fi450mm-outlet-6-4-p450-45kg\/","title":{"rendered":"Filter Emaux P Serija Top 7,8 m3\/h fi450mm outlet 6\/4&#8243; P450 &#8211; 45kg"},"content":{"rendered":"<p class=\"\" data-start=\"70\" data-end=\"328\">P serije filtera su dizajnirane da podnesu dugotrajnu izlo\u017eenost sun\u010devoj svetlosti. Rezervoar od UV-otpornog polietilena (HDPE) vrlo je cenjen u industriji, ne samo zbog izdr\u017eljivosti materijala, ve\u0107 i zbog pouzdane performanse i ekonomske efikasnosti.<\/p>\n<p class=\"\" data-start=\"330\" data-end=\"359\"><strong data-start=\"330\" data-end=\"358\">Karakteristike proizvoda<\/strong>:<\/p>\n<ul data-start=\"360\" data-end=\"654\">\n<li class=\"\" data-start=\"360\" data-end=\"420\">\n<p class=\"\" data-start=\"362\" data-end=\"420\"><strong data-start=\"362\" data-end=\"386\">Materijal rezervoara<\/strong>: HDPE (polietilen visoke gustine)<\/p>\n<\/li>\n<li class=\"\" data-start=\"421\" data-end=\"470\">\n<p class=\"\" data-start=\"423\" data-end=\"470\"><strong data-start=\"423\" data-end=\"452\">Maksimalni radni pritisak<\/strong>: 28 psi \/ 2.0 bar<\/p>\n<\/li>\n<li class=\"\" data-start=\"471\" data-end=\"513\">\n<p class=\"\" data-start=\"473\" data-end=\"513\"><strong data-start=\"473\" data-end=\"499\">Maksimalna temperatura<\/strong>: 40\u00b0C (104\u00b0F)<\/p>\n<\/li>\n<li class=\"\" data-start=\"514\" data-end=\"570\">\n<p class=\"\" data-start=\"516\" data-end=\"570\"><strong data-start=\"516\" data-end=\"557\">6-pozicioni klampski multiport ventil<\/strong> (1.5\u201d MPV01)<\/p>\n<\/li>\n<li class=\"\" data-start=\"571\" data-end=\"593\">\n<p class=\"\" data-start=\"573\" data-end=\"593\"><strong data-start=\"573\" data-end=\"593\">Lateralni sistem<\/strong><\/p>\n<\/li>\n<li class=\"\" data-start=\"594\" data-end=\"609\">\n<p class=\"\" data-start=\"596\" data-end=\"609\"><strong data-start=\"596\" data-end=\"609\">Manometar<\/strong><\/p>\n<\/li>\n<li class=\"\" data-start=\"610\" data-end=\"654\">\n<p class=\"\" data-start=\"612\" data-end=\"654\"><strong data-start=\"612\" data-end=\"654\">Univerzalna standardna priklju\u010dna veza<\/strong><\/p>\n<\/li>\n<\/ul>\n<p class=\"\" data-start=\"656\" data-end=\"851\">Ovi filteri su idealni za dugoro\u010dnu i efikasnu upotrebu u razli\u010ditim industrijskim i komercijalnim primenama. Sa HDPE tankom, mo\u017eete biti sigurni da \u0107e proizvod trajati, \u010dak i u te\u0161kim uslovima.<\/p>\n<p>Da bi voda u bazenu bila kristalno \u010dista, pored upotrebe hemije, potrebno je svakodnevno vr\u0161iti filtraciju vode uz pomo\u0107 pe\u0161\u010danog filtera.<\/p>\n<p>Od ispuna se moze koristiti kvarcni pesak, filtraciono staklo ili zeolit.<\/p>\n<p>Potrebna koli\u010dina ispune je 45kg.<\/p>\n<p>Za \u010detiri sata pro\u010disti svu vodu iz bazena.<\/p>\n<p>Mo\u017ee biti postavljen ispod nivoa vode ili iznad.<\/p>\n<p>Na njemu se postavlja \u0161estopolo\u017eajni ventil koji slu\u017ei kao ure\u0111aj za upravljanje radom filtera.<\/p>\n<p><span style=\"color: #ff0000\"><em>*Na sve Emaux filtere, filter setove, pumpe i blovere mogu\u0107e je produ\u017eiti garanciju sa 2 na 5 godina uz doplatu od 100e (cena je bez PDV-a).<\/em><\/span><\/p>","protected":false},"excerpt":{"rendered":"<p>P serije filtera sa UV-otpornim HDPE rezervoarom pru\u017eaju dugotrajnu, efikasnu filtraciju vode u bazenima uz minimalnu potrebu za odr\u017eavanjem.<\/p>","protected":false},"featured_media":22901,"template":"","meta":[],"product_brand":[],"product_cat":[15],"product_tag":[],"class_list":{"0":"post-22900","1":"product","2":"type-product","3":"status-publish","4":"has-post-thumbnail","6":"product_cat-uncategorized","8":"first","9":"instock","10":"sold-individually","11":"purchasable","12":"product-type-simple"},"_links":{"self":[{"href":"https:\/\/hidroterm.dmcsrbija.com\/ru\/wp-json\/wp\/v2\/product\/22900","targetHints":{"allow":["GET"]}}],"collection":[{"href":"https:\/\/hidroterm.dmcsrbija.com\/ru\/wp-json\/wp\/v2\/product"}],"about":[{"href":"https:\/\/hidroterm.dmcsrbija.com\/ru\/wp-json\/wp\/v2\/types\/product"}],"wp:featuredmedia":[{"embeddable":true,"href":"https:\/\/hidroterm.dmcsrbija.com\/ru\/wp-json\/wp\/v2\/media\/22901"}],"wp:attachment":[{"href":"https:\/\/hidroterm.dmcsrbija.com\/ru\/wp-json\/wp\/v2\/media?parent=22900"}],"wp:term":[{"taxonomy":"product_brand","embeddable":true,"href":"https:\/\/hidroterm.dmcsrbija.com\/ru\/wp-json\/wp\/v2\/product_brand?post=22900"},{"taxonomy":"product_cat","embeddable":true,"href":"https:\/\/hidroterm.dmcsrbija.com\/ru\/wp-json\/wp\/v2\/product_cat?post=22900"},{"taxonomy":"product_tag","embeddable":true,"href":"https:\/\/hidroterm.dmcsrbija.com\/ru\/wp-json\/wp\/v2\/product_tag?post=22900"}],"curies":[{"name":"wp","href":"https:\/\/api.w.org\/{rel}","templated":true}]}}