{"id":22894,"date":"2026-03-18T08:31:19","date_gmt":"2026-03-18T07:31:19","guid":{"rendered":"https:\/\/hidroterm.dmcsrbija.com\/proizvod\/diacal-odstranjivac-kamenca-u-bazenu-1l\/"},"modified":"2026-03-18T08:31:24","modified_gmt":"2026-03-18T07:31:24","slug":"diacal-odstranjivac-kamenca-u-bazenu-1l","status":"publish","type":"product","link":"https:\/\/hidroterm.dmcsrbija.com\/ru\/proizvod\/diacal-odstranjivac-kamenca-u-bazenu-1l\/","title":{"rendered":"Diacal odstranjiva\u010d kamenca u bazenu 1l"},"content":{"rendered":"<h3 class=\"\" data-start=\"139\" data-end=\"186\"><strong data-start=\"143\" data-end=\"186\">Diacal \u2013 Odstranjiva\u010d kamenca za bazene<\/strong><\/h3>\n<p class=\"\" data-start=\"188\" data-end=\"403\"><strong data-start=\"188\" data-end=\"198\">Diacal<\/strong> je specijalno formulisano sredstvo za <strong data-start=\"237\" data-end=\"291\">efikasno uklanjanje i prevenciju stvaranja kamenca<\/strong> u filterima, cevima i na zidovima bazena, \u010dime produ\u017eava vek trajanja opreme i odr\u017eava optimalan kvalitet vode.<\/p>\n<p class=\"\" data-start=\"405\" data-end=\"433\"><strong data-start=\"408\" data-end=\"433\">Uputstvo za upotrebu:<\/strong><\/p>\n<ul data-start=\"435\" data-end=\"607\">\n<li class=\"\" data-start=\"435\" data-end=\"534\">\n<p class=\"\" data-start=\"437\" data-end=\"534\"><strong data-start=\"437\" data-end=\"457\">Po\u010detni tretman:<\/strong><br data-start=\"457\" data-end=\"460\" \/>Dodajte <strong data-start=\"470\" data-end=\"508\">3\u20135 litara Diacal-a na 100 m\u00b3 vode<\/strong> (<em data-start=\"510\" data-end=\"532\">ili 0,5\u20131 l na 20 m\u00b3<\/em>).<\/p>\n<\/li>\n<li class=\"\" data-start=\"536\" data-end=\"607\">\n<p class=\"\" data-start=\"538\" data-end=\"607\"><strong data-start=\"538\" data-end=\"553\">Odr\u017eavanje:<\/strong><br data-start=\"553\" data-end=\"556\" \/>Dodajte <strong data-start=\"566\" data-end=\"606\">0,5 l na 100 m\u00b3 vode jednom nedeljno<\/strong>.<\/p>\n<\/li>\n<\/ul>\n<p class=\"\" data-start=\"609\" data-end=\"707\">Sredstvo se sipa <strong data-start=\"628\" data-end=\"647\">du\u017e ruba bazena<\/strong> u ve\u010dernjim satima, <strong data-start=\"668\" data-end=\"685\">nakon kupanja<\/strong>, za optimalan efekat.<\/p>\n<p class=\"\" data-start=\"714\" data-end=\"805\"><strong data-start=\"717\" data-end=\"805\">Dodajte u korpu i za\u0161titite svoj bazen i opremu od kamenca \u2013 jednostavno i efikasno!<\/strong><\/p>","protected":false},"excerpt":{"rendered":"<p>Diacal je efikasno sredstvo za uklanjanje i spre\u010davanje kamenca u bazenima, filterima i cevima, koje se jednostavno dozira du\u017e ruba bazena u ve\u010dernjim satima.<\/p>","protected":false},"featured_media":22895,"template":"","meta":[],"product_brand":[],"product_cat":[4986,5000],"product_tag":[],"class_list":{"0":"post-22894","1":"product","2":"type-product","3":"status-publish","4":"has-post-thumbnail","6":"product_cat-hemija-za-bazene-bazeni","7":"product_cat-hemija-za-letnje-odrzavanje-bazena","9":"first","10":"instock","11":"sold-individually","12":"purchasable","13":"product-type-simple"},"_links":{"self":[{"href":"https:\/\/hidroterm.dmcsrbija.com\/ru\/wp-json\/wp\/v2\/product\/22894","targetHints":{"allow":["GET"]}}],"collection":[{"href":"https:\/\/hidroterm.dmcsrbija.com\/ru\/wp-json\/wp\/v2\/product"}],"about":[{"href":"https:\/\/hidroterm.dmcsrbija.com\/ru\/wp-json\/wp\/v2\/types\/product"}],"wp:featuredmedia":[{"embeddable":true,"href":"https:\/\/hidroterm.dmcsrbija.com\/ru\/wp-json\/wp\/v2\/media\/22895"}],"wp:attachment":[{"href":"https:\/\/hidroterm.dmcsrbija.com\/ru\/wp-json\/wp\/v2\/media?parent=22894"}],"wp:term":[{"taxonomy":"product_brand","embeddable":true,"href":"https:\/\/hidroterm.dmcsrbija.com\/ru\/wp-json\/wp\/v2\/product_brand?post=22894"},{"taxonomy":"product_cat","embeddable":true,"href":"https:\/\/hidroterm.dmcsrbija.com\/ru\/wp-json\/wp\/v2\/product_cat?post=22894"},{"taxonomy":"product_tag","embeddable":true,"href":"https:\/\/hidroterm.dmcsrbija.com\/ru\/wp-json\/wp\/v2\/product_tag?post=22894"}],"curies":[{"name":"wp","href":"https:\/\/api.w.org\/{rel}","templated":true}]}}