{"id":22892,"date":"2026-03-18T08:31:19","date_gmt":"2026-03-18T07:31:19","guid":{"rendered":"https:\/\/hidroterm.dmcsrbija.com\/proizvod\/diacomplex-odstranjivac-metala-u-bazenu-1l\/"},"modified":"2026-03-18T08:31:23","modified_gmt":"2026-03-18T07:31:23","slug":"diacomplex-odstranjivac-metala-u-bazenu-1l","status":"publish","type":"product","link":"https:\/\/hidroterm.dmcsrbija.com\/ru\/proizvod\/diacomplex-odstranjivac-metala-u-bazenu-1l\/","title":{"rendered":"Diacomplex odstranjiva\u010d metala u bazenu 1l"},"content":{"rendered":"<h3 class=\"\" data-start=\"139\" data-end=\"199\"><strong data-start=\"143\" data-end=\"199\">Diacomplex \u2013 Odstranjiva\u010d kamenca i metala za bazene<\/strong><\/h3>\n<p class=\"\" data-start=\"201\" data-end=\"535\"><strong data-start=\"201\" data-end=\"215\">Diacomplex<\/strong> je vi\u0161enamensko sredstvo koje <strong data-start=\"246\" data-end=\"274\">efikasno uklanja kamenac<\/strong> i <strong data-start=\"277\" data-end=\"314\">spre\u010dava pojavu naslaga od metala<\/strong> poput gvo\u017e\u0111a i mangana u bazenskoj vodi. Idealno je re\u0161enje za bazene sa <strong data-start=\"388\" data-end=\"414\">vodom bogatom metalima<\/strong>, jer spre\u010dava promenu boje vode i nastanak <strong data-start=\"458\" data-end=\"492\">braon mrlja na zidovima bazena<\/strong> koje nastaju u kontaktu hlora sa metalima.<\/p>\n<p class=\"\" data-start=\"537\" data-end=\"565\"><strong data-start=\"540\" data-end=\"565\">Dva u jedan proizvod:<\/strong><\/p>\n<ul data-start=\"566\" data-end=\"772\">\n<li class=\"\" data-start=\"566\" data-end=\"669\">\n<p class=\"\" data-start=\"568\" data-end=\"669\"><strong data-start=\"568\" data-end=\"593\">Anti-kamenac dejstvo:<\/strong> spre\u010dava nakupljanje kamenca na zidovima, opremi i sistemima za filtraciju.<\/p>\n<\/li>\n<li class=\"\" data-start=\"670\" data-end=\"772\">\n<p class=\"\" data-start=\"672\" data-end=\"772\"><strong data-start=\"672\" data-end=\"690\">\u010cista\u010d metala:<\/strong> neutrali\u0161e metalne okside i spre\u010dava pojavu mrlja uzrokovanih gvo\u017e\u0111em i manganom.<\/p>\n<\/li>\n<\/ul>\n<p class=\"\" data-start=\"774\" data-end=\"802\"><strong data-start=\"777\" data-end=\"802\">Uputstvo za upotrebu:<\/strong><\/p>\n<ul data-start=\"804\" data-end=\"957\">\n<li class=\"\" data-start=\"804\" data-end=\"879\">\n<p class=\"\" data-start=\"806\" data-end=\"879\"><strong data-start=\"806\" data-end=\"826\">Po\u010detni tretman:<\/strong><br data-start=\"826\" data-end=\"829\" \/>Dodajte <strong data-start=\"839\" data-end=\"878\">2 litra Diacomplex-a na 100 m\u00b3 vode<\/strong>.<\/p>\n<\/li>\n<li class=\"\" data-start=\"881\" data-end=\"957\">\n<p class=\"\" data-start=\"883\" data-end=\"957\"><strong data-start=\"883\" data-end=\"898\">Odr\u017eavanje:<\/strong><br data-start=\"898\" data-end=\"901\" \/>Dodajte <strong data-start=\"911\" data-end=\"956\">1 do 2 litra na 100 m\u00b3 vode svakih 7 dana<\/strong>.<\/p>\n<\/li>\n<\/ul>\n<p class=\"\" data-start=\"959\" data-end=\"1101\">\u00a0Preporu\u010duje se prethodno <strong data-start=\"986\" data-end=\"1017\">razbla\u017eiti u kanti sa vodom<\/strong> radi lak\u0161eg raspore\u0111ivanja po bazenu. Doziranje vr\u0161iti <strong data-start=\"1073\" data-end=\"1100\">uve\u010de, kada nema kupa\u010da<\/strong>.<\/p>\n<p class=\"\" data-start=\"1108\" data-end=\"1211\"><strong data-start=\"1111\" data-end=\"1211\">Dodajte u korpu i za\u0161titite svoj bazen od kamenca, metala i neestetskih mrlja \u2013 lako i efikasno!<\/strong><\/p>\n<p data-start=\"1108\" data-end=\"1211\"><img fetchpriority=\"high\" decoding=\"async\" class=\"alignnone size-full wp-image-29659\" src=\"https:\/\/izgradnjabazena.rs\/wp-content\/uploads\/2022\/06\/Diacomplex.png\" alt=\"\" width=\"1080\" height=\"1080\" \/><\/p>","protected":false},"excerpt":{"rendered":"<p>Diacomplex je vi\u0161enamensko sredstvo koje spre\u010dava stvaranje kamenca i metalnih naslaga u bazenima, neutralizuje gvo\u017e\u0111e i mangan u vodi, te \u0161titi bazen i opremu od mrlja i o\u0161te\u0107enja.<\/p>","protected":false},"featured_media":22893,"template":"","meta":[],"product_brand":[],"product_cat":[4986,5000],"product_tag":[],"class_list":{"0":"post-22892","1":"product","2":"type-product","3":"status-publish","4":"has-post-thumbnail","6":"product_cat-hemija-za-bazene-bazeni","7":"product_cat-hemija-za-letnje-odrzavanje-bazena","9":"first","10":"instock","11":"sold-individually","12":"purchasable","13":"product-type-simple"},"_links":{"self":[{"href":"https:\/\/hidroterm.dmcsrbija.com\/ru\/wp-json\/wp\/v2\/product\/22892","targetHints":{"allow":["GET"]}}],"collection":[{"href":"https:\/\/hidroterm.dmcsrbija.com\/ru\/wp-json\/wp\/v2\/product"}],"about":[{"href":"https:\/\/hidroterm.dmcsrbija.com\/ru\/wp-json\/wp\/v2\/types\/product"}],"wp:featuredmedia":[{"embeddable":true,"href":"https:\/\/hidroterm.dmcsrbija.com\/ru\/wp-json\/wp\/v2\/media\/22893"}],"wp:attachment":[{"href":"https:\/\/hidroterm.dmcsrbija.com\/ru\/wp-json\/wp\/v2\/media?parent=22892"}],"wp:term":[{"taxonomy":"product_brand","embeddable":true,"href":"https:\/\/hidroterm.dmcsrbija.com\/ru\/wp-json\/wp\/v2\/product_brand?post=22892"},{"taxonomy":"product_cat","embeddable":true,"href":"https:\/\/hidroterm.dmcsrbija.com\/ru\/wp-json\/wp\/v2\/product_cat?post=22892"},{"taxonomy":"product_tag","embeddable":true,"href":"https:\/\/hidroterm.dmcsrbija.com\/ru\/wp-json\/wp\/v2\/product_tag?post=22892"}],"curies":[{"name":"wp","href":"https:\/\/api.w.org\/{rel}","templated":true}]}}