{"id":22890,"date":"2026-03-18T08:31:19","date_gmt":"2026-03-18T07:31:19","guid":{"rendered":"https:\/\/hidroterm.dmcsrbija.com\/proizvod\/netafiltros-super-cistac-filtera-za-bazene-1l\/"},"modified":"2026-03-18T08:31:23","modified_gmt":"2026-03-18T07:31:23","slug":"netafiltros-super-cistac-filtera-za-bazene-1l","status":"publish","type":"product","link":"https:\/\/hidroterm.dmcsrbija.com\/ru\/proizvod\/netafiltros-super-cistac-filtera-za-bazene-1l\/","title":{"rendered":"Netafiltros Super \u010dista\u010d filtera za bazene 1l"},"content":{"rendered":"<p class=\"\" data-start=\"79\" data-end=\"282\"><strong data-start=\"79\" data-end=\"117\">NETAFILTROS \u2013 Super \u010dista\u010d filtera<\/strong><br data-start=\"117\" data-end=\"120\" \/>Sna\u017eno sredstvo za \u010di\u0161\u0107enje, dezinfekciju i odr\u017eavanje filtracionih ure\u0111aja u bazenima, koje produ\u017eava vek trajanja opreme i obezbe\u0111uje optimalan kvalitet vode.<\/p>\n<p class=\"\" data-start=\"284\" data-end=\"299\"><strong data-start=\"284\" data-end=\"297\">Upotreba:<\/strong><\/p>\n<ul data-start=\"300\" data-end=\"606\">\n<li class=\"\" data-start=\"300\" data-end=\"459\">\n<p class=\"\" data-start=\"302\" data-end=\"459\"><strong data-start=\"302\" data-end=\"324\">Na po\u010detku sezone:<\/strong> Dodati 10 litara NETAFILTROS sredstva na svakih 100 m\u00b3 vode radi dubinskog \u010di\u0161\u0107enja unutra\u0161njosti filtera i sistema za tretman vode.<\/p>\n<\/li>\n<li class=\"\" data-start=\"460\" data-end=\"544\">\n<p class=\"\" data-start=\"462\" data-end=\"544\"><strong data-start=\"462\" data-end=\"484\">Zimsko odr\u017eavanje:<\/strong> Dodati 5 litara na svakih 100 m\u00b3 vode (1 litar na 20 m\u00b3).<\/p>\n<\/li>\n<li class=\"\" data-start=\"545\" data-end=\"606\">\n<p class=\"\" data-start=\"547\" data-end=\"606\"><strong data-start=\"547\" data-end=\"564\">Za recikla\u017eu:<\/strong> Rastvoriti 50 ml sredstva u 1 litar vode.<\/p>\n<\/li>\n<\/ul>","protected":false},"excerpt":{"rendered":"<p>Sna\u017eno sredstvo za \u010di\u0161\u0107enje i dezinfekciju filtera koje produ\u017eava vek trajanja opreme i obezbe\u0111uje \u010distu i sigurnu bazensku vodu tokom cele sezone.<\/p>","protected":false},"featured_media":22891,"template":"","meta":[],"product_brand":[],"product_cat":[4986,5000],"product_tag":[],"class_list":{"0":"post-22890","1":"product","2":"type-product","3":"status-publish","4":"has-post-thumbnail","6":"product_cat-hemija-za-bazene-bazeni","7":"product_cat-hemija-za-letnje-odrzavanje-bazena","9":"first","10":"instock","11":"sold-individually","12":"purchasable","13":"product-type-simple"},"_links":{"self":[{"href":"https:\/\/hidroterm.dmcsrbija.com\/ru\/wp-json\/wp\/v2\/product\/22890","targetHints":{"allow":["GET"]}}],"collection":[{"href":"https:\/\/hidroterm.dmcsrbija.com\/ru\/wp-json\/wp\/v2\/product"}],"about":[{"href":"https:\/\/hidroterm.dmcsrbija.com\/ru\/wp-json\/wp\/v2\/types\/product"}],"wp:featuredmedia":[{"embeddable":true,"href":"https:\/\/hidroterm.dmcsrbija.com\/ru\/wp-json\/wp\/v2\/media\/22891"}],"wp:attachment":[{"href":"https:\/\/hidroterm.dmcsrbija.com\/ru\/wp-json\/wp\/v2\/media?parent=22890"}],"wp:term":[{"taxonomy":"product_brand","embeddable":true,"href":"https:\/\/hidroterm.dmcsrbija.com\/ru\/wp-json\/wp\/v2\/product_brand?post=22890"},{"taxonomy":"product_cat","embeddable":true,"href":"https:\/\/hidroterm.dmcsrbija.com\/ru\/wp-json\/wp\/v2\/product_cat?post=22890"},{"taxonomy":"product_tag","embeddable":true,"href":"https:\/\/hidroterm.dmcsrbija.com\/ru\/wp-json\/wp\/v2\/product_tag?post=22890"}],"curies":[{"name":"wp","href":"https:\/\/api.w.org\/{rel}","templated":true}]}}