{"id":22888,"date":"2026-03-18T08:31:19","date_gmt":"2026-03-18T07:31:19","guid":{"rendered":"https:\/\/hidroterm.dmcsrbija.com\/proizvod\/neta-inox-super-cistac-inoxa-1l\/"},"modified":"2026-03-18T08:31:22","modified_gmt":"2026-03-18T07:31:22","slug":"neta-inox-super-cistac-inoxa-1l","status":"publish","type":"product","link":"https:\/\/hidroterm.dmcsrbija.com\/ru\/proizvod\/neta-inox-super-cistac-inoxa-1l\/","title":{"rendered":"Neta Inox Super \u010dista\u010d Inoxa 1l"},"content":{"rendered":"<h3 class=\"\" data-start=\"86\" data-end=\"163\"><strong data-start=\"90\" data-end=\"163\">NETA INOX \u2013 Sredstvo za \u010di\u0161\u0107enje i poliranje ner\u0111aju\u0107eg \u010delika (inox)<\/strong><\/h3>\n<p class=\"\" data-start=\"165\" data-end=\"351\"><strong data-start=\"165\" data-end=\"178\">NETA INOX<\/strong> je specijalno formulisano sredstvo namenjeno za <strong data-start=\"227\" data-end=\"287\">efikasno uklanjanje ne\u010disto\u0107a i naslaga sa inox povr\u0161ina<\/strong> poput merdevina, tu\u0161eva, slavina i drugih elemenata oko bazena.<\/p>\n<p class=\"\" data-start=\"353\" data-end=\"494\">Rastvara i uklanja <strong data-start=\"372\" data-end=\"432\">naslage kamenca, karbonata, fosfata, metala i hidroksida<\/strong>, obnavljaju\u0107i sjaj i \u010disto\u0107u ner\u0111aju\u0107eg \u010delika bez o\u0161te\u0107enja.<\/p>\n<h4 class=\"\" data-start=\"501\" data-end=\"521\"><strong data-start=\"506\" data-end=\"521\">Idealno za:<\/strong><\/h4>\n<ul data-start=\"522\" data-end=\"621\">\n<li class=\"\" data-start=\"522\" data-end=\"550\">\n<p class=\"\" data-start=\"524\" data-end=\"550\">Inox merdevine i rukohvate<\/p>\n<\/li>\n<li class=\"\" data-start=\"551\" data-end=\"569\">\n<p class=\"\" data-start=\"553\" data-end=\"569\">Slavine i tu\u0161eve<\/p>\n<\/li>\n<li class=\"\" data-start=\"570\" data-end=\"621\">\n<p class=\"\" data-start=\"572\" data-end=\"621\">Filtere, stepenice i druge inox delove oko bazena<\/p>\n<\/li>\n<\/ul>\n<h4 class=\"\" data-start=\"628\" data-end=\"658\"><strong data-start=\"633\" data-end=\"658\">Uputstvo za upotrebu:<\/strong><\/h4>\n<p class=\"\" data-start=\"659\" data-end=\"861\">Sredstvo naneti <strong data-start=\"675\" data-end=\"698\">prskanjem ili krpom<\/strong>, a zatim obrisati zaprljanu povr\u0161inu. Po potrebi, tretman ponoviti.<br data-start=\"766\" data-end=\"769\" \/><strong data-start=\"769\" data-end=\"799\">Ne koristiti bazensku vodu<\/strong> za \u010di\u0161\u0107enje. Izbegavati kontakt sa o\u0161te\u0107enim inox povr\u0161inama.<\/p>\n<p class=\"\" data-start=\"868\" data-end=\"956\"><strong data-start=\"871\" data-end=\"956\">Vratite sjaj inox povr\u0161inama uz NETA INOX \u2013 pouzdano sredstvo za bazensku opremu!<\/strong><\/p>","protected":false},"excerpt":{"rendered":"<p>NETA INOX je specijalno sredstvo za efikasno \u010di\u0161\u0107enje i poliranje ner\u0111aju\u0107eg \u010delika na bazenskoj opremi, poput merdevina, tu\u0161eva i slavina, uz uklanjanje kamenca i drugih ne\u010disto\u0107a.<\/p>","protected":false},"featured_media":22889,"template":"","meta":[],"product_brand":[],"product_cat":[4986,5000],"product_tag":[],"class_list":{"0":"post-22888","1":"product","2":"type-product","3":"status-publish","4":"has-post-thumbnail","6":"product_cat-hemija-za-bazene-bazeni","7":"product_cat-hemija-za-letnje-odrzavanje-bazena","9":"first","10":"instock","11":"sold-individually","12":"purchasable","13":"product-type-simple"},"_links":{"self":[{"href":"https:\/\/hidroterm.dmcsrbija.com\/ru\/wp-json\/wp\/v2\/product\/22888","targetHints":{"allow":["GET"]}}],"collection":[{"href":"https:\/\/hidroterm.dmcsrbija.com\/ru\/wp-json\/wp\/v2\/product"}],"about":[{"href":"https:\/\/hidroterm.dmcsrbija.com\/ru\/wp-json\/wp\/v2\/types\/product"}],"wp:featuredmedia":[{"embeddable":true,"href":"https:\/\/hidroterm.dmcsrbija.com\/ru\/wp-json\/wp\/v2\/media\/22889"}],"wp:attachment":[{"href":"https:\/\/hidroterm.dmcsrbija.com\/ru\/wp-json\/wp\/v2\/media?parent=22888"}],"wp:term":[{"taxonomy":"product_brand","embeddable":true,"href":"https:\/\/hidroterm.dmcsrbija.com\/ru\/wp-json\/wp\/v2\/product_brand?post=22888"},{"taxonomy":"product_cat","embeddable":true,"href":"https:\/\/hidroterm.dmcsrbija.com\/ru\/wp-json\/wp\/v2\/product_cat?post=22888"},{"taxonomy":"product_tag","embeddable":true,"href":"https:\/\/hidroterm.dmcsrbija.com\/ru\/wp-json\/wp\/v2\/product_tag?post=22888"}],"curies":[{"name":"wp","href":"https:\/\/api.w.org\/{rel}","templated":true}]}}